{"id":9928,"date":"2025-01-27T15:39:02","date_gmt":"2025-01-27T14:39:02","guid":{"rendered":"https:\/\/finatnew.newhosting.intellijam.com\/prodotto\/nastro-adesivo-transfer-3m-465\/"},"modified":"2025-11-26T12:02:43","modified_gmt":"2025-11-26T11:02:43","slug":"nastro-adesivo-transfer-3m-465","status":"publish","type":"product","link":"https:\/\/finatsrl.it\/fr\/product\/nastro-adesivo-transfer-3m-465\/","title":{"rendered":"Nastro adesivo transfer 3M 465"},"content":{"rendered":"<div class=\"product-bullet-block\">\n<div class=\"bullet n1\">Fornisce un legame pulito e permanento su molti materiali leggeri<\/div>\n<div class=\"bullet n2\">Eccellente adesione iniziale per una migliore performance<\/div>\n<div class=\"bullet n3\">Si lega bene alle superfici lisce e moderatamente ruvide<\/div>\n<div class=\"bullet n4\">Offre una buona resistenza ai raggi UV e ai solventi<\/div>\n<div class=\"bullet n5\">Si adatta facilmente a curve e contorni<\/div>\n<div class=\"bullet n6\"><\/div>\n<div class=\"bullet n7\"><\/div>\n<\/div>\n<div class=\"product-description-block\">\n<div class=\"short\">Il nastro adesivo transfer 3M 465 aderisce in modo rapido e permanente a una vasta gamma di materiali tra cui carta non patinata e patinata, cartoncino, cartone, stuoie, tessuti leggeri, fogli, plastica flessibile e cartone espanso. Offrendo un&rsquo;adesione elevata e un&rsquo;eccellente resistenza ai raggi UV, si lega facilmente a superfici difficili, varie e strutturate, comprese le aree con elevata umidit\u00e0 e luce solare.<\/div>\n<div class=\"extended\">Soluzione per scopi generici per applicazioni leggere. Offre un legame pulito e permanente con una variet\u00e0 di materiali come carta patinata e non, tessuti leggeri, pellicole, plastica flessibile e pannelli in schiuma.<\/div>\n<\/div>\n","protected":false},"excerpt":{"rendered":"<p>Il nastro adesivo transfer 3M 465 aderisce in modo rapido e permanente a una vasta gamma di materiali tra cui carta non patinata e patinata, cartoncino, cartone, stuoie, tessuti leggeri, fogli, plastica flessibile e cartone espanso. Offrendo un&rsquo;adesione elevata e un&rsquo;eccellente resistenza ai raggi UV, si lega facilmente a superfici difficili, varie e strutturate, comprese le aree con elevata umidit\u00e0 e luce solare.<\/p>\n","protected":false},"featured_media":7864,"template":"","meta":{"_acf_changed":false},"product_brand":[3337],"product_cat":[29,786],"product_tag":[1180,1101,1181,1197,1196,1182],"class_list":{"0":"post-9928","1":"product","2":"type-product","3":"status-publish","4":"has-post-thumbnail","6":"product_brand-3m","7":"product_cat-adesivi-e-nastri-industriali","8":"product_cat-nastri-biadesivi-sottili","9":"product_tag-biadesivo-acrilico","10":"product_tag-nastro-biadesivo","11":"product_tag-nastro-biadesivo-resistente","12":"product_tag-non-supportato","13":"product_tag-transfer","14":"product_tag-viscoelastico","16":"first","17":"instock","18":"product-type-simple"},"acf":{"short_description":"Il nastro adesivo transfer 3M 465 \u00e8 la soluzione ideale per applicazioni industriali che richiedono un'adesione di alta qualit\u00e0. Scegli la nostra affidabilit\u00e0 per risultati impeccabili.","long_description":"<p>Il nastro adesivo transfer 3M 465 \u00e8 un prodotto di eccellenza nel settore degli adesivi e nastri industriali, progettato per garantire prestazioni superiori in una variet\u00e0 di applicazioni. Con uno spessore di soli 0,1 mm, questo nastro biadesivo sottile offre una forte adesione su superfici difficili e una facilit\u00e0 d'uso senza pari. Grazie alla sua formula innovativa, il 3M 465 \u00e8 perfetto per l'assemblaggio di materiali leggeri come plastica, metallo e carta, rendendolo una scelta versatile per molteplici settori.<\/p>\n<p>Realizzato con una tecnologia avanzata, questo nastro adesivo presenta un supporto in carta siliconata che facilita l'applicazione e riduce il rischio di errori. La resistenza agli agenti chimici e ai raggi UV lo rende ideale per utilizzi sia interni che esterni. Inoltre, il nastro 3M 465 \u00e8 in grado di resistere a temperature elevate, mantenendo la sua adesione anche in condizioni estreme.<\/p>\n<p>Un altro vantaggio del nastro adesivo transfer 3M 465 \u00e8 la sua trasparenza, che consente di effettuare applicazioni invisibili senza compromettere l'estetica finale del lavoro. Questo lo rende la scelta perfetta per progetti di alta precisione e finitura. La facilit\u00e0 di rimozione senza residui adesivi lo rende particolarmente apprezzato in ambito industriale, dove la pulizia e la precisione sono fondamentali.<\/p>\n<p>Scegliere il nastro adesivo transfer 3M 465 significa investire in qualit\u00e0 e affidabilit\u00e0, con l'assicurazione di risultati ottimali. Non lasciare nulla al caso: la tua attivit\u00e0 merita solo il meglio. Acquista ora e scopri come il nastro adesivo transfer 3M 465 pu\u00f2 migliorare le tue operazioni quotidiane!<\/p>","feature_1":"Spessore di 0,1 mm per un'adesione discreta e potente","feature_2":"Supporto in carta siliconata per un'applicazione facile e veloce","feature_3":"Resistenza a temperature elevate fino a 120\u00b0C","feature_4":"Eccellente adesione su materiali leggeri come plastica e metallo","feature_5":"Resistente a sostanze chimiche e raggi UV","feature_6":"Trasparente per applicazioni invisibili e di alta precisione","feature_7":"Rimozione senza residui adesivi, mantenendo le superfici pulite","feature_8":"Ideale per applicazioni sia interne che esterne","feature_9":"Versatile per molteplici settori industriali","feature_10":"Certificato secondo gli standard di qualit\u00e0 3M per garantire prestazioni superiori"},"_links":{"self":[{"href":"https:\/\/finatsrl.it\/fr\/wp-json\/wp\/v2\/product\/9928","targetHints":{"allow":["GET"]}}],"collection":[{"href":"https:\/\/finatsrl.it\/fr\/wp-json\/wp\/v2\/product"}],"about":[{"href":"https:\/\/finatsrl.it\/fr\/wp-json\/wp\/v2\/types\/product"}],"wp:featuredmedia":[{"embeddable":true,"href":"https:\/\/finatsrl.it\/fr\/wp-json\/wp\/v2\/media\/7864"}],"wp:attachment":[{"href":"https:\/\/finatsrl.it\/fr\/wp-json\/wp\/v2\/media?parent=9928"}],"wp:term":[{"taxonomy":"product_brand","embeddable":true,"href":"https:\/\/finatsrl.it\/fr\/wp-json\/wp\/v2\/product_brand?post=9928"},{"taxonomy":"product_cat","embeddable":true,"href":"https:\/\/finatsrl.it\/fr\/wp-json\/wp\/v2\/product_cat?post=9928"},{"taxonomy":"product_tag","embeddable":true,"href":"https:\/\/finatsrl.it\/fr\/wp-json\/wp\/v2\/product_tag?post=9928"}],"curies":[{"name":"wp","href":"https:\/\/api.w.org\/{rel}","templated":true}]}}