{"id":9909,"date":"2025-01-27T15:39:02","date_gmt":"2025-01-27T14:39:02","guid":{"rendered":"https:\/\/finatnew.newhosting.intellijam.com\/prodotto\/nastro-da-imballo-rinforzato-senza-residui-scotch-8915b\/"},"modified":"2025-11-11T16:23:00","modified_gmt":"2025-11-11T15:23:00","slug":"nastro-da-imballo-rinforzato-senza-residui-scotch-8915b","status":"publish","type":"product","link":"https:\/\/finatsrl.it\/fr\/product\/nastro-da-imballo-rinforzato-senza-residui-scotch-8915b\/","title":{"rendered":"Nastro da imballo rinforzato senza residui Scotch&reg; 8915B"},"content":{"rendered":"<div class=\"product-bullet-block\">\n<div class=\"bullet n1\">Si rimuove in modo pulito e senza macchie dalla maggior parte delle finiture<\/div>\n<div class=\"bullet n2\">Elevata aderenza iniziale alla maggior parte delle fibre, materie plastiche e superfici metalliche<\/div>\n<div class=\"bullet n3\">Eccellente resistenza all&rsquo;umidit\u00e0 e ai graffi<\/div>\n<div class=\"bullet n4\">Elevata resistenza alla trazione ideale per applicazioni di reggiatura, raggruppamento e rinforzo<\/div>\n<div class=\"bullet n5\">In grado di resistere a condizioni di spedizione e gestione difficili<\/div>\n<div class=\"bullet n6\">Tollera spedizioni e condizioni di manipolazione gravose<\/div>\n<div class=\"bullet n7\"><\/div>\n<\/div>\n<div class=\"product-description-block\">\n<div class=\"short\">Il nastro filament 3M 8915 \u00e8 progettato per mantenere in posizione parti degli apparecchi e altri beni di consumo durante la produzione e la spedizione. Fornisce un&rsquo;adesione elevata su un&rsquo;ampia variet\u00e0 di substrati, si rimuove in modo pulito ed \u00e8 resistente alle macchie su alcune finiture.<\/div>\n<div class=\"extended\">Rimozione pulita del nastro filament, progettato per contenere le parti degli apparecchi e altri beni di consumo durante la produzione e la spedizione.<\/div>\n<\/div>\n","protected":false},"excerpt":{"rendered":"<p>Il nastro filament 3M 8915 \u00e8 progettato per mantenere in posizione parti degli apparecchi e altri beni di consumo durante la produzione e la spedizione. Fornisce un&rsquo;adesione elevata su un&rsquo;ampia variet\u00e0 di substrati, si rimuove in modo pulito ed \u00e8 resistente alle macchie su alcune finiture.<\/p>\n","protected":false},"featured_media":7855,"template":"","meta":{"_acf_changed":false},"product_brand":[3414],"product_cat":[29,891],"product_tag":[1248,1301],"class_list":{"0":"post-9909","1":"product","2":"type-product","3":"status-publish","4":"has-post-thumbnail","6":"product_brand-scotch","7":"product_cat-adesivi-e-nastri-industriali","8":"product_cat-nastri-rinforzati","9":"product_tag-nastro","10":"product_tag-rinforzato","11":"pa_colore-blu","13":"first","14":"instock","15":"product-type-simple"},"acf":{"short_description":"Il nastro da imballo rinforzato senza residui Scotch&reg; 8915B \u00e8 ideale per garantire una chiusura sicura e duratura, senza lasciare tracce. Perfetto per l'uso industriale.","long_description":"Il nastro da imballo rinforzato senza residui Scotch\u00ae 8915B \u00e8 la soluzione perfetta per le aziende che necessitano di un imballaggio affidabile e pulito. Progettato per resistere anche alle condizioni pi\u00f9 difficili, questo nastro offre una tenuta eccezionale su una variet\u00e0 di superfici, garantendo che i vostri pacchi rimangano ben sigillati durante il trasporto e lo stoccaggio. La sua composizione in BluGomma sintetica lo rende altamente resistente agli strappi e agli agenti atmosferici, offrendo cos\u00ec una protezione ottimale per i vostri prodotti.\r\n\r\nUna delle caratteristiche pi\u00f9 apprezzate del nastro Scotch\u00ae 8915B \u00e8 la sua capacit\u00e0 di rimuoversi senza lasciare residui appiccicosi, il che significa che non dovrete preoccuparvi di pulizie post-imballaggio. Questo \u00e8 particolarmente vantaggioso per le aziende che desiderano mantenere la loro reputazione di professionalit\u00e0 e pulizia. Inoltre, il nastro \u00e8 facilmente applicabile e si adatta perfettamente a diverse forme e dimensioni di pacchi, rendendo il processo di imballaggio pi\u00f9 rapido ed efficiente.\r\n\r\nCon uno spessore di 0,15 mm e una larghezza di 50 mm, il nastro Scotch\u00ae 8915B \u00e8 progettato per offrire la massima resistenza e durata. La sua capacit\u00e0 di adesione a temperature variabili ne aumenta la versatilit\u00e0, rendendolo ideale per l'uso in ambienti sia interni che esterni. La trasparenza del nastro permette una visibilit\u00e0 immediata del contenuto del pacco, senza compromettere l'estetica del vostro imballaggio.\r\n\r\nScegliere il nastro da imballo rinforzato senza residui Scotch\u00ae 8915B significa optare per un prodotto di alta qualit\u00e0 che non solo soddisfa, ma supera le aspettative del mercato. Perfetto per aziende di qualsiasi settore, dalle spedizioni commerciali alla logistica, questo nastro rappresenta un investimento intelligente per chi cerca soluzioni di imballaggio efficaci e professionali.","feature_1":"Composizione in BluGomma sintetica per una maggiore resistenza","feature_2":"Adesione senza residui per una pulizia post-imballaggio facile","feature_3":"Spessore di 0,15 mm per una tenuta robusta","feature_4":"Larghezza di 50 mm per un'applicazione versatile","feature_5":"Resistente a temperature variabili per uso interno ed esterno","feature_6":"Facile applicazione su diverse superfici e forme","feature_7":"Trasparente per visibilit\u00e0 immediata del contenuto","feature_8":"Ideale per imballaggio industriale e commerciale","feature_9":"Resistente agli strappi e agli agenti atmosferici","feature_10":"Design efficiente per un processo di imballaggio rapido"},"_links":{"self":[{"href":"https:\/\/finatsrl.it\/fr\/wp-json\/wp\/v2\/product\/9909","targetHints":{"allow":["GET"]}}],"collection":[{"href":"https:\/\/finatsrl.it\/fr\/wp-json\/wp\/v2\/product"}],"about":[{"href":"https:\/\/finatsrl.it\/fr\/wp-json\/wp\/v2\/types\/product"}],"wp:featuredmedia":[{"embeddable":true,"href":"https:\/\/finatsrl.it\/fr\/wp-json\/wp\/v2\/media\/7855"}],"wp:attachment":[{"href":"https:\/\/finatsrl.it\/fr\/wp-json\/wp\/v2\/media?parent=9909"}],"wp:term":[{"taxonomy":"product_brand","embeddable":true,"href":"https:\/\/finatsrl.it\/fr\/wp-json\/wp\/v2\/product_brand?post=9909"},{"taxonomy":"product_cat","embeddable":true,"href":"https:\/\/finatsrl.it\/fr\/wp-json\/wp\/v2\/product_cat?post=9909"},{"taxonomy":"product_tag","embeddable":true,"href":"https:\/\/finatsrl.it\/fr\/wp-json\/wp\/v2\/product_tag?post=9909"}],"curies":[{"name":"wp","href":"https:\/\/api.w.org\/{rel}","templated":true}]}}