{"id":9899,"date":"2025-01-27T15:39:02","date_gmt":"2025-01-27T14:39:02","guid":{"rendered":"https:\/\/finatnew.newhosting.intellijam.com\/prodotto\/adesivo-spray-a-elevata-tenuta-3m-90\/"},"modified":"2025-11-11T16:14:10","modified_gmt":"2025-11-11T15:14:10","slug":"adesivo-spray-a-elevata-tenuta-3m-90","status":"publish","type":"product","link":"https:\/\/finatsrl.it\/fr\/product\/adesivo-spray-a-elevata-tenuta-3m-90\/","title":{"rendered":"Adesivo spray a elevata tenuta 3M 90"},"content":{"rendered":"<div class=\"product-bullet-block\">\n<div class=\"bullet n1\">Adesivit\u00e0 molto aggressiva per un&rsquo;elevata presa iniziale e un tempo aperto sufficiente per posizionare correttamente i materiali<\/div>\n<div class=\"bullet n2\">Crea linee adesive morbide e non increspanti per un aspetto pulito<\/div>\n<div class=\"bullet n3\">Resistenza alle alte temperature e all&rsquo;umidit\u00e0<\/div>\n<div class=\"bullet n4\">Spruzzo a banda regolabile per maggiore controllo e minimo spreco<\/div>\n<div class=\"bullet n5\">Le applicazioni tipiche includono mobili, allestimenti espositivi, mostre, pavimenti per veicoli speciali e fabbricazione di controsoffitti<\/div>\n<div class=\"bullet n6\"><\/div>\n<div class=\"bullet n7\"><\/div>\n<\/div>\n<div class=\"product-description-block\">\n<div class=\"short\">L&rsquo;adesivo spray 3M 90 Hi-Strength \u00e8 un adesivo versatile ad asciugatura rapida che forma legami estremamente forti su una vasta gamma di materiali come metallo, legno, HPL, gomma, moquette e pavimenti.<\/div>\n<div class=\"extended\">Un adesivo versatile ad asciugatura rapida che forma legami estremamente forti su una vasta gamma di materiali come metalli, legno, HPL, gomma, moquette e pavimenti.<\/div>\n<\/div>\n","protected":false},"excerpt":{"rendered":"<p>L&rsquo;adesivo spray 3M 90 Hi-Strength \u00e8 un adesivo versatile ad asciugatura rapida che forma legami estremamente forti su una vasta gamma di materiali come metallo, legno, HPL, gomma, moquette e pavimenti.<\/p>\n","protected":false},"featured_media":7849,"template":"","meta":{"_acf_changed":false},"product_brand":[3337],"product_cat":[29,763],"product_tag":[3411,3412,1117],"class_list":{"0":"post-9899","1":"product","2":"type-product","3":"status-publish","4":"has-post-thumbnail","6":"product_brand-3m","7":"product_cat-adesivi-e-nastri-industriali","8":"product_cat-adesivi-spray-e-adesivi-a-caldo","9":"product_tag-adesivo-a-contatto","10":"product_tag-adesivo-basso-odore","11":"product_tag-fastbond","13":"first","14":"instock","15":"product-type-simple"},"acf":{"short_description":"L'adesivo spray a elevata tenuta 3M 90 \u00e8 la soluzione ideale per incollare materiali in modo rapido e duraturo. Perfetto per utilizzi industriali, garantisce prestazioni superiori.","long_description":"L'adesivo spray a elevata tenuta 3M 90 \u00e8 un prodotto di punta per chi cerca una soluzione di incollaggio affidabile e potente. Questo adesivo \u00e8 formulato con elastomero sintetico, che lo rende estremamente versatile e adatto a una vasta gamma di applicazioni industriali. Grazie alla sua elevata tenuta, \u00e8 ideale per incollare materiali come gomma, vinile, tessuti e materiali compositi, garantendo risultati eccellenti anche in condizioni di stress e in ambienti difficili.\r\n\r\nLa praticit\u00e0 dell'applicatore spray consente una distribuzione uniforme del prodotto, riducendo gli sprechi e facilitando l'applicazione. L'adesivo si asciuga rapidamente, permettendo di proseguire con il lavoro senza lunghe attese. \u00c8 resistente all'acqua e agli agenti chimici, il che lo rende perfetto per applicazioni in ambienti industriali e in situazioni di esposizione a umidit\u00e0 e sostanze aggressive.\r\n\r\nInoltre, l'adesivo 3M 90 \u00e8 progettato per offrire una resistenza alla temperatura che va da -18\u00b0C a 65\u00b0C, mantenendo la sua efficacia anche in condizioni estreme. Questo lo rende ideale per l'uso in settori come l\u2019automotive, l'industriale e il fai-da-te.\r\n\r\nLa sua formula non tossica e a basse emissioni di COV (composti organici volatili) contribuisce a un ambiente di lavoro pi\u00f9 sano e sicuro. Scegliere l'adesivo spray a elevata tenuta 3M 90 significa optare per un prodotto di alta qualit\u00e0, che non solo soddisfa le esigenze di incollaggio, ma supera le aspettative in termini di prestazioni e affidabilit\u00e0. Non lasciarti sfuggire l'opportunit\u00e0 di migliorare la tua produttivit\u00e0 con questo adesivo innovativo di Finat SRL!","feature_1":"Elevata tenuta per un incollaggio duraturo","feature_2":"Applicazione semplice e veloce grazie al formato spray","feature_3":"Formulato con elastomero sintetico per maggiore versatilit\u00e0","feature_4":"Asciugatura rapida per una ripresa immediata del lavoro","feature_5":"Resistente all'acqua per applicazioni in ambienti umidi","feature_6":"Eccellente resistenza agli agenti chimici","feature_7":"Range di temperatura operativa da -18\u00b0C a 65\u00b0C","feature_8":"Basse emissioni di COV per un ambiente di lavoro pi\u00f9 sicuro","feature_9":"Compatibile con gomma, vinile e materiali compositi","feature_10":"Perfetto per utilizzi industriali e fai-da-te"},"_links":{"self":[{"href":"https:\/\/finatsrl.it\/fr\/wp-json\/wp\/v2\/product\/9899","targetHints":{"allow":["GET"]}}],"collection":[{"href":"https:\/\/finatsrl.it\/fr\/wp-json\/wp\/v2\/product"}],"about":[{"href":"https:\/\/finatsrl.it\/fr\/wp-json\/wp\/v2\/types\/product"}],"wp:featuredmedia":[{"embeddable":true,"href":"https:\/\/finatsrl.it\/fr\/wp-json\/wp\/v2\/media\/7849"}],"wp:attachment":[{"href":"https:\/\/finatsrl.it\/fr\/wp-json\/wp\/v2\/media?parent=9899"}],"wp:term":[{"taxonomy":"product_brand","embeddable":true,"href":"https:\/\/finatsrl.it\/fr\/wp-json\/wp\/v2\/product_brand?post=9899"},{"taxonomy":"product_cat","embeddable":true,"href":"https:\/\/finatsrl.it\/fr\/wp-json\/wp\/v2\/product_cat?post=9899"},{"taxonomy":"product_tag","embeddable":true,"href":"https:\/\/finatsrl.it\/fr\/wp-json\/wp\/v2\/product_tag?post=9899"}],"curies":[{"name":"wp","href":"https:\/\/api.w.org\/{rel}","templated":true}]}}