{"id":9864,"date":"2025-01-27T15:38:32","date_gmt":"2025-01-27T14:38:32","guid":{"rendered":"https:\/\/finatnew.newhosting.intellijam.com\/prodotto\/nastro-per-la-segnaletica-di-sicurezza-3m-767\/"},"modified":"2025-11-12T19:14:25","modified_gmt":"2025-11-12T18:14:25","slug":"nastro-per-la-segnaletica-di-sicurezza-3m-767","status":"publish","type":"product","link":"https:\/\/finatsrl.it\/fr\/product\/nastro-per-la-segnaletica-di-sicurezza-3m-767\/","title":{"rendered":"Nastro per la segnaletica di sicurezza 3M 767"},"content":{"rendered":"<div class=\"product-bullet-block\">\n<div class=\"bullet n1\">Ideale per applicazioni di marcatura di sicurezza in aree a traffico limitato<\/div>\n<div class=\"bullet n2\">Marcatura di punti o ingranaggi dell&rsquo;attrezzatura a scopo di avvertimento<\/div>\n<div class=\"bullet n3\">Si applica istantaneamente ed \u00e8 subito pronto all&rsquo;uso<\/div>\n<div class=\"bullet n4\">Si estente e adatta a superfici curve e intorno agli angoli<\/div>\n<div class=\"bullet n5\">I colori vivaci sono facili da identificare nell&rsquo;ambienti di produzione<\/div>\n<div class=\"bullet n6\">Ideale per applicazioni di marcature di sicurezza in aree di traffico leggero<\/div>\n<div class=\"bullet n7\"><\/div>\n<\/div>\n<div class=\"product-description-block\">\n<div class=\"short\">Il nastro per avvertimento di pericolo per uso generico 3M 767 bianco e rosso, \u00e8 ideale per la marcatura di punti di presa o ingranaggi delle attrezzature a scopo di avvertimento. Pu\u00f2 essere utilizzato anche per la marcatura del pavimento in aree a traffico limitato e intorno ad attrezzature o sversamenti.<\/div>\n<div class=\"extended\">I nastri in vinile per uso generico a strisce rosse e bianche, ideali per la marcatura di punti di presa dell&rsquo;attrezzatura o ingranaggi a scopo di avvertimento. Pu\u00f2 essere utilizzato anche per la marcatura del pavimento in aree a traffico limitato e intorno ad attrezzature o sversamenti.<\/div>\n<\/div>\n","protected":false},"excerpt":{"rendered":"<p>Il nastro per avvertimento di pericolo per uso generico 3M 767 bianco e rosso, \u00e8 ideale per la marcatura di punti di presa o ingranaggi delle attrezzature a scopo di avvertimento. Pu\u00f2 essere utilizzato anche per la marcatura del pavimento in aree a traffico limitato e intorno ad attrezzature o sversamenti.<\/p>\n","protected":false},"featured_media":7824,"template":"","meta":{"_acf_changed":false},"product_brand":[3337],"product_cat":[29,801],"product_tag":[1376,1377,1378,1375,1373,1372,1379,1371,1374,1370],"class_list":{"0":"post-9864","1":"product","2":"type-product","3":"status-publish","4":"has-post-thumbnail","6":"product_brand-3m","7":"product_cat-adesivi-e-nastri-industriali","8":"product_cat-nastri-per-schermature-e-alte-prestazioni","9":"product_tag-codifica-dei-colori","10":"product_tag-fasciatura","11":"product_tag-marcatura-di-sicurezza","12":"product_tag-nastri-a-strisce-di-sicurezza","13":"product_tag-nastro-di-avvertimento","14":"product_tag-nastro-di-pericolo","15":"product_tag-nastro-di-riparazione","16":"product_tag-nastro-in-vinile","17":"product_tag-nastro-pvc","18":"product_tag-nastro-segnaletico-per-pavimenti","19":"pa_colore-bianco","21":"first","22":"instock","23":"product-type-simple"},"acf":{"short_description":"Il nastro per la segnaletica di sicurezza 3M 767 \u00e8 la soluzione ideale per garantire visibilit\u00e0 e sicurezza nei tuoi ambienti di lavoro. Resistente e versatile, \u00e8 perfetto per ogni esigenza industriale.","long_description":"Il nastro per la segnaletica di sicurezza 3M 767 rappresenta una scelta strategica per tutte le aziende che desiderano migliorare la sicurezza e la visibilit\u00e0 nelle proprie aree di lavoro. Realizzato con materiali di alta qualit\u00e0, questo nastro \u00e8 progettato per resistere a condizioni ambientali avverse, garantendo una performance durevole e affidabile. Grazie alla sua superficie retro riflettente, il nastro assicura una visibilit\u00e0 eccellente anche in condizioni di scarsa illuminazione, rendendolo ideale per segnaletica di emergenza, delimitazione di aree pericolose e molto altro.\r\n\r\nLe dimensioni pratiche di 50 mm di larghezza e 33 metri di lunghezza lo rendono estremamente versatile, adattandosi perfettamente a diverse applicazioni. Facile da applicare su varie superfici, il nastro aderisce in modo sicuro e duraturo, senza lasciare residui al momento della rimozione. Inoltre, il suo design in bianco e nero crea un contrasto visivo immediato, attirando l\u2019attenzione e migliorando la sicurezza in qualsiasi ambiente industriale.\r\n\r\nQuesto nastro \u00e8 perfetto per l'uso in stabilimenti, magazzini, cantieri e aree di produzione, dove la segnaletica di sicurezza \u00e8 fondamentale. Con una resistenza agli agenti atmosferici e ai solventi, il nastro 3M 767 \u00e8 progettato per durare nel tempo, mantenendo la sua efficacia anche in condizioni difficili. Scegliere il nastro per la segnaletica di sicurezza 3M 767 significa investire in una soluzione che non solo aumenta la sicurezza, ma migliora anche l\u2019efficienza operativa della tua azienda.","feature_1":"Materiale retro riflettente per massima visibilit\u00e0","feature_2":"Dimensioni di 50 mm x 33 m per adattabilit\u00e0","feature_3":"Resistente agli agenti atmosferici e ai solventi","feature_4":"Facile applicazione su diverse superfici","feature_5":"Rimozione senza residui adesivi","feature_6":"Colore bianco e nero per contrasto elevato","feature_7":"Ideale per segnaletica di emergenza","feature_8":"Performance duratura in condizioni avverse","feature_9":"Aumento della sicurezza sul luogo di lavoro","feature_10":"Certificato secondo le normative di sicurezza industriale"},"_links":{"self":[{"href":"https:\/\/finatsrl.it\/fr\/wp-json\/wp\/v2\/product\/9864","targetHints":{"allow":["GET"]}}],"collection":[{"href":"https:\/\/finatsrl.it\/fr\/wp-json\/wp\/v2\/product"}],"about":[{"href":"https:\/\/finatsrl.it\/fr\/wp-json\/wp\/v2\/types\/product"}],"wp:featuredmedia":[{"embeddable":true,"href":"https:\/\/finatsrl.it\/fr\/wp-json\/wp\/v2\/media\/7824"}],"wp:attachment":[{"href":"https:\/\/finatsrl.it\/fr\/wp-json\/wp\/v2\/media?parent=9864"}],"wp:term":[{"taxonomy":"product_brand","embeddable":true,"href":"https:\/\/finatsrl.it\/fr\/wp-json\/wp\/v2\/product_brand?post=9864"},{"taxonomy":"product_cat","embeddable":true,"href":"https:\/\/finatsrl.it\/fr\/wp-json\/wp\/v2\/product_cat?post=9864"},{"taxonomy":"product_tag","embeddable":true,"href":"https:\/\/finatsrl.it\/fr\/wp-json\/wp\/v2\/product_tag?post=9864"}],"curies":[{"name":"wp","href":"https:\/\/api.w.org\/{rel}","templated":true}]}}