{"id":9690,"date":"2025-01-27T15:37:35","date_gmt":"2025-01-27T14:37:35","guid":{"rendered":"https:\/\/finatnew.newhosting.intellijam.com\/prodotto\/nastro-in-alluminio-3m-431\/"},"modified":"2025-12-12T10:54:39","modified_gmt":"2025-12-12T09:54:39","slug":"nastro-in-alluminio-3m-431","status":"publish","type":"product","link":"https:\/\/finatsrl.it\/fr\/product\/nastro-in-alluminio-3m-431\/","title":{"rendered":"Nastro in alluminio 3M 431"},"content":{"rendered":"<div class=\"product-bullet-block\">\n<div class=\"bullet n1\">Il nastro riflettente calore e luce, protegge le superfici e migliora l&rsquo;efficienza della luce<\/div>\n<div class=\"bullet n2\">Migliora l&rsquo;efficienza di riscaldamento e raffreddamento per proteggere i materiali sensibili alla temperatura<\/div>\n<div class=\"bullet n3\">Il nastro termicamente conduttivo riflette e dissipa il calore radiante<\/div>\n<div class=\"bullet n4\">Grazie alla bassa velocit\u00e0 di trasmissione del vapore, questo nastro offre eccellenti prestazioni di tenuta e rattoppatura<\/div>\n<div class=\"bullet n5\">Resiste all&rsquo;esposizione a fiamme, agenti atmosferici, umidit\u00e0 e raggi UV per un legame forte, affidabile e a lunga tenuta<\/div>\n<div class=\"bullet n6\">Rimozione pulita dopo applicazioni di mascheramento difficili<\/div>\n<div class=\"bullet n7\">Conforme a superfici curve e irregolari<\/div>\n<\/div>\n<div class=\"product-description-block\">\n<div class=\"short\">Il nastro in alluminio 3M 431 \u00e8 progettato per numerose applicazioni in un&rsquo;ampia gamma di settori per l&rsquo;uso in ambienti difficili, sia interni che esterni. \u00c8 ideale per le schermature del calore, la riflessione del calore, il miglioramento della luce, la giuntura e la sigillatura.<\/div>\n<div class=\"extended\">Progettato per la schermatura e la riflessione del calore, il miglioramento della luce, la giuntura e la sigillatura. In applicazioni sia interne che esterne.<\/div>\n<\/div>\n","protected":false},"excerpt":{"rendered":"<p>Il nastro in alluminio 3M 431 \u00e8 progettato per numerose applicazioni in un&rsquo;ampia gamma di settori per l&rsquo;uso in ambienti difficili, sia interni che esterni. \u00c8 ideale per le schermature del calore, la riflessione del calore, il miglioramento della luce, la giuntura e la sigillatura.<\/p>\n","protected":false},"featured_media":7670,"template":"","meta":{"_acf_changed":false},"product_brand":[3337],"product_cat":[29,801],"product_tag":[1214,1213,1216,1215,1217,1221,1220,1219,1218],"class_list":{"0":"post-9690","1":"product","2":"type-product","3":"status-publish","4":"has-post-thumbnail","6":"product_brand-3m","7":"product_cat-adesivi-e-nastri-industriali","8":"product_cat-nastri-per-schermature-e-alte-prestazioni","9":"product_tag-nastro-adesivo-in-alluminio","10":"product_tag-nastro-in-alluminio","11":"product_tag-nastro-in-alluminio-per-condotti","12":"product_tag-nastro-in-foglio-di-alluminio","13":"product_tag-nastro-in-foglio-di-alluminio-ad-alta-temperatura","14":"product_tag-nastro-in-foglio-di-metallo","15":"product_tag-nastro-per-riparazione-tubi","16":"product_tag-schermo-riflettente-in-metallo","17":"product_tag-temperatura-del-condotto","18":"pa_colore-argento","20":"first","21":"instock","22":"product-type-simple"},"acf":{"short_description":"Il Nastro in alluminio 3M 431 \u00e8 progettato per garantire prestazioni superiori in applicazioni industriali. Resistente e versatile, \u00e8 ideale per schermature e isolamenti termici.","long_description":"Il Nastro in alluminio 3M 431 \u00e8 la soluzione ideale per chi cerca un nastro di alta qualit\u00e0 per applicazioni industriali. Questo nastro \u00e8 realizzato in alluminio di alta purezza, che offre un'eccellente conducibilit\u00e0 termica e elettrica, rendendolo perfetto per schermature efficaci in molteplici contesti. Con una temperatura massima di utilizzo di 149\u00b0C e una temperatura minima di -54\u00b0C, il nastro \u00e8 estremamente versatile e pu\u00f2 essere utilizzato in una vasta gamma di condizioni ambientali.\r\n\r\nGrazie alla sua adesione acrilica, il Nastro in alluminio 3M 431 garantisce un forte attacco su diverse superfici, rendendolo ideale per applicazioni che richiedono una resistenza chimica e alla corrosione. Inoltre, il suo design sottile consente una facile applicazione e una finitura pulita, senza compromettere l'integrit\u00e0 del materiale sottostante.\r\n\r\nQuesto nastro \u00e8 particolarmente utile in settori che richiedono schermature ad alte prestazioni, come l'elettronica, l'elettromeccanica e l'industria automobilistica. Pu\u00f2 essere utilizzato per il rivestimento di cavi, la protezione di componenti sensibili e per l'isolamento termico, contribuendo a migliorare l'efficienza energetica delle apparecchiature.\r\n\r\nIn definitiva, il Nastro in alluminio 3M 431 non \u00e8 solo un prodotto, ma una vera e propria soluzione per le sfide quotidiane in ambito industriale. Scegliere 3M significa affidarsi a un marchio sinonimo di qualit\u00e0 e innovazione, per risultati sempre all'altezza delle aspettative.","feature_1":"Materiale: Alluminio di alta purezza per una conduzione ottimale","feature_2":"Temperatura massima di utilizzo: 149\u00b0C per applicazioni ad alta temperatura","feature_3":"Temperatura minima di utilizzo: -54\u00b0C per ambienti estremi","feature_4":"Adesione: Adesivo acrilico per una tenuta duratura su molte superfici","feature_5":"Resistenza alla corrosione per una lunga durata","feature_6":"Design sottile per applicazioni discrete e pulite","feature_7":"Facile da applicare e rimuovere senza residui","feature_8":"Eccellente per schermature elettromagnetiche e termiche","feature_9":"Versatile: adatto a settori elettronici, automobilistici e industriali","feature_10":"Conformit\u00e0 agli standard di sicurezza e qualit\u00e0 3M per massima affidabilit\u00e0"},"_links":{"self":[{"href":"https:\/\/finatsrl.it\/fr\/wp-json\/wp\/v2\/product\/9690","targetHints":{"allow":["GET"]}}],"collection":[{"href":"https:\/\/finatsrl.it\/fr\/wp-json\/wp\/v2\/product"}],"about":[{"href":"https:\/\/finatsrl.it\/fr\/wp-json\/wp\/v2\/types\/product"}],"wp:featuredmedia":[{"embeddable":true,"href":"https:\/\/finatsrl.it\/fr\/wp-json\/wp\/v2\/media\/7670"}],"wp:attachment":[{"href":"https:\/\/finatsrl.it\/fr\/wp-json\/wp\/v2\/media?parent=9690"}],"wp:term":[{"taxonomy":"product_brand","embeddable":true,"href":"https:\/\/finatsrl.it\/fr\/wp-json\/wp\/v2\/product_brand?post=9690"},{"taxonomy":"product_cat","embeddable":true,"href":"https:\/\/finatsrl.it\/fr\/wp-json\/wp\/v2\/product_cat?post=9690"},{"taxonomy":"product_tag","embeddable":true,"href":"https:\/\/finatsrl.it\/fr\/wp-json\/wp\/v2\/product_tag?post=9690"}],"curies":[{"name":"wp","href":"https:\/\/api.w.org\/{rel}","templated":true}]}}