{"id":9684,"date":"2025-01-27T15:37:35","date_gmt":"2025-01-27T14:37:35","guid":{"rendered":"https:\/\/finatnew.newhosting.intellijam.com\/prodotto\/nastro-per-giuntura-pellicola-fotografica-3m-8422\/"},"modified":"2025-12-12T10:33:40","modified_gmt":"2025-12-12T09:33:40","slug":"nastro-per-giuntura-pellicola-fotografica-3m-8422","status":"publish","type":"product","link":"https:\/\/finatsrl.it\/fr\/product\/nastro-per-giuntura-pellicola-fotografica-3m-8422\/","title":{"rendered":"Nastro per giuntura pellicola fotografica 3M 8422"},"content":{"rendered":"<div class=\"product-bullet-block\">\n<div class=\"bullet n1\">Nero, buona aderenza<\/div>\n<div class=\"bullet n2\">Eccellente resistenza ai solventi e chimica<\/div>\n<div class=\"bullet n3\">Sottile, elevata resistenza agli strappi, buona resistenza alla temperatura, durata nel tempo e supporto altamente resistente<\/div>\n<div class=\"bullet n4\">Uso industriale generico, arti grafiche, lavorazione pellicole fotografiche<\/div>\n<div class=\"bullet n5\">Giunzione, isolamento, bordatura, rinforzo, protezione, sigillatura, interruzione elettrica, linguette, chiusura rotoli, etichettatura<\/div>\n<div class=\"bullet n6\"><\/div>\n<div class=\"bullet n7\"><\/div>\n<\/div>\n<div class=\"product-description-block\">\n<div class=\"short\">Progettato per la giunzione dell&rsquo;elaborazione di pellicole fotografiche, il nastro di giunzione per pellicole fotografiche 3M 8422 \u00e8 un nastro di giunzione nero con un supporto in poliestere sottile ma resistente. \u00c8 dotato di un adesivo in gomma aggressivo e versatile, resistente sia ai solventi che agli agenti chimici.<\/div>\n<div class=\"extended\">Nastro in poliestere 3M 8421, utilizzato per la pre-giunzione della pellicola fotografica per l&rsquo;elaborazione. Altre idee di applicazione comprendono sigillatura, etichettatura, protezione e bordatura in cui \u00e8 desiderabile in adesivo in gomma a elevata adesione.<\/div>\n<\/div>\n","protected":false},"excerpt":{"rendered":"<p>Progettato per la giunzione dell&rsquo;elaborazione di pellicole fotografiche, il nastro di giunzione per pellicole fotografiche 3M 8422 \u00e8 un nastro di giunzione nero con un supporto in poliestere sottile ma resistente. \u00c8 dotato di un adesivo in gomma aggressivo e versatile, resistente sia ai solventi che agli agenti chimici.<\/p>\n","protected":false},"featured_media":7608,"template":"","meta":{"_acf_changed":false},"product_brand":[3337],"product_cat":[29,801],"product_tag":[3373,1255,1254],"class_list":{"0":"post-9684","1":"product","2":"type-product","3":"status-publish","4":"has-post-thumbnail","6":"product_brand-3m","7":"product_cat-adesivi-e-nastri-industriali","8":"product_cat-nastri-per-schermature-e-alte-prestazioni","9":"product_tag-3m-8422","10":"product_tag-nastro-adhesivo-3m","11":"product_tag-nastro-in-poliestere","12":"pa_colore-nero","14":"first","15":"instock","16":"product-type-simple"},"acf":{"short_description":"Il nastro per giuntura pellicola fotografica 3M 8422 \u00e8 la soluzione perfetta per unire pellicole fotografiche con precisione e durata. Ideale per applicazioni industriali e professionali.","long_description":"Il nastro per giuntura pellicola fotografica 3M 8422 rappresenta l'eccellenza nel campo degli adesivi industriali, progettato specificamente per soddisfare le esigenze di chi lavora con pellicole fotografiche. Questo nastro \u00e8 caratterizzato da un'adesione forte e duratura, che garantisce un risultato impeccabile in ogni applicazione. Grazie alla sua costruzione di alta qualit\u00e0, il nastro offre una resistenza termica che varia da -50 \u00b0C a 149 \u00b0C, rendendolo adatto anche per ambienti estremi. La sua finitura nera non solo conferisce un aspetto professionale, ma aiuta anche a ridurre i riflessi indesiderati nelle applicazioni fotografiche.\r\n\r\nLe caratteristiche innovative del 3M 8422 lo rendono un prodotto unico nel suo genere. \u00c8 facile da applicare e permette una giuntura precisa delle pellicole, garantendo che non ci siano bolle d'aria o imperfezioni. \u00c8 perfetto per l'uso in ambito industriale, ma adatto anche per professionisti della fotografia che cercano soluzioni di alta qualit\u00e0. Questo nastro \u00e8 resistente all'umidit\u00e0 e agli agenti chimici, il che lo rende ideale per l'uso in diversi ambienti di lavoro.\r\n\r\nLe sue dimensioni versatili lo rendono compatibile con una vasta gamma di pellicole fotografiche, assicurando che ogni progetto venga realizzato con la massima precisione. Inoltre, il nastro 3M 8422 \u00e8 progettato per non lasciare residui appiccicosi dopo la rimozione, mantenendo le superfici pulite e senza danni. Scegliere il nastro per giuntura pellicola fotografica 3M 8422 significa optare per un prodotto di alta qualit\u00e0 che supera le aspettative e offre prestazioni eccezionali in ogni applicazione.","feature_1":"Adesione forte e duratura per giunture perfette","feature_2":"Resistente a temperature estreme da -50 \u00b0C a 149 \u00b0C","feature_3":"Finitura nera per ridurre i riflessi indesiderati","feature_4":"Facile da applicare, senza bolle d'aria","feature_5":"Adatto a diverse pellicole fotografiche","feature_6":"Resistente all'umidit\u00e0 e agli agenti chimici","feature_7":"Non lascia residui appiccicosi dopo la rimozione","feature_8":"Perfetto per uso industriale e professionale","feature_9":"Dimensioni versatili per varie applicazioni","feature_10":"Qualit\u00e0 garantita da 3M, leader nel settore degli adesivi"},"_links":{"self":[{"href":"https:\/\/finatsrl.it\/fr\/wp-json\/wp\/v2\/product\/9684","targetHints":{"allow":["GET"]}}],"collection":[{"href":"https:\/\/finatsrl.it\/fr\/wp-json\/wp\/v2\/product"}],"about":[{"href":"https:\/\/finatsrl.it\/fr\/wp-json\/wp\/v2\/types\/product"}],"wp:featuredmedia":[{"embeddable":true,"href":"https:\/\/finatsrl.it\/fr\/wp-json\/wp\/v2\/media\/7608"}],"wp:attachment":[{"href":"https:\/\/finatsrl.it\/fr\/wp-json\/wp\/v2\/media?parent=9684"}],"wp:term":[{"taxonomy":"product_brand","embeddable":true,"href":"https:\/\/finatsrl.it\/fr\/wp-json\/wp\/v2\/product_brand?post=9684"},{"taxonomy":"product_cat","embeddable":true,"href":"https:\/\/finatsrl.it\/fr\/wp-json\/wp\/v2\/product_cat?post=9684"},{"taxonomy":"product_tag","embeddable":true,"href":"https:\/\/finatsrl.it\/fr\/wp-json\/wp\/v2\/product_tag?post=9684"}],"curies":[{"name":"wp","href":"https:\/\/api.w.org\/{rel}","templated":true}]}}