{"id":9604,"date":"2025-01-27T15:37:08","date_gmt":"2025-01-27T14:37:08","guid":{"rendered":"https:\/\/finatnew.newhosting.intellijam.com\/prodotto\/materiale-serigrafabile-per-etichette-in-poliestere-3m-7950\/"},"modified":"2025-12-15T10:33:40","modified_gmt":"2025-12-15T09:33:40","slug":"materiale-serigrafabile-per-etichette-in-poliestere-3m-7950","status":"publish","type":"product","link":"https:\/\/finatsrl.it\/fr\/product\/materiale-serigrafabile-per-etichette-in-poliestere-3m-7950\/","title":{"rendered":"Materiale serigrafabile per etichette in poliestere 3M 7950"},"content":{"rendered":"<div class=\"product-bullet-block\">\n<div class=\"bullet n1\">Frontale con topcoat per un migliore ancoraggio dell&rsquo;inchiostro<\/div>\n<div class=\"bullet n2\">Informazioni variabili possono essere aggiunte dall&rsquo;utente finale in quanto il materiale \u00e8 stampabile a trasferimento termico<\/div>\n<div class=\"bullet n3\">L&rsquo;adesivo 3M 300 aderisce bene a una vasta gamma di substrati, tra cui metalli, plastiche ad alta energia superficiale (HSE) e plastiche a bassa energia superficiale (LSE).<\/div>\n<div class=\"bullet n4\">\u00c8 ideale per applicazioni che richiedono un&rsquo;elevata adesione iniziale, soprattutto superfici plastiche LSE<\/div>\n<div class=\"bullet n5\">Il liner permette una facile fustellatura in foglio<\/div>\n<div class=\"bullet n6\"><\/div>\n<div class=\"bullet n7\"><\/div>\n<\/div>\n<div class=\"product-description-block\">\n<div class=\"short\">Il materiale serigrafabile per etichette in poliestere 3M 7950 \u00e8 durevole e ad alte prestazioni e offre eccellente stabilit\u00e0 termica e resistenza all&rsquo;umidit\u00e0 e agli agenti chimici.<\/div>\n<div class=\"extended\">Questo materiale utilizza l&rsquo;adesivo 3M 300, che assicura un&rsquo;eccellente adesione rapida e si lega bene anche a una variet\u00e0 di superfici, inclusa la plastica LSE.<\/div>\n<\/div>\n","protected":false},"excerpt":{"rendered":"<p>Il materiale serigrafabile per etichette in poliestere 3M 7950 \u00e8 durevole e ad alte prestazioni e offre eccellente stabilit\u00e0 termica e resistenza all&rsquo;umidit\u00e0 e agli agenti chimici.<\/p>\n","protected":false},"featured_media":7532,"template":"","meta":{"_acf_changed":false},"product_brand":[3337],"product_cat":[29,1087],"product_tag":[1180,1101,1181,1182],"class_list":{"0":"post-9604","1":"product","2":"type-product","3":"status-publish","4":"has-post-thumbnail","6":"product_brand-3m","7":"product_cat-adesivi-e-nastri-industriali","8":"product_cat-etichette-durevoli","9":"product_tag-biadesivo-acrilico","10":"product_tag-nastro-biadesivo","11":"product_tag-nastro-biadesivo-resistente","12":"product_tag-viscoelastico","13":"pa_colore-trasparente","15":"first","16":"instock","17":"product-type-simple"},"acf":{"short_description":"Il materiale serigrafabile per etichette in poliestere 3M 7950 offre un'elevata resistenza e versatilit\u00e0 per le tue esigenze industriali. Perfetto per etichette durevoli e di alta qualit\u00e0.","long_description":"Il materiale serigrafabile per etichette in poliestere 3M 7950 \u00e8 la soluzione ideale per le aziende che cercano un prodotto resistente e di alta qualit\u00e0 per la creazione di etichette durevoli. Questo materiale \u00e8 progettato per resistere a condizioni ambientali difficili, garantendo etichette che mantengono la loro integrit\u00e0 e leggibilit\u00e0 nel tempo. La sua superficie trasparente consente una stampa vivace e dettagliata, rendendo le etichette non solo funzionali ma anche esteticamente gradevoli. La resistenza all'umidit\u00e0 e agli agenti chimici assicura che le tue etichette non si deteriorino, anche in ambienti industriali. Inoltre, la facilit\u00e0 di applicazione rende questo materiale adatto anche per produzioni di piccole e medie dimensioni. Grazie alla sua compatibilit\u00e0 con tecniche di serigrafia, il 3M 7950 offre una versatilit\u00e0 senza pari, permettendo di personalizzare le etichette secondo le esigenze specifiche del tuo business. Scegliere il materiale serigrafabile per etichette in poliestere 3M 7950 significa investire in un prodotto che non solo soddisfa le normative di sicurezza, ma che offre anche un'ottima resa visiva. Con una larghezza di 300 mm e una lunghezza di 100 m, questo materiale \u00e8 perfetto per diverse applicazioni industriali, dalle etichette per prodotti alimentari a quelle per dispositivi elettronici. Non lasciare che le etichette compromettano la tua immagine aziendale: scegli la qualit\u00e0 e la resistenza del 3M 7950.","feature_1":"Materiale poliestere di alta qualit\u00e0","feature_2":"Trasparente per una stampa vivace","feature_3":"Resistente agli agenti chimici","feature_4":"Resistente all'umidit\u00e0","feature_5":"Facile da applicare con tecniche di serigrafia","feature_6":"Compatibile con diverse inchiostri serigrafici","feature_7":"Elevata resistenza all'usura","feature_8":"Dimensioni versatili: 300 mm x 100 m","feature_9":"Adatto per etichette industriali durevoli","feature_10":"Soddisfa normative di sicurezza per uso industriale"},"_links":{"self":[{"href":"https:\/\/finatsrl.it\/fr\/wp-json\/wp\/v2\/product\/9604","targetHints":{"allow":["GET"]}}],"collection":[{"href":"https:\/\/finatsrl.it\/fr\/wp-json\/wp\/v2\/product"}],"about":[{"href":"https:\/\/finatsrl.it\/fr\/wp-json\/wp\/v2\/types\/product"}],"wp:featuredmedia":[{"embeddable":true,"href":"https:\/\/finatsrl.it\/fr\/wp-json\/wp\/v2\/media\/7532"}],"wp:attachment":[{"href":"https:\/\/finatsrl.it\/fr\/wp-json\/wp\/v2\/media?parent=9604"}],"wp:term":[{"taxonomy":"product_brand","embeddable":true,"href":"https:\/\/finatsrl.it\/fr\/wp-json\/wp\/v2\/product_brand?post=9604"},{"taxonomy":"product_cat","embeddable":true,"href":"https:\/\/finatsrl.it\/fr\/wp-json\/wp\/v2\/product_cat?post=9604"},{"taxonomy":"product_tag","embeddable":true,"href":"https:\/\/finatsrl.it\/fr\/wp-json\/wp\/v2\/product_tag?post=9604"}],"curies":[{"name":"wp","href":"https:\/\/api.w.org\/{rel}","templated":true}]}}