{"id":9596,"date":"2025-01-27T15:36:45","date_gmt":"2025-01-27T14:36:45","guid":{"rendered":"https:\/\/finatnew.newhosting.intellijam.com\/prodotto\/materiale-etichetta-foglio-e-schermo-3m-7903\/"},"modified":"2025-11-04T14:54:42","modified_gmt":"2025-11-04T13:54:42","slug":"materiale-etichetta-foglio-e-schermo-3m-7903","status":"publish","type":"product","link":"https:\/\/finatsrl.it\/fr\/product\/materiale-etichetta-foglio-e-schermo-3m-7903\/","title":{"rendered":"Materiale etichetta foglio e schermo 3M 7903"},"content":{"rendered":"<div class=\"product-bullet-block\">\n<div class=\"bullet n1\">Il frontale per il materiale per etichette in pellicola 3M 7903 &egrave; trattato per un migliore ancoraggio dell&rsquo;inchiostro<\/div>\n<div class=\"bullet n2\">Il liner consente una facile lavorazione del foglio ed &egrave; progettato per applicazioni di fustellatura. Il retro del liner non &egrave; stampabile.<\/div>\n<div class=\"bullet n3\">Il materiale per etichette in pellicola 3M 7903 &egrave; certificato UL (MH11410) e approvato CSA (99316). Per i dettagli, vedere gli elenchi UL e CSA<\/div>\n<div class=\"bullet n4\"><\/div>\n<div class=\"bullet n5\">Le applicazioni tipiche delle etichette ad alte prestazioni 3m comprendono tracciatura di codici a barre, tracciatura, etichette a trasferimento termico, stampa di informazioni variabili (VIP), marchi ed etichette di istruzioni, etichette di avvertimento, decalcomanie permanenti, protezione e mascheratura di superfici, laminatura superiore, protezione UV, indicazione delle manomissioni, etichette distruttibili, messaggi di annullamento, riduzione delle frodi, laminatura, unione e grafica di finestre digitali.<\/div>\n<div class=\"bullet n6\"><\/div>\n<div class=\"bullet n7\"><\/div>\n<\/div>\n<div class=\"product-description-block\">\n<div class=\"short\">Il materiale per etichette in pellicola 3M 7903 &egrave; un materiale durevole e ad alte prestazioni che offre eccellente stabilit&agrave; termica e resistenza all&rsquo;umidit&agrave; e agli agenti chimici.<\/div>\n<div class=\"extended\">Questo materiale utilizza l&rsquo;adesivo 3M 350, progettato per aderire in modo permanente a plastiche ad alta e bassa energia superficiale, superfici testurizzate e sagomate, verniciature a polvere e metalli leggermente oleosi.<\/div>\n<\/div>\n","protected":false},"excerpt":{"rendered":"<p>Il materiale per etichette in pellicola 3M 7903 &egrave; un materiale durevole e ad alte prestazioni che offre eccellente stabilit&agrave; termica e resistenza all&rsquo;umidit&agrave; e agli agenti chimici.<\/p>\n","protected":false},"featured_media":7457,"template":"","meta":{"_acf_changed":false},"product_brand":[3337],"product_cat":[29,1087],"product_tag":[1180,1101,1181,1182],"class_list":{"0":"post-9596","1":"product","2":"type-product","3":"status-publish","4":"has-post-thumbnail","6":"product_brand-3m","7":"product_cat-adesivi-e-nastri-industriali","8":"product_cat-etichette-durevoli","9":"product_tag-biadesivo-acrilico","10":"product_tag-nastro-biadesivo","11":"product_tag-nastro-biadesivo-resistente","12":"product_tag-viscoelastico","13":"pa_colore-argento","15":"first","16":"instock","17":"product-type-simple"},"acf":{"short_description":"Il materiale etichetta foglio e schermo 3M 7903 \u00e8 la soluzione ideale per creare etichette durevoli e resistenti. Scopri la qualit\u00e0 3M per le tue esigenze industriali!","long_description":"<p>Il materiale etichetta foglio e schermo 3M 7903 rappresenta un'eccellenza nel settore degli adesivi e nastri industriali, progettato per garantire etichette durevoli e di alta qualit\u00e0. Questo prodotto \u00e8 realizzato con una tecnologia avanzata che combina un supporto in argento acrilico con una finitura resistente, perfetta per applicazioni in ambienti industriali e commerciali. La sua versatilit\u00e0 consente di utilizzarlo in una vasta gamma di applicazioni, dall'etichettatura di prodotti alla segnaletica interna.<\/p>\n<p>Le caratteristiche tecniche del 3M 7903 includono un'ottima adesione su superfici diverse, come metallo, plastica e vetro, assicurando una lunga durata anche in condizioni ambientali difficili. Grazie alla sua resistenza agli agenti chimici e alle alte temperature, questo materiale \u00e8 particolarmente indicato per l'industria alimentare e per utilizzi in ambienti industriali severi.<\/p>\n<p>Inoltre, il materiale \u00e8 progettato per essere stampabile con diverse tecnologie, che vanno dalla stampa termica alla serigrafia, permettendo una personalizzazione completa delle etichette. La sua facilit\u00e0 di applicazione e la capacit\u00e0 di resistere a graffi e abrasioni lo rendono un prodotto di scelta per molteplici settori, garantendo sempre risultati professionali.<\/p>\n<p>Scegliere il materiale etichetta foglio e schermo 3M 7903 significa investire in un prodotto che non solo soddisfa, ma supera le aspettative, grazie alla sua qualit\u00e0 e affidabilit\u00e0. Che tu stia cercando di etichettare prodotti, macchinari o scaffali, il 3M 7903 \u00e8 la scelta ideale per ottenere risultati duraturi e professionali.<\/p>","feature_1":"Supporto in argento acrilico per una robustezza superiore","feature_2":"Resistente agli agenti chimici e alle alte temperature","feature_3":"Ottima adesione su metallo, plastica e vetro","feature_4":"Stampabile con diverse tecnologie di stampa","feature_5":"Resistenza a graffi e abrasioni per una maggiore durata","feature_6":"Facile applicazione su superfici varie","feature_7":"Ideale per etichette di prodotti e segnaletica interna","feature_8":"Elevata qualit\u00e0 di stampa per risultati professionali","feature_9":"Compatibile con attrezzature di etichettatura standard","feature_10":"Perfetto per ambienti industriali e commerciali"},"_links":{"self":[{"href":"https:\/\/finatsrl.it\/fr\/wp-json\/wp\/v2\/product\/9596","targetHints":{"allow":["GET"]}}],"collection":[{"href":"https:\/\/finatsrl.it\/fr\/wp-json\/wp\/v2\/product"}],"about":[{"href":"https:\/\/finatsrl.it\/fr\/wp-json\/wp\/v2\/types\/product"}],"wp:featuredmedia":[{"embeddable":true,"href":"https:\/\/finatsrl.it\/fr\/wp-json\/wp\/v2\/media\/7457"}],"wp:attachment":[{"href":"https:\/\/finatsrl.it\/fr\/wp-json\/wp\/v2\/media?parent=9596"}],"wp:term":[{"taxonomy":"product_brand","embeddable":true,"href":"https:\/\/finatsrl.it\/fr\/wp-json\/wp\/v2\/product_brand?post=9596"},{"taxonomy":"product_cat","embeddable":true,"href":"https:\/\/finatsrl.it\/fr\/wp-json\/wp\/v2\/product_cat?post=9596"},{"taxonomy":"product_tag","embeddable":true,"href":"https:\/\/finatsrl.it\/fr\/wp-json\/wp\/v2\/product_tag?post=9596"}],"curies":[{"name":"wp","href":"https:\/\/api.w.org\/{rel}","templated":true}]}}