{"id":9594,"date":"2025-01-27T15:36:45","date_gmt":"2025-01-27T14:36:45","guid":{"rendered":"https:\/\/finatnew.newhosting.intellijam.com\/prodotto\/materiale-etichetta-foglio-e-schermo-3m-7931\/"},"modified":"2026-01-13T15:33:06","modified_gmt":"2026-01-13T14:33:06","slug":"materiale-etichetta-foglio-e-schermo-3m-7931","status":"publish","type":"product","link":"https:\/\/finatsrl.it\/fr\/product\/materiale-etichetta-foglio-e-schermo-3m-7931\/","title":{"rendered":"Materiale etichetta foglio e schermo 3M 7931"},"content":{"rendered":"<div class=\"product-bullet-block\">\n<div class=\"bullet n1\">Frontale con topcoat per un migliore ancoraggio dell&rsquo;inchiostro<\/div>\n<div class=\"bullet n2\">Informazioni variabili possono essere aggiunte dall&rsquo;utente finale in quanto il materiale \u00e8 stampabile a trasferimento termico<\/div>\n<div class=\"bullet n3\">L&rsquo;adesivo 3M 300 aderisce bene a una vasta gamma di substrati, tra cui metalli, plastiche ad alta energia superficiale (HSE) e plastiche a bassa energia superficiale (LSE).<\/div>\n<div class=\"bullet n4\">\u00c8 ideale per applicazioni che richiedono un&rsquo;elevata adesione iniziale, soprattutto superfici plastiche LSE<\/div>\n<div class=\"bullet n5\">Il liner permette una facile fustellatura in foglio<\/div>\n<div class=\"bullet n6\"><\/div>\n<div class=\"bullet n7\"><\/div>\n<\/div>\n<div class=\"product-description-block\">\n<div class=\"short\">Il Materiale serigrafabile per etichette in poliestere 3M 7931 \u00e8 durevole e ad alte prestazioni e offre eccellente stabilit\u00e0 termica e resistenza all&rsquo;umidit\u00e0 e agli agenti chimici.<\/div>\n<div class=\"extended\">Questo materiale utilizza l&rsquo;adesivo 3M 300, che assicura un&rsquo;eccellente adesione rapida e si lega bene anche a una variet\u00e0 di superfici, inclusa la plastica LSE.<\/div>\n<\/div>\n","protected":false},"excerpt":{"rendered":"<p>Il Materiale serigrafabile per etichette in poliestere 3M 7931 \u00e8 durevole e ad alte prestazioni e offre eccellente stabilit\u00e0 termica e resistenza all&rsquo;umidit\u00e0 e agli agenti chimici.<\/p>\n","protected":false},"featured_media":7454,"template":"","meta":{"_acf_changed":false},"product_brand":[3337],"product_cat":[29,1087],"product_tag":[1180,1101,1181,1182],"class_list":{"0":"post-9594","1":"product","2":"type-product","3":"status-publish","4":"has-post-thumbnail","6":"product_brand-3m","7":"product_cat-adesivi-e-nastri-industriali","8":"product_cat-etichette-durevoli","9":"product_tag-biadesivo-acrilico","10":"product_tag-nastro-biadesivo","11":"product_tag-nastro-biadesivo-resistente","12":"product_tag-viscoelastico","13":"pa_colore-bianco","15":"first","16":"instock","17":"product-type-simple"},"acf":{"short_description":"Il materiale etichetta foglio e schermo 3M 7931 offre prestazioni superiori in termini di adesione e durata. Ideale per applicazioni industriali e professionali.","long_description":"Il materiale etichetta foglio e schermo 3M 7931 \u00e8 la soluzione ideale per chi cerca etichette durevoli che possano resistere a condizioni ambientali avverse. Prodotto da Finat SRL, questo materiale \u00e8 progettato specificamente per fornire un'adesione eccezionale su una variet\u00e0 di superfici. Grazie alla sua composizione in solvente acrilico, il 3M 7931 garantisce una lunga durata e un'ottima resistenza all'umidit\u00e0 e ai raggi UV, rendendolo perfetto per applicazioni all'aperto e in ambienti industriali.\r\n\r\nCon una superficie bianca che offre un'eccellente resa grafica, il materiale \u00e8 compatibile con la maggior parte delle stampanti per etichette, consentendo una personalizzazione facile e veloce. La facilit\u00e0 di applicazione e la resistenza nel tempo lo rendono una scelta preferita per numerosi settori, dalle etichette di identificazione ai segnali di sicurezza.\r\n\r\nInoltre, la tecnologia innovativa utilizzata nella produzione di questo materiale assicura che le etichette rimangano attaccate anche in condizioni difficili. Che si tratti di etichette per prodotti, per la logistica o per applicazioni di sicurezza, il materiale etichetta foglio e schermo 3M 7931 \u00e8 progettato per superare le aspettative. Non solo soddisfa gli standard di qualit\u00e0 pi\u00f9 elevati, ma offre anche un valore eccezionale per ogni applicazione industriale.","feature_1":"Superficie bianca per una stampa di alta qualit\u00e0","feature_2":"Adesivo a base di solvente acrilico per una lunga durata","feature_3":"Resistente all'umidit\u00e0 e ai raggi UV","feature_4":"Facile applicazione su diverse superfici","feature_5":"Compatibile con la maggior parte delle stampanti per etichette","feature_6":"Eccellente resistenza alle temperature estreme","feature_7":"Stabilit\u00e0 dimensionale per evitare deformazioni","feature_8":"Perfetto per ambienti industriali e all'aperto","feature_9":"Rimozione senza residui adesivi","feature_10":"Certificato per uso in applicazioni industriali"},"_links":{"self":[{"href":"https:\/\/finatsrl.it\/fr\/wp-json\/wp\/v2\/product\/9594","targetHints":{"allow":["GET"]}}],"collection":[{"href":"https:\/\/finatsrl.it\/fr\/wp-json\/wp\/v2\/product"}],"about":[{"href":"https:\/\/finatsrl.it\/fr\/wp-json\/wp\/v2\/types\/product"}],"wp:featuredmedia":[{"embeddable":true,"href":"https:\/\/finatsrl.it\/fr\/wp-json\/wp\/v2\/media\/7454"}],"wp:attachment":[{"href":"https:\/\/finatsrl.it\/fr\/wp-json\/wp\/v2\/media?parent=9594"}],"wp:term":[{"taxonomy":"product_brand","embeddable":true,"href":"https:\/\/finatsrl.it\/fr\/wp-json\/wp\/v2\/product_brand?post=9594"},{"taxonomy":"product_cat","embeddable":true,"href":"https:\/\/finatsrl.it\/fr\/wp-json\/wp\/v2\/product_cat?post=9594"},{"taxonomy":"product_tag","embeddable":true,"href":"https:\/\/finatsrl.it\/fr\/wp-json\/wp\/v2\/product_tag?post=9594"}],"curies":[{"name":"wp","href":"https:\/\/api.w.org\/{rel}","templated":true}]}}