{"id":9588,"date":"2025-01-27T15:36:45","date_gmt":"2025-01-27T14:36:45","guid":{"rendered":"https:\/\/finatnew.newhosting.intellijam.com\/prodotto\/nastro-biadesivo-in-carta-3m-9086\/"},"modified":"2026-01-09T14:28:10","modified_gmt":"2026-01-09T13:28:10","slug":"nastro-biadesivo-in-carta-3m-9086","status":"publish","type":"product","link":"https:\/\/finatsrl.it\/fr\/product\/nastro-biadesivo-in-carta-3m-9086\/","title":{"rendered":"Nastro biadesivo in carta 3M 9086"},"content":{"rendered":"<div class=\"product-bullet-block\">\n<div class=\"bullet n1\">Nastro biadesivo spesso 190\u00b5m con supporto in tessuto. Strappabile a mano, conformabile e maneggevole. Fodera di carta.<\/div>\n<div class=\"bullet n2\">Nastro biadesivo in film spesso con adesivo acrilico. Elevata aderenza, fissaggio immediato, presa rapida, alta adesione e buona adesione iniziale a una grande variet\u00e0 di materiali o superfici. Elevata resistenza. Nastro resistente ai solventi. Elevata resistenza a taglio e pelatura<\/div>\n<div class=\"bullet n3\">Offre la possibilit\u00e0 di essere strappato facilmente a mano e maneggiato con facilit\u00e0 grazie alla sua conformabilit\u00e0.<\/div>\n<div class=\"bullet n4\">Ottieni un nastro versatile, con un buon rapporto qualit\u00e0-prezzo e adatto a molteplici applicazioni e settori<\/div>\n<div class=\"bullet n5\"><\/div>\n<div class=\"bullet n6\"><\/div>\n<div class=\"bullet n7\"><\/div>\n<\/div>\n<div class=\"product-description-block\">\n<div class=\"short\">Il nastro biadesivo ad elevate prestazioni 3M 9086 \u00e8 un nastro biadesivo da 190\u00b5m con adesivo 375, supporto in tessuto, di colore traslucido su un supporto di carta bianca con logo 3M nero<\/div>\n<div class=\"extended\"><\/div>\n<\/div>\n","protected":false},"excerpt":{"rendered":"<p>Il nastro biadesivo ad elevate prestazioni 3M 9086 \u00e8 un nastro biadesivo da 190\u00b5m con adesivo 375, supporto in tessuto, di colore traslucido su un supporto di carta bianca con logo 3M nero<\/p>\n","protected":false},"featured_media":7442,"template":"","meta":{"_acf_changed":false},"product_brand":[3337],"product_cat":[29,786],"product_tag":[1180,1101,1181,1182],"class_list":{"0":"post-9588","1":"product","2":"type-product","3":"status-publish","4":"has-post-thumbnail","6":"product_brand-3m","7":"product_cat-adesivi-e-nastri-industriali","8":"product_cat-nastri-biadesivi-sottili","9":"product_tag-biadesivo-acrilico","10":"product_tag-nastro-biadesivo","11":"product_tag-nastro-biadesivo-resistente","12":"product_tag-viscoelastico","13":"pa_colore-bianco","15":"first","16":"instock","17":"product-type-simple"},"acf":{"short_description":"Il nastro biadesivo in carta 3M 9086 \u00e8 progettato per garantire adesivit\u00e0 e versatilit\u00e0 nelle applicazioni industriali. Ideale per incollaggi duraturi e resistenti.","long_description":"Il nastro biadesivo in carta 3M 9086 \u00e8 la scelta perfetta per le tue esigenze di adesione nell'ambito industriale. Realizzato con un supporto in carta di alta qualit\u00e0, questo nastro offre una straordinaria versatilit\u00e0 e resistenza, rendendolo ideale per diverse applicazioni. Con una temperatura massima di utilizzo di 121\u00b0C, \u00e8 perfetto per ambienti ad alte temperature senza compromettere la sua adesivit\u00e0. La colla acrilica di cui \u00e8 dotato garantisce un'adesione duratura su varie superfici, rendendolo un alleato indispensabile per le operazioni di assemblaggio e produzione. Inoltre, la sua facilit\u00e0 di applicazione consente di ottenere risultati professionali senza sforzo. Grazie alla sua struttura sottile, il nastro biadesivo 3M 9086 \u00e8 ideale anche per applicazioni che richiedono discrezione e precisione. Sia che tu stia lavorando su progetti di packaging, montaggio di componenti elettronici o creazione di display, questo nastro assicura una tenuta sicura e duratura. Non solo offre prestazioni elevate, ma \u00e8 anche progettato per resistere all'invecchiamento e all'umidit\u00e0, garantendo che le tue applicazioni rimangano solide nel tempo. Con il nastro biadesivo in carta 3M 9086, puoi essere certo di ottenere risultati superiori rispetto ad altri prodotti sul mercato.","feature_1":"Supporto in carta bianca per una finitura pulita e professionale","feature_2":"Adesivo acrilico per una tenuta superiore e duratura","feature_3":"Temperatura massima di utilizzo: 121\u00b0C per applicazioni resistenti al calore","feature_4":"Facile da applicare e rimuovere senza lasciare residui","feature_5":"Ottima resistenza all'umidit\u00e0 per applicazioni esterne","feature_6":"Spessore sottile per una finitura discreta e precisa","feature_7":"Elevata capacit\u00e0 di adesione su diverse superfici","feature_8":"Resistente all'invecchiamento per durabilit\u00e0 nel tempo","feature_9":"Ideale per il montaggio di componenti elettronici e packaging","feature_10":"Certificato per applicazioni industriali, garantendo standard elevati"},"_links":{"self":[{"href":"https:\/\/finatsrl.it\/fr\/wp-json\/wp\/v2\/product\/9588","targetHints":{"allow":["GET"]}}],"collection":[{"href":"https:\/\/finatsrl.it\/fr\/wp-json\/wp\/v2\/product"}],"about":[{"href":"https:\/\/finatsrl.it\/fr\/wp-json\/wp\/v2\/types\/product"}],"wp:featuredmedia":[{"embeddable":true,"href":"https:\/\/finatsrl.it\/fr\/wp-json\/wp\/v2\/media\/7442"}],"wp:attachment":[{"href":"https:\/\/finatsrl.it\/fr\/wp-json\/wp\/v2\/media?parent=9588"}],"wp:term":[{"taxonomy":"product_brand","embeddable":true,"href":"https:\/\/finatsrl.it\/fr\/wp-json\/wp\/v2\/product_brand?post=9588"},{"taxonomy":"product_cat","embeddable":true,"href":"https:\/\/finatsrl.it\/fr\/wp-json\/wp\/v2\/product_cat?post=9588"},{"taxonomy":"product_tag","embeddable":true,"href":"https:\/\/finatsrl.it\/fr\/wp-json\/wp\/v2\/product_tag?post=9588"}],"curies":[{"name":"wp","href":"https:\/\/api.w.org\/{rel}","templated":true}]}}