{"id":12424,"date":"2025-01-27T15:54:56","date_gmt":"2025-01-27T14:54:56","guid":{"rendered":"https:\/\/finatnew.newhosting.intellijam.com\/prodotto\/nastro-biadesivo-in-tessuto-3m-9448a\/"},"modified":"2025-11-26T12:10:20","modified_gmt":"2025-11-26T11:10:20","slug":"nastro-biadesivo-in-tessuto-3m-9448a","status":"publish","type":"product","link":"https:\/\/finatsrl.it\/fr\/product\/nastro-biadesivo-in-tessuto-3m-9448a\/","title":{"rendered":"Nastro biadesivo in tessuto 3M 9448A"},"content":{"rendered":"<div class=\"product-bullet-block\">\n<div class=\"bullet n1\">Il sistema adesivo acrilico a tenuta media presenta elevata aderenza iniziale<\/div>\n<div class=\"bullet n2\">Buona tenuta alle alte temperature<\/div>\n<div class=\"bullet n3\">Fissaggio di targhe, laminazione\/fissaggio di film in plastica, giunzione e fissaggio di schiuma<\/div>\n<div class=\"bullet n4\">Adesione, unione, fissaggio, montaggio, tenuta, laminazione e applicazione<\/div>\n<div class=\"bullet n5\"><\/div>\n<div class=\"bullet n6\"><\/div>\n<div class=\"bullet n7\"><\/div>\n<\/div>\n<div class=\"product-description-block\">\n<div class=\"short\">Il nastro adesivo 9448A supportato TNT \u00e8 un&rsquo;ottima soluzione per chi ricerca elevate prestazioni. L&rsquo;adesivo acrilico del prodotto permette un elevato tack iniziale ed ottime performance su molte superfici<\/div>\n<div class=\"extended\">Il nastro biadesivo in tessuto 3M 9448A presenta stabilit\u00e0 dimensione e migliore manipolazione con facilit\u00e0 di fustellatura e laminazione. L&rsquo;adesivo ad elevata adesione offre eccellente adesione su una vasta gamma di superfici.<\/div>\n<\/div>\n","protected":false},"excerpt":{"rendered":"<p>Il nastro adesivo 9448A supportato TNT \u00e8 un&rsquo;ottima soluzione per chi ricerca elevate prestazioni. L&rsquo;adesivo acrilico del prodotto permette un elevato tack iniziale ed ottime performance su molte superfici<\/p>\n","protected":false},"featured_media":9478,"template":"","meta":{"_acf_changed":false},"product_brand":[3337],"product_cat":[1053,1061],"product_tag":[3338,3750,3348,3751,1492,3299,1589,1571,3298,2788,3300,2713,3302,1494,3301,2412,3297,1101,2884,6218,1284,3305,1495,3304],"class_list":{"0":"post-12424","1":"product","2":"type-product","3":"status-publish","4":"has-post-thumbnail","6":"product_brand-3m","7":"product_cat-industrial-adhesives-tapes-fr","8":"product_cat-electronics-bonding-fr","9":"product_tag-3m","10":"product_tag-adesione","11":"product_tag-adesivo-acrilico","12":"product_tag-applicazione-nastro-biadesivo","13":"product_tag-automotive","14":"product_tag-buona-tenuta-alle-alte-temperature","15":"product_tag-commercio-e-servizi","16":"product_tag-elettronica","17":"product_tag-elevata-aderenza","18":"product_tag-fissaggio","19":"product_tag-fissaggio-di-targhe","20":"product_tag-fustellatura","21":"product_tag-giunzione-di-schiuma","22":"product_tag-industria","23":"product_tag-laminazione-di-film-in-plastica","24":"product_tag-montaggio","25":"product_tag-nastro-3m-9448a","26":"product_tag-nastro-biadesivo","27":"product_tag-nastro-biadesivo-in-tessuto","28":"product_tag-stabilita-dimensionale","29":"product_tag-supportato-tnt","30":"product_tag-tenuta","31":"product_tag-trasporti","32":"product_tag-unione","33":"pa_colore-trasparente","35":"first","36":"instock","37":"product-type-simple"},"acf":{"short_description":"Il nastro biadesivo in tessuto 3M 9448A \u00e8 l'ideale per applicazioni industriali. Offre una tenuta superiore e una straordinaria versatilit\u00e0, perfetto per ogni esigenza di incollaggio.","long_description":"<p>Il nastro biadesivo in tessuto 3M 9448A \u00e8 una soluzione innovativa e altamente performante per le vostre necessit\u00e0 di incollaggio in ambito industriale. Questo nastro \u00e8 progettato per garantire una tenuta eccezionale, offrendo un'adesione forte e duratura su una vasta gamma di superfici, rendendolo perfetto per applicazioni elettroniche e altri usi industriali. La sua struttura in tessuto conferisce una maggiore flessibilit\u00e0, permettendo di adattarsi facilmente a forme e superfici diverse.<\/p>\n<p>Con una larghezza di 25 mm e uno spessore di 0,1 mm, il nastro 3M 9448A \u00e8 facile da maneggiare e applicare. La resistenza alla temperatura va da -40\u00b0C a +150\u00b0C, garantendo prestazioni ottimali anche in condizioni estreme. Inoltre, \u00e8 resistente all'umidit\u00e0, il che lo rende ideale per applicazioni interne ed esterne. La capacit\u00e0 di rimuovere il nastro senza lasciare residui \u00e8 un ulteriore vantaggio che semplifica le operazioni di applicazione e rimozione.<\/p>\n<p>Questo nastro biadesivo \u00e8 particolarmente efficace per l'assemblaggio di componenti elettronici, la progettazione di display, la realizzazione di prototipi e per qualsiasi altro progetto che richieda un adesivo altamente affidabile. Il suo utilizzo non si limita solo all'industria, ma \u00e8 perfetto anche per hobbisti e fai-da-te che cercano un prodotto di alta qualit\u00e0.<\/p>\n<p>In sintesi, il nastro biadesivo in tessuto 3M 9448A offre prestazioni superiori, versatilit\u00e0 e facilit\u00e0 d'uso, rendendolo un'opzione ideale per chi cerca adesivi e nastri industriali di alta qualit\u00e0. Non lasciatevi sfuggire questa opportunit\u00e0 di migliorare i vostri progetti con un prodotto di eccellenza. Ordinate subito il vostro nastro 3M 9448A e scoprite la differenza!<\/p>","feature_1":"Larghezza di 25 mm per applicazioni versatili","feature_2":"Spessore di 0,1 mm per una finitura sottile","feature_3":"Resistenza alla temperatura da -40\u00b0C a +150\u00b0C","feature_4":"Adesione forte su superfici diverse","feature_5":"Facile da applicare e maneggiare","feature_6":"Rimozione senza residui per una pulizia facilitata","feature_7":"Resistente all'umidit\u00e0 per applicazioni interne ed esterne","feature_8":"Ideale per assemblaggi elettronici","feature_9":"Perfetto per hobbisti e progetti fai-da-te","feature_10":"Certificato secondo standard industriali 3M"},"_links":{"self":[{"href":"https:\/\/finatsrl.it\/fr\/wp-json\/wp\/v2\/product\/12424","targetHints":{"allow":["GET"]}}],"collection":[{"href":"https:\/\/finatsrl.it\/fr\/wp-json\/wp\/v2\/product"}],"about":[{"href":"https:\/\/finatsrl.it\/fr\/wp-json\/wp\/v2\/types\/product"}],"wp:featuredmedia":[{"embeddable":true,"href":"https:\/\/finatsrl.it\/fr\/wp-json\/wp\/v2\/media\/9478"}],"wp:attachment":[{"href":"https:\/\/finatsrl.it\/fr\/wp-json\/wp\/v2\/media?parent=12424"}],"wp:term":[{"taxonomy":"product_brand","embeddable":true,"href":"https:\/\/finatsrl.it\/fr\/wp-json\/wp\/v2\/product_brand?post=12424"},{"taxonomy":"product_cat","embeddable":true,"href":"https:\/\/finatsrl.it\/fr\/wp-json\/wp\/v2\/product_cat?post=12424"},{"taxonomy":"product_tag","embeddable":true,"href":"https:\/\/finatsrl.it\/fr\/wp-json\/wp\/v2\/product_tag?post=12424"}],"curies":[{"name":"wp","href":"https:\/\/api.w.org\/{rel}","templated":true}]}}