{"id":12397,"date":"2025-01-27T15:54:31","date_gmt":"2025-01-27T14:54:31","guid":{"rendered":"https:\/\/finatnew.newhosting.intellijam.com\/prodotto\/sigillante-adesivo-poliuretanico-3m-551\/"},"modified":"2025-11-26T12:10:18","modified_gmt":"2025-11-26T11:10:18","slug":"sigillante-adesivo-poliuretanico-3m-551","status":"publish","type":"product","link":"https:\/\/finatsrl.it\/fr\/product\/sigillante-adesivo-poliuretanico-3m-551\/","title":{"rendered":"Sigillante adesivo poliuretanico 3M 551"},"content":{"rendered":"<div class=\"product-bullet-block\">\n<div class=\"bullet n1\">Sigillante adesivo universale<\/div>\n<div class=\"bullet n2\">Tenuta media<\/div>\n<div class=\"bullet n3\">Tempo di indurimento di 2-3 ore<\/div>\n<div class=\"bullet n4\"><\/div>\n<div class=\"bullet n5\"><\/div>\n<div class=\"bullet n6\"><\/div>\n<div class=\"bullet n7\"><\/div>\n<\/div>\n<div class=\"product-description-block\">\n<div class=\"short\">Il sigillante adesivo poliuretanico 3M 551 \u00e8 un sigillante poliuretanico con lungo tempo di esposizione concepito come agente sigillante e fissante con buoni risultati sul piano estetico per numerose applicazioni, incluse quelle per i mercati nautico e dei veicoli speciali.<\/div>\n<div class=\"extended\">Concepito per le applicazioni pi\u00f9 complesse che richiedono tempo per allineamenti difficili. Ottima adesione a cemento, legno, alluminio, numerosi metalli verniciati, poliestere, vetro e pietra. Adatto alle applicazioni nautiche sia sopra che sotto la linea di galleggiamento.<\/div>\n<\/div>\n","protected":false},"excerpt":{"rendered":"<p>Il sigillante adesivo poliuretanico 3M 551 \u00e8 un sigillante poliuretanico con lungo tempo di esposizione concepito come agente sigillante e fissante con buoni risultati sul piano estetico per numerose applicazioni, incluse quelle per i mercati nautico e dei veicoli speciali.<\/p>\n","protected":false},"featured_media":9446,"template":"","meta":{"_acf_changed":false},"product_brand":[3337],"product_cat":[29,784],"product_tag":[1113,1179],"class_list":{"0":"post-12397","1":"product","2":"type-product","3":"status-publish","4":"has-post-thumbnail","6":"product_brand-3m","7":"product_cat-adesivi-e-nastri-industriali","8":"product_cat-sigillanti-emfi-e-3m","9":"product_tag-poliuretano","10":"product_tag-sigillante","11":"pa_colore-nero","13":"first","14":"instock","15":"product-type-simple"},"acf":{"short_description":"Il sigillante adesivo poliuretanico 3M 551 \u00e8 progettato per garantire prestazioni superiori in ambienti industriali. Con la sua formula avanzata, offre eccellente adesione e resistenza nel tempo.","long_description":"<p>Il sigillante adesivo poliuretanico 3M 551 rappresenta la soluzione ideale per professionisti e aziende che necessitano di un prodotto altamente performante per le loro applicazioni industriali. Grazie alla sua composizione avanzata, questo sigillante offre una straordinaria aderenza a una vasta gamma di materiali, inclusi metalli, legno, plastica e vetro. La sua formula poliuretanica assicura una resistenza eccezionale agli agenti atmosferici, rendendolo adatto per l'uso sia in interni che in esterni.<\/p>\n<p>Con un tempo di indurimento rapido, il 3M 551 consente di ridurre i tempi di lavorazione, aumentando cos\u00ec l'efficienza nei processi produttivi. Questo prodotto \u00e8 progettato per resistere a temperature estremamente basse e alte, mantenendo la sua integrit\u00e0 strutturale anche in condizioni ambientali avverse. Inoltre, la sua flessibilit\u00e0 lo rende ideale per applicazioni che richiedono un certo grado di movimento tra le superfici incollate.<\/p>\n<p>Scegliendo il sigillante adesivo poliuretanico 3M 551, non solo investi in un prodotto di alta qualit\u00e0, ma anche in una soluzione che migliora la durabilit\u00e0 e l'affidabilit\u00e0 delle tue applicazioni industriali. Questo sigillante \u00e8 anche resistente ai prodotti chimici, garantendo una protezione ottimale in ambienti di lavoro complessi e sfidanti. Non perdere l'opportunit\u00e0 di migliorare i tuoi progetti con il sigillante adesivo poliuretanico 3M 551, la scelta perfetta per chi cerca prestazioni senza compromessi.<\/p>","feature_1":"Formula poliuretanica per un'aderenza ottimale a vari materiali","feature_2":"Resistenza agli agenti atmosferici per applicazioni esterne","feature_3":"Tempo di indurimento rapido per aumentare l'efficienza","feature_4":"Eccellente resistenza a temperature estreme","feature_5":"Flessibilit\u00e0 che assicura durata nel tempo anche in movimenti","feature_6":"Resistente ai prodotti chimici per ambienti industriali complessi","feature_7":"Adesione su metalli, legno, plastica e vetro","feature_8":"Facile applicazione con pistole per sigillanti standard","feature_9":"Non tossico e privo di solventi per una maggiore sicurezza","feature_10":"Certificato secondo le normative industriali per la qualit\u00e0"},"_links":{"self":[{"href":"https:\/\/finatsrl.it\/fr\/wp-json\/wp\/v2\/product\/12397","targetHints":{"allow":["GET"]}}],"collection":[{"href":"https:\/\/finatsrl.it\/fr\/wp-json\/wp\/v2\/product"}],"about":[{"href":"https:\/\/finatsrl.it\/fr\/wp-json\/wp\/v2\/types\/product"}],"wp:featuredmedia":[{"embeddable":true,"href":"https:\/\/finatsrl.it\/fr\/wp-json\/wp\/v2\/media\/9446"}],"wp:attachment":[{"href":"https:\/\/finatsrl.it\/fr\/wp-json\/wp\/v2\/media?parent=12397"}],"wp:term":[{"taxonomy":"product_brand","embeddable":true,"href":"https:\/\/finatsrl.it\/fr\/wp-json\/wp\/v2\/product_brand?post=12397"},{"taxonomy":"product_cat","embeddable":true,"href":"https:\/\/finatsrl.it\/fr\/wp-json\/wp\/v2\/product_cat?post=12397"},{"taxonomy":"product_tag","embeddable":true,"href":"https:\/\/finatsrl.it\/fr\/wp-json\/wp\/v2\/product_tag?post=12397"}],"curies":[{"name":"wp","href":"https:\/\/api.w.org\/{rel}","templated":true}]}}