{"id":12367,"date":"2025-01-27T15:54:31","date_gmt":"2025-01-27T14:54:31","guid":{"rendered":"https:\/\/finatnew.newhosting.intellijam.com\/prodotto\/nastro-3m-vhb-lvo-160bf\/"},"modified":"2025-11-26T12:10:13","modified_gmt":"2025-11-26T11:10:13","slug":"nastro-3m-vhb-lvo-160bf","status":"publish","type":"product","link":"https:\/\/finatsrl.it\/fr\/product\/nastro-3m-vhb-lvo-160bf\/","title":{"rendered":"Nastro 3M VHB LVO-160BF"},"content":{"rendered":"<div class=\"product-bullet-block\">\n<div class=\"bullet n1\">LIVELLI DI COV MOLTO RIDOTTI RISPETTO AI NASTRI IN SCHIUMA COMUNI: progettato con bassi livelli di VOC (composti organici volatili) secondo lo standard di test sulle emissioni VDA 278<\/div>\n<div class=\"bullet n2\">FORMULATO SPECIFICAMENTE PER UN BASSO LIVELLO DI ODORE: progettato per fornire un basso livello di odore secondo lo standard di test sulle emissioni VDA 270<\/div>\n<div class=\"bullet n3\">ADERISCE SU VARI SUBSTRATI: oltre a essere ideale per i materiali a bassa energia superficiale, questo prodotto aderisce bene anche su substrati a media ed elevata energia superficiale<\/div>\n<div class=\"bullet n4\">PER VARI SETTORI: una soluzione ideale per applicazioni industriali interne,\u00a0come elettronica automotive, food &amp; beverage e produzione generale<\/div>\n<div class=\"bullet n5\">CONVENIENTE: soluzione di facile utilizzo che aiuta a risparmiare tempo e fatica durante l&rsquo;uso<\/div>\n<div class=\"bullet n6\">RESISTENZA ALLE TEMPERATURE ELEVATE: adesione e resistenza ingegnerizzate a temperature elevate come 250 \u00b0F (121 \u00b0C)<\/div>\n<div class=\"bullet n7\">SENZA COMPROMESSI: fornisce un&rsquo;adesione eccellente senza sacrificare tenuta e affidabilit\u00e0<\/div>\n<\/div>\n<div class=\"product-description-block\">\n<div class=\"short\">Migliora i design e l&rsquo;esperienza del consumatore con il nostro nastro 3M VHB LVO-160BF. \u00c8 un adesivo acrilico nero, multiuso, da 1,6 mm, con un nucleo in schiuma conformabile, che offre la stessa eccellente adesione e resistenza al taglio che ti aspetteresti dal nastro 3M VHB. Questo prodotto presenta inoltre un basso livello di odore ed emissioni altamente ridotte in forma di composti organici volatili (VOC). Il nastro presenta un basso livello di odore poco rilevabile e composti VOC molto ridotti secondo l&rsquo;ultima versione delle norme di test (VDA 278).<\/div>\n<div class=\"extended\">Da oltre 40 anni, la famiglia di nastri 3M VHB offre prestazioni avanzate per fornire ai clienti i prodotti di cui hanno bisogno per risolvere le sfide quotidiane. Dopo essere stati sottoposti a test rigorosi per garantire che siano privi di sostanze nocive che potrebbero potenzialmente contaminare le applicazioni a contatto con gli alimenti, questi nastri sono i primi della linea di nastri 3M VHB LVO con applicabilit\u00e0 FDA per applicazioni a contatto indiretto con gli alimenti secondo la normativa 21 CFR 175.105. Come soluzione adesiva specializzata formulata per settori legati all&rsquo;ambito alimentare, questo nastro \u00e8 stato accuratamente realizzato per garantire la conformit\u00e0\u00a0a severi requisiti normativi per ispirare fiducia nella qualit\u00e0 e nella sicurezza dei tuoi\u00a0incollaggi adesivi. Il nastro 3M VHB\u00a0LVO viene offerto in diverse dimensioni per soddisfare le esigenze delle tue operazioni pur essendo la scelta ideale per le applicazioni a contatto con gli alimenti. Scopri di pi\u00f9 sulla famiglia di nastri 3M VHB LVO all&rsquo;indirizzo 3M.com\/VHB. Migliora le tue prestazioni relative al nastro scegliendo una soluzione affidabile e mirata.<\/div>\n<\/div>\n","protected":false},"excerpt":{"rendered":"<p>Migliora i design e l&rsquo;esperienza del consumatore con il nostro nastro 3M VHB LVO-160BF. \u00c8 un adesivo acrilico nero, multiuso, da 1,6 mm, con un nucleo in schiuma conformabile, che offre la stessa eccellente adesione e resistenza al taglio che ti aspetteresti dal nastro 3M VHB. Questo prodotto presenta inoltre un basso livello di odore ed emissioni altamente ridotte in forma di composti organici volatili (VOC). Il nastro presenta un basso livello di odore poco rilevabile e composti VOC molto ridotti secondo l&rsquo;ultima versione delle norme di test (VDA 278).<\/p>\n","protected":false},"featured_media":9135,"template":"","meta":{"_acf_changed":false},"product_brand":[3360],"product_cat":[1053,1066],"product_tag":[3711,3710,6597,3709,3137,1250,3149,3146,3136,1251,2518,3142,3134,3135,3141,6598,1584,3147,3143,2828,3140,6599,3145,3138],"class_list":{"0":"post-12367","1":"product","2":"type-product","3":"status-publish","4":"has-post-thumbnail","6":"product_brand-vhb","7":"product_cat-industrial-adhesives-tapes-fr","8":"product_cat-foam-tapes-fr","9":"product_tag-21-cfr-175-105","10":"product_tag-adesivo-per-spigoli-taglienti","11":"product_tag-applicabilita-fda","12":"product_tag-applicazione-facile-e-veloce","13":"product_tag-bassi-livelli-di-composti-organici-volatili","14":"product_tag-basso-livello-di-odore","15":"product_tag-conforme-al-settore-food-beverage","16":"product_tag-costruzione","17":"product_tag-emissioni-minime-di-nebbia","18":"product_tag-fda","19":"product_tag-forte-adesione","20":"product_tag-gestisce-il-calore","21":"product_tag-nastro-3m-vhb-lvo-con-basso-odore","22":"product_tag-odore-ridotto","23":"product_tag-prestazioni-di-lunga-durata","24":"product_tag-resistente-allumidita","25":"product_tag-resistenza-al-taglio","26":"product_tag-riparazioni-testato-conformemente-a","27":"product_tag-sopporta-i-fattori-ambientali","28":"product_tag-substrati-a-bassa-energia-superficiale","29":"product_tag-tecnologia-avanzata","30":"product_tag-vda278-vda270-nastro-in-schiuma-acrilica-la-produzione-piu-elevata-risparmia-di-tempo-manodopera","31":"product_tag-versatile-assemblaggio-di-elettrodomestici","32":"product_tag-voc-bassi","33":"pa_colore-nero","35":"first","36":"instock","37":"product-type-simple"},"acf":{"short_description":"Il Nastro 3M VHB LVO-160BF \u00e8 la soluzione perfetta per le tue esigenze di adesione industriale. Con una tecnologia avanzata, offre prestazioni superiori e durata nel tempo.","long_description":"<p>Il Nastro 3M VHB LVO-160BF rappresenta un'innovazione nel campo degli adesivi e nastri industriali. Progettato per offrire prestazioni eccezionali, questo nastro \u00e8 caratterizzato da una tecnologia di adesione molto potente, che lo rende ideale per una vasta gamma di applicazioni industriali. Realizzato in schiuma acrilica, il nastro presenta un'ottima resistenza agli agenti atmosferici, il che lo rende perfetto per l'uso sia interno che esterno. Grazie alla sua facilit\u00e0 d'uso, \u00e8 perfetto per l'assemblaggio di componenti in vari settori, come l'automotive, l'edilizia e l'elettronica.<\/p>\n<p>La sua capacit\u00e0 di resistere a temperature elevate e basse lo rende versatile e adatto a condizioni ambientali estreme. Inoltre, il Nastro 3M VHB LVO-160BF \u00e8 progettato per garantire una lunga durata, riducendo la necessit\u00e0 di sostituzioni frequenti e contribuendo cos\u00ec a una maggiore efficienza operativa. La sua applicazione \u00e8 semplice e veloce, grazie alla disponibilit\u00e0 in rotoli di diverse dimensioni, che si adattano perfettamente a ogni necessit\u00e0. Utilizzando questo nastro, potrai ottenere una finitura pulita e professionale, senza la necessit\u00e0 di strumenti aggiuntivi. Scegli il Nastro 3M VHB LVO-160BF per le tue soluzioni di adesione industriale e scopri la differenza in termini di qualit\u00e0 e prestazioni.<\/p>","feature_1":"Adesione superiore per una vasta gamma di materiali","feature_2":"Resistente all'acqua e agli agenti atmosferici","feature_3":"Facile da applicare senza necessit\u00e0 di strumenti aggiuntivi","feature_4":"Ottima resistenza a temperature elevate e basse","feature_5":"Progettato per applicazioni interne ed esterne","feature_6":"Finitura pulita e professionale","feature_7":"Riduzione dei tempi di assemblaggio","feature_8":"Compatibile con diverse superfici, incluso metallo e plastica","feature_9":"Durevole, con una vita utile prolungata","feature_10":"Disponibile in rotoli di diverse dimensioni per ogni esigenza"},"_links":{"self":[{"href":"https:\/\/finatsrl.it\/fr\/wp-json\/wp\/v2\/product\/12367","targetHints":{"allow":["GET"]}}],"collection":[{"href":"https:\/\/finatsrl.it\/fr\/wp-json\/wp\/v2\/product"}],"about":[{"href":"https:\/\/finatsrl.it\/fr\/wp-json\/wp\/v2\/types\/product"}],"wp:featuredmedia":[{"embeddable":true,"href":"https:\/\/finatsrl.it\/fr\/wp-json\/wp\/v2\/media\/9135"}],"wp:attachment":[{"href":"https:\/\/finatsrl.it\/fr\/wp-json\/wp\/v2\/media?parent=12367"}],"wp:term":[{"taxonomy":"product_brand","embeddable":true,"href":"https:\/\/finatsrl.it\/fr\/wp-json\/wp\/v2\/product_brand?post=12367"},{"taxonomy":"product_cat","embeddable":true,"href":"https:\/\/finatsrl.it\/fr\/wp-json\/wp\/v2\/product_cat?post=12367"},{"taxonomy":"product_tag","embeddable":true,"href":"https:\/\/finatsrl.it\/fr\/wp-json\/wp\/v2\/product_tag?post=12367"}],"curies":[{"name":"wp","href":"https:\/\/api.w.org\/{rel}","templated":true}]}}