{"id":12321,"date":"2025-01-27T15:54:07","date_gmt":"2025-01-27T14:54:07","guid":{"rendered":"https:\/\/finatnew.newhosting.intellijam.com\/prodotto\/nastro-biadesivo-3m-99786\/"},"modified":"2025-11-26T12:10:09","modified_gmt":"2025-11-26T11:10:09","slug":"nastro-biadesivo-3m-99786","status":"publish","type":"product","link":"https:\/\/finatsrl.it\/fr\/product\/nastro-biadesivo-3m-99786\/","title":{"rendered":"Nastro biadesivo 3M 99786+"},"content":{"rendered":"<div class=\"product-bullet-block\">\n<div class=\"bullet n1\">Nastro biadesivo sottile da 140 \u00b5m con supporto in tessuto-non-tessuto su un liner di carta stampata Kraft in politenato #58.<\/div>\n<div class=\"bullet n2\">Conformabile, buona resistenza ai raggi UV, alle sostanze chimiche, ottimo per i materiali con alta energia superficiale (HSE) e con bassa energia superficiale (LSE).<\/div>\n<div class=\"bullet n3\">Usato come nastro biadesivo per uso generico ideale per un&rsquo;ampia gamma di applicazioni.<\/div>\n<div class=\"bullet n4\">Resiste alla temperatura fino a 121\u00b0C per cicli brevi e a 65\u00b0C per cicli lunghi<\/div>\n<div class=\"bullet n5\"><\/div>\n<div class=\"bullet n6\"><\/div>\n<div class=\"bullet n7\"><\/div>\n<\/div>\n<div class=\"product-description-block\">\n<div class=\"short\">Adesivo acrilico ad alta adesione 300MP 140 \u00b5m con supporto in tessuto-non-tessuto su un liner di carta Kraft in politenato 107 \u03bcm #58.<\/div>\n<div class=\"extended\">Supporto in tessuto-non-tessuto per stabilit\u00e0 dimensionale e migliore manipolazione. Adesivo acrilico a forte tenuta con elevata adesione iniziale. Utilizzato per le applicazioni generiche di montaggio e giunzione (splicing). Fissaggio rapido e semplice di bordi di moquette, strappabile a mano.<\/div>\n<\/div>\n","protected":false},"excerpt":{"rendered":"<p>Adesivo acrilico ad alta adesione 300MP 140 \u00b5m con supporto in tessuto-non-tessuto su un liner di carta Kraft in politenato 107 \u03bcm #58.<\/p>\n","protected":false},"featured_media":9386,"template":"","meta":{"_acf_changed":false},"product_brand":[3337],"product_cat":[1053,1083],"product_tag":[3338,3348,3689,3565,3266,2094,3264,3267,1618,3262,2412,1101,3263,1666,1706,1662,3265,3268,3261,1647],"class_list":{"0":"post-12321","1":"product","2":"type-product","3":"status-publish","4":"has-post-thumbnail","6":"product_brand-3m","7":"product_cat-industrial-adhesives-tapes-fr","8":"product_cat-thin-bonding-tapes-fr","9":"product_tag-3m","10":"product_tag-adesivo-acrilico","11":"product_tag-alta-adesione","12":"product_tag-alta-energia-superficiale","13":"product_tag-applicazioni-generiche","14":"product_tag-bassa-energia-superficiale","15":"product_tag-conformabile","16":"product_tag-fissaggio-bordi-moquette","17":"product_tag-giunzione","18":"product_tag-liner-di-carta-kraft","19":"product_tag-montaggio","20":"product_tag-nastro-biadesivo","21":"product_tag-politenato","22":"product_tag-resistente-al-calore","23":"product_tag-resistenza-ai-raggi-uv","24":"product_tag-resistenza-alla-temperatura","25":"product_tag-resistenza-alle-sostanze-chimiche","26":"product_tag-strappabile-a-mano","27":"product_tag-tessuto-non-tessuto","28":"product_tag-uso-industriale","29":"pa_colore-trasparente","31":"first","32":"instock","33":"product-type-simple"},"acf":{"short_description":"Il nastro biadesivo 3M 99786+ \u00e8 l'alleato ideale per tutte le tue esigenze di incollaggio. Con prestazioni superiori e adesione immediata, \u00e8 perfetto per applicazioni industriali e commerciali.","long_description":"<p>Il nastro biadesivo 3M 99786+ rappresenta una soluzione all'avanguardia nel settore degli adesivi e nastri industriali. Progettato per garantire una tenuta eccezionale su una vasta gamma di superfici, questo nastro \u00e8 l'ideale per applicazioni che richiedono robustezza e affidabilit\u00e0. Realizzato con materiali di alta qualit\u00e0, il 3M 99786+ offre un'adesione immediata e duratura, rendendolo perfetto per l'uso in ambienti industriali e commerciali.<\/p>\n<p>Con una larghezza di 19 mm e uno spessore di soli 0,1 mm, questo nastro biadesivo sottile \u00e8 perfetto per applicazioni in cui lo spazio \u00e8 limitato. La sua formula adesiva unica assicura una presa forte e sicura, anche su superfici difficili come metallo, plastica e vetro. Grazie alla sua resistenza alle temperature, il nastro pu\u00f2 essere utilizzato in ambienti variabili, mantenendo le sue prestazioni anche in condizioni estreme.<\/p>\n<p>Inoltre, il nastro biadesivo 3M 99786+ \u00e8 progettato per resistere all'umidit\u00e0 e agli agenti chimici, offrendo una protezione eccellente in applicazioni esterne e in ambienti industriali. La sua applicazione \u00e8 semplice e veloce: basta rimuovere la pellicola protettiva e premere per ottenere una tenuta immediata. Questo lo rende ideale per l'assemblaggio di componenti, la lavorazione di materiali e per progetti fai-da-te che richiedono un'adesione sicura e duratura.<\/p>\n<p>Scegli il nastro biadesivo 3M 99786+ per le tue prossime applicazioni industriali e scopri la differenza che la qualit\u00e0 e l'innovazione possono fare. Con la sua versatilit\u00e0 e le sue prestazioni superiori, \u00e8 il prodotto perfetto per chi cerca soluzioni di incollaggio ad alte prestazioni.<\/p>","feature_1":"Adesione immediata su molte superfici diverse","feature_2":"Spessore ridotto di 0,1 mm per applicazioni discrete","feature_3":"Resistente a temperature variabili da -40\u00b0C a +150\u00b0C","feature_4":"Ottima resistenza all'umidit\u00e0 e agli agenti chimici","feature_5":"Applicazione semplice e veloce senza necessit\u00e0 di attrezzature","feature_6":"Ideale per assemblaggi e fissaggi in ambito industriale","feature_7":"Compatibile con metallo, plastica e vetro","feature_8":"Elevata tenuta anche in condizioni difficili","feature_9":"Perfetto per progetti di bricolage e fai-da-te","feature_10":"Fornito in rotoli da 50 metri per una lunga durata"},"_links":{"self":[{"href":"https:\/\/finatsrl.it\/fr\/wp-json\/wp\/v2\/product\/12321","targetHints":{"allow":["GET"]}}],"collection":[{"href":"https:\/\/finatsrl.it\/fr\/wp-json\/wp\/v2\/product"}],"about":[{"href":"https:\/\/finatsrl.it\/fr\/wp-json\/wp\/v2\/types\/product"}],"wp:featuredmedia":[{"embeddable":true,"href":"https:\/\/finatsrl.it\/fr\/wp-json\/wp\/v2\/media\/9386"}],"wp:attachment":[{"href":"https:\/\/finatsrl.it\/fr\/wp-json\/wp\/v2\/media?parent=12321"}],"wp:term":[{"taxonomy":"product_brand","embeddable":true,"href":"https:\/\/finatsrl.it\/fr\/wp-json\/wp\/v2\/product_brand?post=12321"},{"taxonomy":"product_cat","embeddable":true,"href":"https:\/\/finatsrl.it\/fr\/wp-json\/wp\/v2\/product_cat?post=12321"},{"taxonomy":"product_tag","embeddable":true,"href":"https:\/\/finatsrl.it\/fr\/wp-json\/wp\/v2\/product_tag?post=12321"}],"curies":[{"name":"wp","href":"https:\/\/api.w.org\/{rel}","templated":true}]}}