{"id":12219,"date":"2025-01-27T15:53:22","date_gmt":"2025-01-27T14:53:22","guid":{"rendered":"https:\/\/finatnew.newhosting.intellijam.com\/prodotto\/adesivo-poliuretanico-3m-scotch-weld-dp610\/"},"modified":"2025-11-26T12:09:40","modified_gmt":"2025-11-26T11:09:40","slug":"adesivo-poliuretanico-3m-scotch-weld-dp610","status":"publish","type":"product","link":"https:\/\/finatsrl.it\/fr\/product\/adesivo-poliuretanico-3m-scotch-weld-dp610\/","title":{"rendered":"Adesivo poliuretanico 3M Scotch-Weld DP610"},"content":{"rendered":"<div class=\"product-bullet-block\">\n<div class=\"bullet n1\">Compatibile con ugello Material ID 7100104991<\/div>\n<div class=\"bullet n2\">Trasparente, non ingiallisce<\/div>\n<div class=\"bullet n3\">Adesivo molto flessibile<\/div>\n<div class=\"bullet n4\">Tempo di lavorabilit\u00e0 di 10 minuti e tempo di manipolazione in 2 ore circa<\/div>\n<div class=\"bullet n5\">Incolla plastiche, vetro e metalli verniciati<\/div>\n<div class=\"bullet n6\"><\/div>\n<div class=\"bullet n7\"><\/div>\n<\/div>\n<div class=\"product-description-block\">\n<div class=\"short\">3M Scotch-Weld DP610 \u00e8 un adesivo poliuretanico flessibile per l&rsquo;incollaggio di plastiche, vetro e metalli verniciati.<\/div>\n<div class=\"extended\">L&rsquo;adesivo poliuretanico 3M Scotch-Weld DP610 \u00e8 un adesivo strutturale trasparente e flessibile. Ottimo per il fissaggio della maggior parte delle plastiche, del vetro e dei metalli, con un tempo di lavorabilit\u00e0 di 10 minuti circa, questo prodotto raggiunge il tempo di manipolazione in 2 ore circa.;;Questo prodotto vanta una nitidezza eccellente e non ingiallisce: caratteristiche positive per le applicazioni in cui una finitura esteticamente gradevole \u00e8 importante, ad esempio per il fissaggio del vetro, ma anche di molte plastiche trasparenti. Poich\u00e9 questo prodotto \u00e8 flessibile una volta polimerizzato, \u00e8 una buona opzione per il fissaggio di pi\u00f9 materiali.<\/div>\n<\/div>\n","protected":false},"excerpt":{"rendered":"<p>3M Scotch-Weld DP610 \u00e8 un adesivo poliuretanico flessibile per l&rsquo;incollaggio di plastiche, vetro e metalli verniciati.<\/p>\n","protected":false},"featured_media":9316,"template":"","meta":{"_acf_changed":false},"product_brand":[3346],"product_cat":[29,288],"product_tag":[1135,1136],"class_list":{"0":"post-12219","1":"product","2":"type-product","3":"status-publish","4":"has-post-thumbnail","6":"product_brand-scotch-weld","7":"product_cat-adesivi-e-nastri-industriali","8":"product_cat-adesivi-strutturali","9":"product_tag-bicomponente","10":"product_tag-strutturale","12":"first","13":"instock","14":"product-type-simple"},"acf":{"short_description":"L'adesivo poliuretanico 3M Scotch-Weld DP610 \u00e8 la soluzione ideale per unioni strutturali robuste e durature. Perfetto per applicazioni industriali, offre prestazioni superiori e una facilit\u00e0 d'uso senza pari.","long_description":"<p>L'adesivo poliuretanico 3M Scotch-Weld DP610 \u00e8 un prodotto di alta qualit\u00e0 progettato per soddisfare le esigenze delle applicazioni industriali pi\u00f9 impegnative. Questo adesivo \u00e8 particolarmente noto per la sua straordinaria capacit\u00e0 di legare materiali diversi, tra cui metalli, plastica e legno, risultando un alleato prezioso in numerosi settori. Grazie alla sua formulazione avanzata, il DP610 offre una resistenza meccanica eccezionale e una tenuta duratura, rendendolo ideale per applicazioni strutturali.<\/p>\n<p>Una delle caratteristiche distintive di questo adesivo \u00e8 la sua rapida polimerizzazione che consente di ridurre i tempi di attesa e aumentare l'efficienza produttiva. Infatti, il DP610 raggiunge una resistenza finale in tempi brevi, permettendo di proseguire con il lavoro senza lunghe interruzioni. Inoltre, la sua versatilit\u00e0 lo rende adatto a una vasta gamma di superfici e materiali, garantendo un'adesione sicura anche in condizioni ambientali avverse.<\/p>\n<p>Non da meno \u00e8 la sua resistenza agli agenti chimici e all'umidit\u00e0, che lo rendono perfetto per applicazioni esterne e in ambienti difficili. Il DP610 \u00e8 inoltre progettato per resistere a temperature estreme, mantenendo performance elevate anche in situazioni di stress termico.<\/p>\n<p>Le applicazioni tipiche includono l'assemblaggio di parti in metallo, la riparazione di componenti e la creazione di strutture complesse. Con l'adesivo poliuretanico 3M Scotch-Weld DP610, gli operatori possono contare su un prodotto affidabile che migliora la qualit\u00e0 del lavoro e garantisce risultati professionali nel lungo termine. Scegliere il DP610 significa investire in un adesivo che unisce praticit\u00e0 e prestazioni elevate, rendendolo un'opzione preferenziale per chi cerca soluzioni industriali di qualit\u00e0.<\/p>","feature_1":"Formulazione poliuretanica ad alta resistenza","feature_2":"Adesione a materiali diversi: metalli, plastica e legno","feature_3":"Tempo di polimerizzazione rapido per una maggiore efficienza","feature_4":"Resistenza meccanica eccezionale","feature_5":"Ottima tenuta in condizioni di umidit\u00e0","feature_6":"Resistente agli agenti chimici","feature_7":"Performance elevate anche a temperature estreme","feature_8":"Facile da applicare con una pistola per adesivi","feature_9":"Ideale per applicazioni strutturali","feature_10":"Conforme alle normative di sicurezza industriali"},"_links":{"self":[{"href":"https:\/\/finatsrl.it\/fr\/wp-json\/wp\/v2\/product\/12219","targetHints":{"allow":["GET"]}}],"collection":[{"href":"https:\/\/finatsrl.it\/fr\/wp-json\/wp\/v2\/product"}],"about":[{"href":"https:\/\/finatsrl.it\/fr\/wp-json\/wp\/v2\/types\/product"}],"wp:featuredmedia":[{"embeddable":true,"href":"https:\/\/finatsrl.it\/fr\/wp-json\/wp\/v2\/media\/9316"}],"wp:attachment":[{"href":"https:\/\/finatsrl.it\/fr\/wp-json\/wp\/v2\/media?parent=12219"}],"wp:term":[{"taxonomy":"product_brand","embeddable":true,"href":"https:\/\/finatsrl.it\/fr\/wp-json\/wp\/v2\/product_brand?post=12219"},{"taxonomy":"product_cat","embeddable":true,"href":"https:\/\/finatsrl.it\/fr\/wp-json\/wp\/v2\/product_cat?post=12219"},{"taxonomy":"product_tag","embeddable":true,"href":"https:\/\/finatsrl.it\/fr\/wp-json\/wp\/v2\/product_tag?post=12219"}],"curies":[{"name":"wp","href":"https:\/\/api.w.org\/{rel}","templated":true}]}}