{"id":12212,"date":"2025-02-01T10:32:47","date_gmt":"2025-02-01T09:32:47","guid":{"rendered":"https:\/\/finatnew.newhosting.intellijam.com\/prodotto\/acceleratore-adesivo-acrilico-3m-scotch-weld-a3-2\/"},"modified":"2025-11-26T12:09:39","modified_gmt":"2025-11-26T11:09:39","slug":"acceleratore-adesivo-acrilico-3m-scotch-weld-a3-2","status":"publish","type":"product","link":"https:\/\/finatsrl.it\/fr\/product\/acceleratore-adesivo-acrilico-3m-scotch-weld-a3-2\/","title":{"rendered":"Acceleratore adesivo acrilico 3M Scotch-Weld A3-2"},"content":{"rendered":"<div class=\"product-bullet-block\">\n<div class=\"bullet n1\">Attivatore sviluppato per l&rsquo;impiego con gli adesivi acrilici tra cui DP8805NS, DP8810NS e DP8828NS<\/div>\n<div class=\"bullet n2\">Permette un&rsquo;adesione rapida e tenace. Rapporto di miscelazione 10:1<\/div>\n<div class=\"bullet n3\">Sviluppato per adesioni tenaci, resistenti agli impatti e durature<\/div>\n<div class=\"bullet n4\">Sviluppato per applicazioni affidabili, accurate e senza colature,<\/div>\n<div class=\"bullet n5\"><\/div>\n<div class=\"bullet n6\"><\/div>\n<div class=\"bullet n7\"><\/div>\n<\/div>\n<div class=\"product-description-block\">\n<div class=\"short\">L&rsquo;accelerante per adesivo acrilico 3M Scotch-Weld A3-2 \u00e8 la parte A di un adesivo acrilico bicomponente. Sviluppato per l&rsquo;uso con i nostri adesivi acrilici 3M Scotch-Weld DP8805NS, DP8810NS e DP8825NS.<\/div>\n<div class=\"extended\">L&rsquo;attivatore per adesivi acrilici 3M Scotch Weld A3 2 \u00e8 la parte A che deve essere miscelata con la base (parte B) per ottenere l&rsquo;adesivo acrilico bicomponente. Il sistema B\/A (adesivo acrilico base venduto separatamente) ha rapporto di miscelazione 10:1; l&rsquo;acceleratore agisce in pochi minuti. Questo sistema bicomponente garantisce adesioni tenaci, durature e resistenti agli urti. I prodotti offrono eccellente resistenza a taglio, pelatura e impatto su molte materie plastiche e metalli, compresi quelli con superfici leggermente oleose. Ideale attivatore per applicazioni di adesivi acrilici tra cui: DP8805NS, DP8810NS e DP8825NS. Applicazioni consigliate &#8211; Lavorazione di metalli come HVAC, elettrodomestici, articoli sportivi e veicoli speciali &#8211; Produzione di insegne, incollaggio di pannelli su cornici, rifiniture, lettere e assemblaggi di cornici &#8211; Incollaggio di plastiche, materiali compositi e metalli verniciati a polvere<\/div>\n<\/div>\n","protected":false},"excerpt":{"rendered":"<p>L&rsquo;accelerante per adesivo acrilico 3M Scotch-Weld A3-2 \u00e8 la parte A di un adesivo acrilico bicomponente. Sviluppato per l&rsquo;uso con i nostri adesivi acrilici 3M Scotch-Weld DP8805NS, DP8810NS e DP8825NS.<\/p>\n","protected":false},"featured_media":12719,"template":"","meta":{"_acf_changed":false},"product_brand":[3346],"product_cat":[29,288],"product_tag":[3860],"class_list":{"0":"post-12212","1":"product","2":"type-product","3":"status-publish","4":"has-post-thumbnail","6":"product_brand-scotch-weld","7":"product_cat-adesivi-e-nastri-industriali","8":"product_cat-adesivi-strutturali","9":"product_tag-resina-acrilicacolla-acrilica","11":"first","12":"instock","13":"product-type-simple"},"acf":{"short_description":"L'acceleratore adesivo acrilico 3M Scotch-Weld A3-2 \u00e8 la soluzione ideale per garantire una rapida e resistente adesione nei tuoi progetti industriali. Sfrutta la sua formula avanzata per risultati professionali.","long_description":"<p>L'acceleratore adesivo acrilico 3M Scotch-Weld A3-2 \u00e8 progettato per ottimizzare la performance degli adesivi acrilici, permettendo una rapida polimerizzazione e una resistenza superiore. Grazie alla sua formulazione innovativa, questo prodotto \u00e8 particolarmente efficace per applicazioni in ambienti industriali, dove la velocit\u00e0 e l'affidabilit\u00e0 sono fondamentali. Con un tempo di asciugatura ridotto, l'A3-2 consente di accorciare i tempi di produzione, rendendolo ideale per aziende che necessitano di un'adesione rapida e duratura.<\/p>\n<p>Le sue caratteristiche tecniche lo rendono un alleato prezioso per applicazioni che richiedono adesivi strutturali, garantendo una tenuta sicura anche su superfici difficili. La compatibilit\u00e0 con vari materiali, come metallo, plastica e legno, rende l'acceleratore versatile e adatto a molteplici settori. Inoltre, la facilit\u00e0 d'uso \u00e8 un'altra delle sue preziose qualit\u00e0, consentendo anche a chi non ha esperienza di ottenere risultati professionali senza difficolt\u00e0.<\/p>\n<p>La sua formula \u00e8 studiata per ridurre il rischio di errori durante l'applicazione, assicurando una distribuzione uniforme e una finitura impeccabile. La sicurezza del prodotto \u00e8 garantita, rispettando le normative industriali pi\u00f9 severe. Che tu stia lavorando a un progetto di assemblaggio o a riparazioni strutturali, l'acceleratore adesivo acrilico 3M Scotch-Weld A3-2 \u00e8 la scelta perfetta per chi cerca efficienza e qualit\u00e0.<\/p>","feature_1":"Formula avanzata per rapida polimerizzazione","feature_2":"Compatibile con adesivi acrilici 3M","feature_3":"Riduzione dei tempi di asciugatura fino al 50%","feature_4":"Adesione forte e duratura su vari materiali","feature_5":"Facile applicazione con pennello o spruzzatore","feature_6":"Ideale per applicazioni industriali e strutturali","feature_7":"Resistente a temperature elevate e condizioni ambientali difficili","feature_8":"Sicuro e conforme alle normative industriali","feature_9":"Non tossico e privo di solventi nocivi","feature_10":"Eccellente per assemblaggi e riparazioni rapide"},"_links":{"self":[{"href":"https:\/\/finatsrl.it\/fr\/wp-json\/wp\/v2\/product\/12212","targetHints":{"allow":["GET"]}}],"collection":[{"href":"https:\/\/finatsrl.it\/fr\/wp-json\/wp\/v2\/product"}],"about":[{"href":"https:\/\/finatsrl.it\/fr\/wp-json\/wp\/v2\/types\/product"}],"wp:featuredmedia":[{"embeddable":true,"href":"https:\/\/finatsrl.it\/fr\/wp-json\/wp\/v2\/media\/12719"}],"wp:attachment":[{"href":"https:\/\/finatsrl.it\/fr\/wp-json\/wp\/v2\/media?parent=12212"}],"wp:term":[{"taxonomy":"product_brand","embeddable":true,"href":"https:\/\/finatsrl.it\/fr\/wp-json\/wp\/v2\/product_brand?post=12212"},{"taxonomy":"product_cat","embeddable":true,"href":"https:\/\/finatsrl.it\/fr\/wp-json\/wp\/v2\/product_cat?post=12212"},{"taxonomy":"product_tag","embeddable":true,"href":"https:\/\/finatsrl.it\/fr\/wp-json\/wp\/v2\/product_tag?post=12212"}],"curies":[{"name":"wp","href":"https:\/\/api.w.org\/{rel}","templated":true}]}}