{"id":12094,"date":"2025-01-27T15:52:58","date_gmt":"2025-01-27T14:52:58","guid":{"rendered":"https:\/\/finatnew.newhosting.intellijam.com\/prodotto\/adesivo-a-caldo-3m-hot-melt-6111-htb\/"},"modified":"2025-11-26T12:09:20","modified_gmt":"2025-11-26T11:09:20","slug":"adesivo-a-caldo-3m-hot-melt-6111-htb","status":"publish","type":"product","link":"https:\/\/finatsrl.it\/fr\/product\/adesivo-a-caldo-3m-hot-melt-6111-htb\/","title":{"rendered":"Adesivo a caldo 3M Hot Melt 6111 HTB"},"content":{"rendered":"<div class=\"product-bullet-block\">\n<div class=\"bullet n1\">Adesivo spray 100% solido senza volatili<\/div>\n<div class=\"bullet n2\">Offre un&rsquo;eccellente adesione a polipropilene e altre materie plastiche a bassa energia superficiale (LSE)<\/div>\n<div class=\"bullet n3\">Il tempo aperto prolungato consente l&rsquo;assemblaggio di grandi superfici<\/div>\n<div class=\"bullet n4\"><\/div>\n<div class=\"bullet n5\"><\/div>\n<div class=\"bullet n6\"><\/div>\n<div class=\"bullet n7\"><\/div>\n<\/div>\n<div class=\"product-description-block\">\n<div class=\"short\">L&rsquo;adesivo hot melt spruzzabile 3M 6111HT \u00e8 un adesivo ad alta resistenza e resistente alle alte temperature utilizzato per incollare la maggior parte delle schiume, dei tessuti, dei pannelli truciolari e del metallo sottile. Questo adesivo termoplastico spruzzabile non volatile, solido al 100% non richiede tempi di asciugatura con un overspray minimo, fornendo una soluzione pi\u00f9 sostenibile per aumentare la produttivit\u00e0. Disponibile in blu e marrone.<\/div>\n<div class=\"extended\"><\/div>\n<\/div>\n","protected":false},"excerpt":{"rendered":"<p>L&rsquo;adesivo hot melt spruzzabile 3M 6111HT \u00e8 un adesivo ad alta resistenza e resistente alle alte temperature utilizzato per incollare la maggior parte delle schiume, dei tessuti, dei pannelli truciolari e del metallo sottile. Questo adesivo termoplastico spruzzabile non volatile, solido al 100% non richiede tempi di asciugatura con un overspray minimo, fornendo una soluzione pi\u00f9 sostenibile per aumentare la produttivit\u00e0. Disponibile in blu e marrone.<\/p>\n","protected":false},"featured_media":9220,"template":"","meta":{"_acf_changed":false},"product_brand":[3337],"product_cat":[1052,1076],"product_tag":[3420,1122],"class_list":{"0":"post-12094","1":"product","2":"type-product","3":"status-publish","4":"has-post-thumbnail","6":"product_brand-3m","7":"product_cat-industrial-adhesives-tapes-de","8":"product_cat-sprayable-and-hot-melt-adhes-de","9":"product_tag-adesivo-a-caldo","10":"product_tag-hot-melt","12":"first","13":"instock","14":"product-type-simple"},"acf":{"short_description":"L'adesivo a caldo 3M Hot Melt 6111 HTB \u00e8 la soluzione ideale per applicazioni industriali che richiedono un legame forte e duraturo. Scegli la qualit\u00e0 3M per risultati impeccabili.","long_description":"<p>L'adesivo a caldo 3M Hot Melt 6111 HTB \u00e8 progettato per offrire prestazioni superiori in una vasta gamma di applicazioni industriali. Questo adesivo \u00e8 particolarmente apprezzato per la sua capacit\u00e0 di fornire un legame robusto e duraturo su diversi materiali, rendendolo una scelta eccellente per la produzione e l'assemblaggio. La formulazione avanzata di questo adesivo garantisce un\u2019ottima adesione, anche in condizioni di umidit\u00e0 e calore, assicurando risultati affidabili e costanti nel tempo.<\/p>\n<p>Una delle caratteristiche distintive del 3M Hot Melt 6111 HTB \u00e8 la sua rapida fase di indurimento, che consente un'ottimizzazione dei tempi di produzione, riducendo al minimo i tempi di attesa e aumentando l'efficienza operativa. Grazie alla sua versatilit\u00e0, questo adesivo \u00e8 ideale per l'incollaggio di materiali diversi come carta, legno, plastica e tessuti, rendendolo un prodotto indispensabile nel settore delle soluzioni industriali.<\/p>\n<p>La facilit\u00e0 d'uso del 3M Hot Melt 6111 HTB lo rende perfetto sia per applicazioni manuali che automatizzate, facilitando l'inserimento nelle linee di produzione. Inoltre, il suo design ecologico, privo di solventi, contribuisce a mantenere un ambiente di lavoro pi\u00f9 sicuro e sostenibile.<\/p>\n<p>Con l'adesivo a caldo 3M Hot Melt 6111 HTB, non solo ottieni un prodotto di alta qualit\u00e0, ma anche una soluzione che migliora la tua produttivit\u00e0. Scegliere questo adesivo significa investire in affidabilit\u00e0 e prestazioni, assicurando che i tuoi progetti siano sempre realizzati con la massima cura e precisione.<\/p>","feature_1":"Adesione rapida e duratura su vari materiali","feature_2":"Ideale per applicazioni industriali e commerciali","feature_3":"Formato 11 mm per utilizzo con pistole per adesivi","feature_4":"Resistente a temperature elevate fino a 70\u00b0C","feature_5":"Eccellente prestazione in condizioni di umidit\u00e0","feature_6":"Privo di solventi per un ambiente di lavoro pi\u00f9 sicuro","feature_7":"Facile da applicare sia manualmente che con macchinari","feature_8":"Compatibile con processi di produzione automatizzati","feature_9":"Riduce i tempi di fermo grazie all'indurimento rapido","feature_10":"Certificato per applicazioni in settori sensibili come alimentare e medicale"},"_links":{"self":[{"href":"https:\/\/finatsrl.it\/fr\/wp-json\/wp\/v2\/product\/12094","targetHints":{"allow":["GET"]}}],"collection":[{"href":"https:\/\/finatsrl.it\/fr\/wp-json\/wp\/v2\/product"}],"about":[{"href":"https:\/\/finatsrl.it\/fr\/wp-json\/wp\/v2\/types\/product"}],"wp:featuredmedia":[{"embeddable":true,"href":"https:\/\/finatsrl.it\/fr\/wp-json\/wp\/v2\/media\/9220"}],"wp:attachment":[{"href":"https:\/\/finatsrl.it\/fr\/wp-json\/wp\/v2\/media?parent=12094"}],"wp:term":[{"taxonomy":"product_brand","embeddable":true,"href":"https:\/\/finatsrl.it\/fr\/wp-json\/wp\/v2\/product_brand?post=12094"},{"taxonomy":"product_cat","embeddable":true,"href":"https:\/\/finatsrl.it\/fr\/wp-json\/wp\/v2\/product_cat?post=12094"},{"taxonomy":"product_tag","embeddable":true,"href":"https:\/\/finatsrl.it\/fr\/wp-json\/wp\/v2\/product_tag?post=12094"}],"curies":[{"name":"wp","href":"https:\/\/api.w.org\/{rel}","templated":true}]}}