{"id":12049,"date":"2025-01-27T15:52:30","date_gmt":"2025-01-27T14:52:30","guid":{"rendered":"https:\/\/finatnew.newhosting.intellijam.com\/prodotto\/nastro-estensibile-scotch-8886\/"},"modified":"2025-11-26T12:09:14","modified_gmt":"2025-11-26T11:09:14","slug":"nastro-estensibile-scotch-8886","status":"publish","type":"product","link":"https:\/\/finatsrl.it\/fr\/product\/nastro-estensibile-scotch-8886\/","title":{"rendered":"Nastro estensibile Scotch&reg; 8886"},"content":{"rendered":"<div class=\"product-bullet-block\">\n<div class=\"bullet n1\">Il nastro si estende del 600% per applicazioni da medie a gravose.<\/div>\n<div class=\"bullet n2\">Il processo di allungamento riduce il livello di adesione per evitare danni alla superficie del prodotto.<\/div>\n<div class=\"bullet n3\">Dopo l&rsquo;allungamento, il supporto in polietilene aumenta la resistenza delle applicazioni di fasciatura e fissaggio.<\/div>\n<div class=\"bullet n4\">Applicazioni industriali generiche, centri di stoccaggio e distribuzione.<\/div>\n<div class=\"bullet n5\">Fasciatura, fissaggio e tenuta manuale.<\/div>\n<div class=\"bullet n6\"><\/div>\n<div class=\"bullet n7\"><\/div>\n<\/div>\n<div class=\"product-description-block\">\n<div class=\"short\">Un nastro estensibile trasparente ad alte prestazioni progettato per fissare, fasciare e rinforzare merci per la movimentazione e spedizione tra impianti.<\/div>\n<div class=\"extended\">Crea un carico ventilato per la spedizione di merci sensibili alle temperature Il nostro nastro estensibile Scotch\u00ae 8886 \u00e8 dotato di propriet\u00e0 stretch-release che favoriscono la rimozione completa di residui senza danneggiare le stampe sugli imballi, le istruzioni di spedizione o le altre informazioni sui pallet quando vengono rimossi. Quando allungato fino al 650% in modo ottimale, un rotolo di questo nastro pu\u00f2 essere utilizzato per fissare i carichi di almeno 60 pallet. Il nastro estensibile Scotch\u00ae 8886 \u00e8 una scelta eccellente per operazioni di pallettizzazione leggere o gravose, fasciatura di macchine, fissaggio e tenuta per applicazioni industriali generiche, nonch\u00e9 per applicazioni in centri di stoccaggio e distribuzione. Questa soluzione sostenibile si traduce in un minore spreco rispetto al tradizionale confezionamento sottovuoto. Applicazioni consigliate Pallettizzazione e spedizione di frutta e verdura Sicurezza del carico per la movimentazione tra impianti Isolamento del carico Fasciatura personalizzata<\/div>\n<\/div>\n","protected":false},"excerpt":{"rendered":"<p>Un nastro estensibile trasparente ad alte prestazioni progettato per fissare, fasciare e rinforzare merci per la movimentazione e spedizione tra impianti.<\/p>\n","protected":false},"featured_media":9119,"template":"","meta":{"_acf_changed":false},"product_brand":[3414],"product_cat":[29,891],"product_tag":[1306,1307],"class_list":{"0":"post-12049","1":"product","2":"type-product","3":"status-publish","4":"has-post-thumbnail","6":"product_brand-scotch","7":"product_cat-adesivi-e-nastri-industriali","8":"product_cat-nastri-rinforzati","9":"product_tag-nastro-di-reggiatura","10":"product_tag-nastro-di-reggiatura-per-film","11":"pa_colore-trasparente","13":"first","14":"instock","15":"product-type-simple"},"acf":{"short_description":"Il Nastro estensibile Scotch&reg; 8886 \u00e8 la soluzione ideale per chi cerca un nastro rinforzato di alta qualit\u00e0. Con la sua eccezionale resistenza e versatilit\u00e0, \u00e8 perfetto per applicazioni industriali e commerciali.","long_description":"<p>Il Nastro estensibile Scotch&reg; 8886 \u00e8 un prodotto di punta di Finat SRL, progettato per soddisfare le esigenze pi\u00f9 elevate nel settore delle soluzioni industriali. Questo nastro rinforzato \u00e8 particolarmente adatto per applicazioni che richiedono un'ottima tenuta e resistenza nel tempo. Realizzato con materiali di alta qualit\u00e0, il nastro offre una serie di vantaggi che lo rendono indispensabile per professionisti e aziende.<\/p>\n<p>Tra le sue caratteristiche pi\u00f9 distintive, il Nastro estensibile Scotch&reg; 8886 presenta una struttura robusta e durevole, capace di resistere a stress meccanici e ambientali. La sua adesione immediata e prolungata consente un'applicazione rapida e sicura, riducendo i tempi di lavoro. Inoltre, la sua elasticit\u00e0 permette di adattarsi a diverse superfici, garantendo una copertura efficace in ogni situazione.<\/p>\n<p>La versatilit\u00e0 del nastro lo rende adatto per una vasta gamma di utilizzi, dalla chiusura di pacchi e scatole alla protezione di materiali durante il trasporto. \u00c8 particolarmente utile in contesti industriali, dove l'affidabilit\u00e0 e la qualit\u00e0 sono fondamentali. Infine, il Nastro estensibile Scotch&reg; 8886 \u00e8 progettato per resistere a temperature estreme, umidit\u00e0 e sostanze chimiche, assicurando prestazioni ottimali anche nelle condizioni pi\u00f9 difficili.<\/p>\n<p>Investire nel Nastro estensibile Scotch&reg; 8886 significa scegliere un prodotto che combina tecnologia avanzata e praticit\u00e0, rendendo ogni operazione pi\u00f9 efficiente e sicura. Non lasciare nulla al caso: scegli un nastro che fa la differenza.<\/p>","feature_1":"Adesione rapida e duratura per una tenuta sicura","feature_2":"Struttura rinforzata per resistenza a strappi e usura","feature_3":"Elasticit\u00e0 che consente l'adattamento a varie superfici","feature_4":"Resistente a temperature estreme, da -10\u00b0C a +60\u00b0C","feature_5":"Impermeabile e resistente all'umidit\u00e0 per applicazioni in ambienti difficili","feature_6":"Facile da applicare e rimuovere senza lasciare residui","feature_7":"Compatibile con una vasta gamma di materiali, inclusi plastica e cartone","feature_8":"Ideale per uso industriale e commerciale","feature_9":"Riduzione dei tempi di lavoro grazie alla facilit\u00e0 di utilizzo","feature_10":"Certificato per l'uso in ambienti di lavoro sicuri e conformi agli standard"},"_links":{"self":[{"href":"https:\/\/finatsrl.it\/fr\/wp-json\/wp\/v2\/product\/12049","targetHints":{"allow":["GET"]}}],"collection":[{"href":"https:\/\/finatsrl.it\/fr\/wp-json\/wp\/v2\/product"}],"about":[{"href":"https:\/\/finatsrl.it\/fr\/wp-json\/wp\/v2\/types\/product"}],"wp:featuredmedia":[{"embeddable":true,"href":"https:\/\/finatsrl.it\/fr\/wp-json\/wp\/v2\/media\/9119"}],"wp:attachment":[{"href":"https:\/\/finatsrl.it\/fr\/wp-json\/wp\/v2\/media?parent=12049"}],"wp:term":[{"taxonomy":"product_brand","embeddable":true,"href":"https:\/\/finatsrl.it\/fr\/wp-json\/wp\/v2\/product_brand?post=12049"},{"taxonomy":"product_cat","embeddable":true,"href":"https:\/\/finatsrl.it\/fr\/wp-json\/wp\/v2\/product_cat?post=12049"},{"taxonomy":"product_tag","embeddable":true,"href":"https:\/\/finatsrl.it\/fr\/wp-json\/wp\/v2\/product_tag?post=12049"}],"curies":[{"name":"wp","href":"https:\/\/api.w.org\/{rel}","templated":true}]}}