{"id":12043,"date":"2025-01-27T15:52:30","date_gmt":"2025-01-27T14:52:30","guid":{"rendered":"https:\/\/finatnew.newhosting.intellijam.com\/prodotto\/sigillante-adesivo-per-il-settore-marine-3m-5200\/"},"modified":"2025-11-26T12:11:20","modified_gmt":"2025-11-26T11:11:20","slug":"sigillante-adesivo-per-il-settore-marine-3m-5200","status":"publish","type":"product","link":"https:\/\/finatsrl.it\/fr\/product\/sigillante-adesivo-per-il-settore-marine-3m-5200\/","title":{"rendered":"Sigillante adesivo per il settore Marine 3M 5200"},"content":{"rendered":"<div class=\"product-bullet-block\">\n<div class=\"bullet n1\">Resistenza estrema<\/div>\n<div class=\"bullet n2\">Legami a tenuta stagna<\/div>\n<div class=\"bullet n3\">Utilizzabile sopra o sotto la linea di galleggiamento<\/div>\n<div class=\"bullet n4\">Ideale per superfici ampie quando \u00e8 richiesto un lungo tempo aperto<\/div>\n<div class=\"bullet n5\"><\/div>\n<div class=\"bullet n6\"><\/div>\n<div class=\"bullet n7\"><\/div>\n<\/div>\n<div class=\"product-description-block\">\n<div class=\"short\">Il sigillante adesivo per il settore nautico 3M 5200 \u00e8 estremamente resistente e mantiene tale caratteristica sopra o sotto la linea di galleggiamento. Rimane inoltre flessibile e segue le geometrie della struttura. \u00c8 caratterizzato da un&rsquo;eccellente resistenza agli agenti atmosferici e all&rsquo;acqua di mare.<\/div>\n<div class=\"extended\">Le sollecitazioni dovute a urti, vibrazioni, rigonfiamenti o restringimenti vengono perfettamente assorbite. Il prodotto consente di seguire le seguenti operazioni di fissaggio e sigillatura: coperta in vetroresina con scafo dello stesso materiale, legno con vetroresina, obl\u00f2 e accessori di coperta, motori su traverse in vetroresina, modanature, giunzioni dello scafo sopra o sotto la linea di galleggiamento. Giunzioni della cassa delle derive. Giunzioni tra traversa e tavolato (fasciame). Giunzioni di poppa. Rivestimento della coperta e cos\u00ec via. Facile da applicare con pistola per pistola a mano. Non cola e non fuoriesce lungo le giunzioni verticali o orizzontali.<\/div>\n<\/div>\n","protected":false},"excerpt":{"rendered":"<p>Il sigillante adesivo per il settore nautico 3M 5200 \u00e8 estremamente resistente e mantiene tale caratteristica sopra o sotto la linea di galleggiamento. Rimane inoltre flessibile e segue le geometrie della struttura. \u00c8 caratterizzato da un&rsquo;eccellente resistenza agli agenti atmosferici e all&rsquo;acqua di mare.<\/p>\n","protected":false},"featured_media":9114,"template":"","meta":{"_acf_changed":false},"product_brand":[3337],"product_cat":[29,784],"product_tag":[1113,1179],"class_list":{"0":"post-12043","1":"product","2":"type-product","3":"status-publish","4":"has-post-thumbnail","6":"product_brand-3m","7":"product_cat-adesivi-e-nastri-industriali","8":"product_cat-sigillanti-emfi-e-3m","9":"product_tag-poliuretano","10":"product_tag-sigillante","11":"pa_colore-bianco","12":"pa_colore-nero","14":"first","15":"instock","16":"product-type-variable","17":"has-default-attributes"},"acf":{"short_description":"Il sigillante adesivo per il settore Marine 3M 5200 \u00e8 la soluzione ideale per garantire un'ottima tenuta e resistenza nel tempo. Perfetto per applicazioni marine, offre prestazioni elevate e una versatilit\u00e0 unica.","long_description":"<p>Il sigillante adesivo per il settore Marine 3M 5200 rappresenta un punto di riferimento per le soluzioni industriali nel campo nautico. Progettato per offrire una tenuta eccezionale in condizioni estreme, questo prodotto \u00e8 particolarmente adatto per l'uso in ambienti marini dove resistenza e durabilit\u00e0 sono fondamentali. Grazie alla sua formula avanzata, il 3M 5200 si adatta perfettamente a diverse superfici, tra cui vetroresina, metallo e legno, garantendo un'adesione affidabile e duratura.<\/p>\n<p>Caratterizzato da una consistenza pastosa, il sigillante \u00e8 facile da applicare e permette un'ottima lavorabilit\u00e0 anche in spazi ristretti. La sua capacit\u00e0 di resistere all'acqua e alle sostanze chimiche lo rende ideale per riparazioni e installazioni su imbarcazioni, assicurando una protezione duratura contro infiltrazioni e danni. Inoltre, il prodotto \u00e8 progettato per rimanere flessibile anche dopo la polimerizzazione, riducendo il rischio di crepe e fessurazioni nel tempo.<\/p>\n<p>Il sigillante 3M 5200 \u00e8 disponibile in diverse colorazioni, fornendo opzioni per soddisfare le preferenze estetiche e le esigenze specifiche di ogni progetto. \u00c8 anche resistente ai raggi UV, il che contribuisce a preservarne l'integrit\u00e0 e l'aspetto nel lungo periodo. Con una forza di adesione iniziale elevata, il 3M 5200 garantisce risultati professionali senza compromessi.<\/p>\n<p>Scegliere il sigillante adesivo per il settore Marine 3M 5200 significa optare per un prodotto di alta qualit\u00e0, apprezzato da professionisti e appassionati del settore nautico. La sua versatilit\u00e0 e le prestazioni elevate lo rendono la scelta perfetta per ogni applicazione, dal rinforzo di giunzioni all'installazione di accessori. Non lasciare nulla al caso, scegli la sicurezza e l'affidabilit\u00e0 del sigillante 3M per i tuoi progetti marini.<\/p>","feature_1":"Resistenza all'acqua e alle sostanze chimiche","feature_2":"Adesione su superfici diverse: vetroresina, metallo e legno","feature_3":"Consistenza pastosa per un'applicazione facile e precisa","feature_4":"Flessibilit\u00e0 dopo la polimerizzazione per prevenire crepe","feature_5":"Resistente ai raggi UV per una lunga durata","feature_6":"Eccellente tenuta in condizioni estreme","feature_7":"Disponibile in diverse colorazioni per adattarsi a ogni progetto","feature_8":"Forza di adesione iniziale elevata per risultati rapidi","feature_9":"Ideale per riparazioni e installazioni su imbarcazioni","feature_10":"Certificato per l'uso nel settore Marine con standard di qualit\u00e0 3M"},"_links":{"self":[{"href":"https:\/\/finatsrl.it\/fr\/wp-json\/wp\/v2\/product\/12043","targetHints":{"allow":["GET"]}}],"collection":[{"href":"https:\/\/finatsrl.it\/fr\/wp-json\/wp\/v2\/product"}],"about":[{"href":"https:\/\/finatsrl.it\/fr\/wp-json\/wp\/v2\/types\/product"}],"wp:featuredmedia":[{"embeddable":true,"href":"https:\/\/finatsrl.it\/fr\/wp-json\/wp\/v2\/media\/9114"}],"wp:attachment":[{"href":"https:\/\/finatsrl.it\/fr\/wp-json\/wp\/v2\/media?parent=12043"}],"wp:term":[{"taxonomy":"product_brand","embeddable":true,"href":"https:\/\/finatsrl.it\/fr\/wp-json\/wp\/v2\/product_brand?post=12043"},{"taxonomy":"product_cat","embeddable":true,"href":"https:\/\/finatsrl.it\/fr\/wp-json\/wp\/v2\/product_cat?post=12043"},{"taxonomy":"product_tag","embeddable":true,"href":"https:\/\/finatsrl.it\/fr\/wp-json\/wp\/v2\/product_tag?post=12043"}],"curies":[{"name":"wp","href":"https:\/\/api.w.org\/{rel}","templated":true}]}}