{"id":11903,"date":"2025-01-27T15:51:44","date_gmt":"2025-01-27T14:51:44","guid":{"rendered":"https:\/\/finatnew.newhosting.intellijam.com\/prodotto\/nastro-adesivo-transfer-doppio-liner-3m-7965mp\/"},"modified":"2025-11-26T12:08:55","modified_gmt":"2025-11-26T11:08:55","slug":"nastro-adesivo-transfer-doppio-liner-3m-7965mp","status":"publish","type":"product","link":"https:\/\/finatsrl.it\/fr\/product\/nastro-adesivo-transfer-doppio-liner-3m-7965mp\/","title":{"rendered":"Nastro adesivo transfer doppio liner 3M 7965MP"},"content":{"rendered":"<div class=\"product-bullet-block\">\n<div class=\"bullet n1\">Nastro adesivo transfer con doppio liner 468MP 3M da 127 \u00b5m. Liner in carta Kraft in politenato #83 e #58.<\/div>\n<div class=\"bullet n2\">Resistenza eccellente all&rsquo;umidit\u00e0 e ai solventi. Eccellente resistenza alle alte temperature e al taglio. Resistente ai raggi UV. Semplice da applicare. Non cola. Facile fustellatura. Per la fustellatura selettiva. Ideale per il fissaggio di quadri e di targhe.<\/div>\n<div class=\"bullet n3\">Ideale per il fissaggio di quadri e di targhe. Facile da fustellare e lavorare. Aspetto liscio e uniforme sulla parte esterna degli elementi grafici. Usalo per la fustellatura con regolo in acciaio e taglio.<\/div>\n<div class=\"bullet n4\">Il nastro adesivo transfer con doppio liner presenta un&rsquo;ottima resistenza ai raggi UV e alle alte temperature<\/div>\n<div class=\"bullet n5\">Facile da applicare: non cola e non sporca<\/div>\n<div class=\"bullet n6\">Ottieni un Nastro adesivo transfer per lavorazioni e processi di fustellatura facili.<\/div>\n<div class=\"bullet n7\"><\/div>\n<\/div>\n<div class=\"product-description-block\">\n<div class=\"short\">Il nastro adesivo transfer double linered 3M 7965MP \u00e8 un adesivo acrilico ad alte prestazioni da 127 \u00b5m 200MP su doppio liner di carta Kraft in politenato di 107 \u00b5m #58 e carta Kraft in politenato 155 \u00b5m #83.<\/div>\n<div class=\"extended\">Usa il nastro adesivo transfer double linered 3M 7965MP, per il fissaggio di quadri, elementi grafici e targhette. Il nostro nastro adesivo transfer \u00e8 facile da fustellare e lavorare: \u00e8 ideale per la fustellatura con regolo d&rsquo;acciaio e per il taglio. Il Nastro adesivo transfer double linered 468MP 3M conferisce un aspetto liscio e uniforme alla parte esterna degli elementi grafici.<\/div>\n<\/div>\n","protected":false},"excerpt":{"rendered":"<p>Il nastro adesivo transfer double linered 3M 7965MP \u00e8 un adesivo acrilico ad alte prestazioni da 127 \u00b5m 200MP su doppio liner di carta Kraft in politenato di 107 \u00b5m #58 e carta Kraft in politenato 155 \u00b5m #83.<\/p>\n","protected":false},"featured_media":8775,"template":"","meta":{"_acf_changed":false},"product_brand":[3337],"product_cat":[1052,1082],"product_tag":[1180,1101,1181,1197,1196,1182],"class_list":{"0":"post-11903","1":"product","2":"type-product","3":"status-publish","4":"has-post-thumbnail","6":"product_brand-3m","7":"product_cat-industrial-adhesives-tapes-de","8":"product_cat-thin-bonding-tapes-de","9":"product_tag-biadesivo-acrilico","10":"product_tag-nastro-biadesivo","11":"product_tag-nastro-biadesivo-resistente","12":"product_tag-non-supportato","13":"product_tag-transfer","14":"product_tag-viscoelastico","16":"first","17":"instock","18":"product-type-simple"},"acf":{"short_description":"Il nastro adesivo transfer doppio liner 3M 7965MP \u00e8 ideale per applicazioni industriali che richiedono un'adesione eccezionale e una finitura impeccabile. Perfetto per i professionisti che cercano qualit\u00e0 e affidabilit\u00e0.","long_description":"<p>Il nastro adesivo transfer doppio liner 3M 7965MP \u00e8 una soluzione innovativa per le tue esigenze di adesione nel settore industriale. Questo prodotto \u00e8 progettato per garantire prestazioni superiori e una facilit\u00e0 d'uso senza precedenti. Con una struttura a doppio liner, il nastro offre un'applicazione precisa e pulita, ideale per incollare materiali diversi come plastica, metallo e carta. Grazie alla sua formulazione avanzata, il nastro adesivo 3M 7965MP offre un'adesione immediata e duratura, riducendo al minimo il rischio di sollevamento o distacco nel tempo.<\/p>\n<p>Le sue caratteristiche uniche lo rendono un prodotto di riferimento nel settore degli adesivi e nastri industriali. Questo nastro biadesivo sottile \u00e8 particolarmente utile in applicazioni dove lo spazio \u00e8 limitato, consentendo un incollaggio invisibile e professionale. Inoltre, il nastro 3M \u00e8 resistente agli agenti atmosferici e alle sostanze chimiche, garantendo cos\u00ec un'ottima performance anche in ambienti difficili. Con una larghezza di 12 mm e una lunghezza di 50 m, \u00e8 ottimizzato per un uso prolungato e per soddisfare le esigenze di qualsiasi progetto. Che tu stia realizzando prototipi, assemblaggi o riparazioni, il nastro adesivo transfer doppio liner 3M 7965MP si distingue per affidabilit\u00e0 e versatilit\u00e0.<\/p>\n<p>Non \u00e8 solo un nastro, ma una soluzione completa per il tuo lavoro. Scegli il nastro adesivo 3M 7965MP e scopri la differenza nella qualit\u00e0 e nel risultato finale. Con questo prodotto, ogni applicazione diventa semplice e sicura, garantendo risultati professionali e duraturi.<\/p>","feature_1":"Struttura a doppio liner per applicazioni pulite","feature_2":"Adesione immediata e duratura su vari materiali","feature_3":"Resistente a temperature estreme da -40\u00b0C a +120\u00b0C","feature_4":"Adatto per applicazioni interne ed esterne","feature_5":"Facile da tagliare e applicare senza attrezzi","feature_6":"Spessore ridotto per un incollaggio invisibile","feature_7":"Alta resistenza agli agenti chimici e atmosferici","feature_8":"Larghezza di 12 mm per una versatilit\u00e0 ottimale","feature_9":"Lunghezza di 50 m per un uso prolungato","feature_10":"Certificato per applicazioni industriali di alta qualit\u00e0"},"_links":{"self":[{"href":"https:\/\/finatsrl.it\/fr\/wp-json\/wp\/v2\/product\/11903","targetHints":{"allow":["GET"]}}],"collection":[{"href":"https:\/\/finatsrl.it\/fr\/wp-json\/wp\/v2\/product"}],"about":[{"href":"https:\/\/finatsrl.it\/fr\/wp-json\/wp\/v2\/types\/product"}],"wp:featuredmedia":[{"embeddable":true,"href":"https:\/\/finatsrl.it\/fr\/wp-json\/wp\/v2\/media\/8775"}],"wp:attachment":[{"href":"https:\/\/finatsrl.it\/fr\/wp-json\/wp\/v2\/media?parent=11903"}],"wp:term":[{"taxonomy":"product_brand","embeddable":true,"href":"https:\/\/finatsrl.it\/fr\/wp-json\/wp\/v2\/product_brand?post=11903"},{"taxonomy":"product_cat","embeddable":true,"href":"https:\/\/finatsrl.it\/fr\/wp-json\/wp\/v2\/product_cat?post=11903"},{"taxonomy":"product_tag","embeddable":true,"href":"https:\/\/finatsrl.it\/fr\/wp-json\/wp\/v2\/product_tag?post=11903"}],"curies":[{"name":"wp","href":"https:\/\/api.w.org\/{rel}","templated":true}]}}