{"id":11868,"date":"2025-01-27T15:51:21","date_gmt":"2025-01-27T14:51:21","guid":{"rendered":"https:\/\/finatnew.newhosting.intellijam.com\/prodotto\/nastro-adesivo-transfer-doppio-liner-3m-9553\/"},"modified":"2025-11-26T12:08:39","modified_gmt":"2025-11-26T11:08:39","slug":"nastro-adesivo-transfer-doppio-liner-3m-9553","status":"publish","type":"product","link":"https:\/\/finatsrl.it\/fr\/product\/nastro-adesivo-transfer-doppio-liner-3m-9553\/","title":{"rendered":"Nastro adesivo transfer doppio liner 3M 9553"},"content":{"rendered":"<div class=\"product-bullet-block\">\n<div class=\"bullet n1\">Versione biadesiva da 115 \u00b5m del 9555 su liner di carta Kraft in politenato. Eccellente resistenza al taglio, alla temperatura e agli agenti chimici.<\/div>\n<div class=\"bullet n2\">Fissaggio di materiale grafico economico e giunzioni industriali in generale. Facile da fustellare e lavorare.<\/div>\n<div class=\"bullet n3\">Buona resistenza a solventi e umidit\u00e0. Buona resistenza alle alte temperature e al taglio. Resistente ai raggi UV. Semplice da applicare. Non cola. Facile da fustellare. Consente la fustellatura selettiva.<\/div>\n<div class=\"bullet n4\">Due liner PCK da 900g che aumentano la velocit\u00e0 di lavorazione nei processi di fustellatura e nei processi produttivi<\/div>\n<div class=\"bullet n5\"><\/div>\n<div class=\"bullet n6\"><\/div>\n<div class=\"bullet n7\"><\/div>\n<\/div>\n<div class=\"product-description-block\">\n<div class=\"short\">Il nastro biadesivo a doppio liner 3M 9553 \u00e8 un adesivo acrilico industriale da 115 \u00b5m 220 con doppio liner di carta Kraft in politenato di 107 \u00b5m #58.<\/div>\n<div class=\"extended\">Fissaggio di materiale grafico economico e giunzioni industriali in generale. Buona fustellatura e capacit\u00e0 di essere lavorato. Versione biadesiva del 9555.<\/div>\n<\/div>\n","protected":false},"excerpt":{"rendered":"<p>Il nastro biadesivo a doppio liner 3M 9553 \u00e8 un adesivo acrilico industriale da 115 \u00b5m 220 con doppio liner di carta Kraft in politenato di 107 \u00b5m #58.<\/p>\n","protected":false},"featured_media":8775,"template":"","meta":{"_acf_changed":false},"product_brand":[3337],"product_cat":[29,786],"product_tag":[1180,1101,1181,1197,1196,1182],"class_list":{"0":"post-11868","1":"product","2":"type-product","3":"status-publish","4":"has-post-thumbnail","6":"product_brand-3m","7":"product_cat-adesivi-e-nastri-industriali","8":"product_cat-nastri-biadesivi-sottili","9":"product_tag-biadesivo-acrilico","10":"product_tag-nastro-biadesivo","11":"product_tag-nastro-biadesivo-resistente","12":"product_tag-non-supportato","13":"product_tag-transfer","14":"product_tag-viscoelastico","16":"first","17":"instock","18":"product-type-simple"},"acf":{"short_description":"Il nastro adesivo transfer doppio liner 3M 9553 \u00e8 la soluzione perfetta per applicazioni industriali. Garantisce un'adesione superiore e una facilit\u00e0 d'uso senza pari.","long_description":"<p>Il nastro adesivo transfer doppio liner 3M 9553 \u00e8 progettato per soddisfare le esigenze pi\u00f9 elevate nel settore delle soluzioni industriali. Questo nastro biadesivo sottile \u00e8 realizzato con una tecnologia avanzata, che offre un'adesione eccezionale su una vasta gamma di materiali, rendendolo ideale per applicazioni di incollaggio e assemblaggio. La sua struttura a doppio liner consente una facile gestione e applicazione, riducendo il tempo di lavorazione e aumentando l'efficienza operativa.<\/p>\n<p>Grazie alla sua composizione, il nastro 3M 9553 offre una resistenza alla temperatura che va da -40 \u00b0C a +120 \u00b0C, rendendolo adatto per ambienti di lavoro estremi. Inoltre, la sua elevata trasparenza e leggerezza lo rendono perfetto per applicazioni dove l'estetica \u00e8 fondamentale. La forte adesione iniziale e la resistenza alla pelatura permettono un fissaggio duraturo e affidabile, minimizzando il rischio di distaccamenti.<\/p>\n<p>Questo nastro adesivo \u00e8 particolarmente indicato per l'industria elettronica, della stampa, e per il montaggio di componenti in plastica e metallo. La facilit\u00e0 di applicazione e la pulizia post-installazione lo rendono un prodotto indispensabile per professionisti e aziende che cercano soluzioni di adesione pratiche e altamente performanti. Scegliendo il nastro adesivo transfer doppio liner 3M 9553, investirai in un prodotto che migliorer\u00e0 la qualit\u00e0 dei tuoi lavori e aumenter\u00e0 la produttivit\u00e0 della tua attivit\u00e0.<\/p>","feature_1":"Adesione iniziale rapida e forte","feature_2":"Resistenza alle temperature da -40 \u00b0C a +120 \u00b0C","feature_3":"Struttura a doppio liner per facile applicazione","feature_4":"Elevata trasparenza per finiture estetiche","feature_5":"Resistente a sostanze chimiche e umidit\u00e0","feature_6":"Compatibile con una vasta gamma di materiali","feature_7":"Riduce i tempi di lavorazione grazie alla facilit\u00e0 d'uso","feature_8":"Ideale per applicazioni industriali e commerciali","feature_9":"Forte resistenza alla pelatura per un fissaggio duraturo","feature_10":"Dimensioni: 1,5 mm di spessore e 25 mm di larghezza"},"_links":{"self":[{"href":"https:\/\/finatsrl.it\/fr\/wp-json\/wp\/v2\/product\/11868","targetHints":{"allow":["GET"]}}],"collection":[{"href":"https:\/\/finatsrl.it\/fr\/wp-json\/wp\/v2\/product"}],"about":[{"href":"https:\/\/finatsrl.it\/fr\/wp-json\/wp\/v2\/types\/product"}],"wp:featuredmedia":[{"embeddable":true,"href":"https:\/\/finatsrl.it\/fr\/wp-json\/wp\/v2\/media\/8775"}],"wp:attachment":[{"href":"https:\/\/finatsrl.it\/fr\/wp-json\/wp\/v2\/media?parent=11868"}],"wp:term":[{"taxonomy":"product_brand","embeddable":true,"href":"https:\/\/finatsrl.it\/fr\/wp-json\/wp\/v2\/product_brand?post=11868"},{"taxonomy":"product_cat","embeddable":true,"href":"https:\/\/finatsrl.it\/fr\/wp-json\/wp\/v2\/product_cat?post=11868"},{"taxonomy":"product_tag","embeddable":true,"href":"https:\/\/finatsrl.it\/fr\/wp-json\/wp\/v2\/product_tag?post=11868"}],"curies":[{"name":"wp","href":"https:\/\/api.w.org\/{rel}","templated":true}]}}