{"id":11858,"date":"2025-01-27T15:51:21","date_gmt":"2025-01-27T14:51:21","guid":{"rendered":"https:\/\/finatnew.newhosting.intellijam.com\/prodotto\/spaziatore-per-tastiere-a-membrana-3m-7956wdl\/"},"modified":"2025-11-26T12:08:38","modified_gmt":"2025-11-26T11:08:38","slug":"spaziatore-per-tastiere-a-membrana-3m-7956wdl","status":"publish","type":"product","link":"https:\/\/finatsrl.it\/fr\/product\/spaziatore-per-tastiere-a-membrana-3m-7956wdl\/","title":{"rendered":"Spaziatore per tastiere a membrana 3M 7956WDL"},"content":{"rendered":"<div class=\"product-bullet-block\">\n<div class=\"bullet n1\">Distanziatore per interruttori a membrana a doppio rivestimento da 152 \u00b5m con adesivo da 200 MP su entrambi i lati di un film di poliestere opaco. #58 fodere in carta kraft polycoated lay-flat su ogni lato. Entrambi i liner sono stampati.<\/div>\n<div class=\"bullet n2\">Ideale per la separazione dei circuiti degli interruttori fino all&rsquo;attivazione. Facile da fustellare e lavorare. Per la fustellatura con lama in acciaio. Utilizzato per il fissaggio di elementi grafici.<\/div>\n<div class=\"bullet n3\">Fornisce notevole adesione a metalli e plastiche ad elevata energia superficiale.<\/div>\n<div class=\"bullet n4\"><\/div>\n<div class=\"bullet n5\">Il rivestimento metallizzato a vapore e il colore bianco offrono una forte opacit\u00e0 per facilitare la retroilluminazione ed eliminare il flood coating.<\/div>\n<div class=\"bullet n6\"><\/div>\n<div class=\"bullet n7\"><\/div>\n<\/div>\n<div class=\"product-description-block\">\n<div class=\"short\">Il distanziatore per interruttori a membrana 3M 7956WDL \u00e8 un nastro adesivo acrilico ad alte prestazioni 3M da 152 \u00b5m da 200 MP con un supporto in pellicola di poliestere argento (PET) da 50 \u00b5m su liner in carta kraft polipatinata (PCK) Tan #58 da 107 \u00b5m.<\/div>\n<div class=\"extended\"><\/div>\n<\/div>\n","protected":false},"excerpt":{"rendered":"<p>Il distanziatore per interruttori a membrana 3M 7956WDL \u00e8 un nastro adesivo acrilico ad alte prestazioni 3M da 152 \u00b5m da 200 MP con un supporto in pellicola di poliestere argento (PET) da 50 \u00b5m su liner in carta kraft polipatinata (PCK) Tan #58 da 107 \u00b5m.<\/p>\n","protected":false},"featured_media":8806,"template":"","meta":{"_acf_changed":false},"product_brand":[3337],"product_cat":[29,786],"product_tag":[1180,1273,1274,1101,1181,1182],"class_list":{"0":"post-11858","1":"product","2":"type-product","3":"status-publish","4":"has-post-thumbnail","6":"product_brand-3m","7":"product_cat-adesivi-e-nastri-industriali","8":"product_cat-nastri-biadesivi-sottili","9":"product_tag-biadesivo-acrilico","10":"product_tag-doppio-liner","11":"product_tag-fogli","12":"product_tag-nastro-biadesivo","13":"product_tag-nastro-biadesivo-resistente","14":"product_tag-viscoelastico","15":"pa_colore-bianco","17":"first","18":"instock","19":"product-type-simple"},"acf":{"short_description":"Lo spaziatore per tastiere a membrana 3M 7956WDL \u00e8 la soluzione perfetta per applicazioni industriali. Realizzato con materiali di alta qualit\u00e0, garantisce prestazioni superiori e durature.","long_description":"<p>Lo spaziatore per tastiere a membrana 3M 7956WDL \u00e8 progettato per offrire una soluzione innovativa e altamente performante nel settore degli adesivi e nastri industriali. Questo prodotto \u00e8 ideale per l'assemblaggio e la protezione di tastiere a membrana, offrendo un'aderenza superiore e una lunga durata nel tempo. Grazie alla sua struttura progettata per resistere all'usura, il 3M 7956WDL garantisce prestazioni eccellenti in ambienti industriali e commerciali.<\/p>\n<p>Realizzato con materiali di alta qualit\u00e0, lo spaziatore \u00e8 dotato di un adesivo biadesivo sottile che consente un'applicazione facile e veloce. La sua resistenza agli agenti chimici e alle alte temperature lo rende adatto per una vasta gamma di applicazioni, incluso l'uso in ambienti difficili. Inoltre, il design sottile permette di mantenere l'estetica del prodotto finito senza compromettere la funzionalit\u00e0.<\/p>\n<p>Le dimensioni del 3M 7956WDL sono studiate per garantire una perfetta adattabilit\u00e0 a diverse tipologie di tastiere, assicurando una pressione uniforme e un feedback tattile ottimale. Questo spaziatore non solo migliora la funzionalit\u00e0 della tastiera, ma contribuisce anche alla sua longevit\u00e0, riducendo il rischio di guasti e malfunzionamenti.<\/p>\n<p>Inoltre, il prodotto \u00e8 dotato di una facile rimozione, che permette di sostituire le tastiere senza danneggiare la superficie sottostante. Questo aspetto \u00e8 particolarmente importante per le aziende che necessitano di manutenzione frequente delle apparecchiature. Scegliere il 3M 7956WDL significa optare per un prodotto che unisce innovazione, qualit\u00e0 e praticit\u00e0, rendendolo un alleato indispensabile in ogni ambiente di lavoro.<\/p>","feature_1":"Realizzato con adesivo biadesivo 3M di alta qualit\u00e0","feature_2":"Resistente agli agenti chimici e alle alte temperature","feature_3":"Design sottile per un'aderenza ottimale","feature_4":"Facile applicazione e rimozione senza residui","feature_5":"Adatto a diverse tipologie di tastiere a membrana","feature_6":"Supporta un feedback tattile uniforme","feature_7":"Dimensioni studiate per una perfetta adattabilit\u00e0","feature_8":"Ideale per applicazioni industriali e commerciali","feature_9":"Contribuisce alla longevit\u00e0 delle tastiere","feature_10":"Garanzia di prestazioni elevate in ambienti difficili"},"_links":{"self":[{"href":"https:\/\/finatsrl.it\/fr\/wp-json\/wp\/v2\/product\/11858","targetHints":{"allow":["GET"]}}],"collection":[{"href":"https:\/\/finatsrl.it\/fr\/wp-json\/wp\/v2\/product"}],"about":[{"href":"https:\/\/finatsrl.it\/fr\/wp-json\/wp\/v2\/types\/product"}],"wp:featuredmedia":[{"embeddable":true,"href":"https:\/\/finatsrl.it\/fr\/wp-json\/wp\/v2\/media\/8806"}],"wp:attachment":[{"href":"https:\/\/finatsrl.it\/fr\/wp-json\/wp\/v2\/media?parent=11858"}],"wp:term":[{"taxonomy":"product_brand","embeddable":true,"href":"https:\/\/finatsrl.it\/fr\/wp-json\/wp\/v2\/product_brand?post=11858"},{"taxonomy":"product_cat","embeddable":true,"href":"https:\/\/finatsrl.it\/fr\/wp-json\/wp\/v2\/product_cat?post=11858"},{"taxonomy":"product_tag","embeddable":true,"href":"https:\/\/finatsrl.it\/fr\/wp-json\/wp\/v2\/product_tag?post=11858"}],"curies":[{"name":"wp","href":"https:\/\/api.w.org\/{rel}","templated":true}]}}