{"id":11813,"date":"2025-01-27T15:50:58","date_gmt":"2025-01-27T14:50:58","guid":{"rendered":"https:\/\/finatnew.newhosting.intellijam.com\/prodotto\/adesivo-istantaneo-non-sensibile-alla-superficie-3m-scotch-weld-si-gel\/"},"modified":"2025-11-26T12:08:32","modified_gmt":"2025-11-26T11:08:32","slug":"adesivo-istantaneo-non-sensibile-alla-superficie-3m-scotch-weld-si-gel","status":"publish","type":"product","link":"https:\/\/finatsrl.it\/fr\/product\/adesivo-istantaneo-non-sensibile-alla-superficie-3m-scotch-weld-si-gel\/","title":{"rendered":"Adesivo istantaneo non sensibile alla superficie 3M Scotch-Weld SI Gel"},"content":{"rendered":"<div class=\"product-bullet-block\">\n<div class=\"bullet n1\">Non sensibile alle superfici per sostanze naturali, pelle, sughero e legno.<\/div>\n<div class=\"bullet n2\">Formulazione in gel<\/div>\n<div class=\"bullet n3\">Massimo riempimento delle fessure<\/div>\n<div class=\"bullet n4\">Incollaggi tenaci e duraturi su vari tipi di substrato<\/div>\n<div class=\"bullet n5\"><\/div>\n<div class=\"bullet n6\"><\/div>\n<div class=\"bullet n7\"><\/div>\n<\/div>\n<div class=\"product-description-block\">\n<div class=\"short\">3M Scotch-Weld SIGEL \u00e8 un adesivo insensibile alle superfici a presa rapida. Caratterizzato da elevata viscosit\u00e0, consente di eseguire riempimenti istantanei ed \u00e8 adatto a tutte le superfici.<\/div>\n<div class=\"extended\">L&rsquo;adesivo istantaneo non sensibile alle superfici 3M Scotch-Weld SI Gel incolla substrati ruvidi, porosi, contaminati e acidi, tra cui legno, cartone, impiallacciato, tessuto, sughero e pelle.<\/div>\n<\/div>\n","protected":false},"excerpt":{"rendered":"<p>3M Scotch-Weld SIGEL \u00e8 un adesivo insensibile alle superfici a presa rapida. Caratterizzato da elevata viscosit\u00e0, consente di eseguire riempimenti istantanei ed \u00e8 adatto a tutte le superfici.<\/p>\n","protected":false},"featured_media":8987,"template":"","meta":{"_acf_changed":false},"product_brand":[3346],"product_cat":[29,288],"product_tag":[1175],"class_list":{"0":"post-11813","1":"product","2":"type-product","3":"status-publish","4":"has-post-thumbnail","6":"product_brand-scotch-weld","7":"product_cat-adesivi-e-nastri-industriali","8":"product_cat-adesivi-strutturali","9":"product_tag-istantaneo","11":"first","12":"instock","13":"product-type-simple"},"acf":{"short_description":"L'adesivo istantaneo 3M Scotch-Weld SI Gel \u00e8 la soluzione perfetta per unire diversi materiali senza compromessi. Scopri la sua formula innovativa!","long_description":"<p>L'adesivo istantaneo non sensibile alla superficie 3M Scotch-Weld SI Gel \u00e8 un prodotto di punta nel settore degli adesivi e nastri industriali, progettato per offrire prestazioni superiori in una vasta gamma di applicazioni. Grazie alla sua formula innovativa, questo adesivo non \u00e8 influenzato dalla natura della superficie, consentendo di ottenere legami solidi e duraturi su materiali diversi, come plastica, metallo, ceramica e legno. La sua consistenza gel consente un'applicazione precisa e controllata, riducendo al minimo il rischio di colature e sprechi.<\/p>\n<p>Il 3M Scotch-Weld SI Gel \u00e8 ideale per riparazioni, assemblaggi e applicazioni industriali dove la qualit\u00e0 del legame \u00e8 fondamentale. Con un tempo di indurimento rapido, permette di accelerare i processi produttivi senza compromettere la resistenza finale. Inoltre, la sua formula \u00e8 resistente all'acqua e alle sostanze chimiche, garantendo un'ottima performance anche in ambienti difficili. Non solo \u00e8 un prodotto versatile, ma \u00e8 anche sicuro da utilizzare, con basse emissioni volatili che lo rendono ideale per uso interno.<\/p>\n<p>Scegliere l'adesivo istantaneo 3M Scotch-Weld SI Gel significa optare per una soluzione efficace, sicura e di alta qualit\u00e0 per ogni esigenza di incollaggio. Non lasciare nulla al caso, affida i tuoi progetti a un adesivo che si distingue per affidabilit\u00e0 e prestazioni. Con questo prodotto, potrai ottenere risultati professionali e duraturi, ottimizzando ogni fase della tua lavorazione.<\/p>","feature_1":"Formula non sensibile alla superficie per applicazioni versatili","feature_2":"Consistenza gel per un'applicazione precisa e controllata","feature_3":"Indurimento rapido per massimizzare l'efficienza produttiva","feature_4":"Eccellente adesione su plastica, metallo, ceramica e legno","feature_5":"Resistente all'acqua e alle sostanze chimiche per ambienti difficili","feature_6":"Basse emissioni volatili, ideale per uso interno","feature_7":"Durezza finale elevata per legami duraturi","feature_8":"Facilit\u00e0 d'uso, non richiede attrezzature speciali","feature_9":"Stabilit\u00e0 a temperature elevate per applicazioni industriali","feature_10":"Confezione conveniente da 50 ml per un utilizzo prolungato"},"_links":{"self":[{"href":"https:\/\/finatsrl.it\/fr\/wp-json\/wp\/v2\/product\/11813","targetHints":{"allow":["GET"]}}],"collection":[{"href":"https:\/\/finatsrl.it\/fr\/wp-json\/wp\/v2\/product"}],"about":[{"href":"https:\/\/finatsrl.it\/fr\/wp-json\/wp\/v2\/types\/product"}],"wp:featuredmedia":[{"embeddable":true,"href":"https:\/\/finatsrl.it\/fr\/wp-json\/wp\/v2\/media\/8987"}],"wp:attachment":[{"href":"https:\/\/finatsrl.it\/fr\/wp-json\/wp\/v2\/media?parent=11813"}],"wp:term":[{"taxonomy":"product_brand","embeddable":true,"href":"https:\/\/finatsrl.it\/fr\/wp-json\/wp\/v2\/product_brand?post=11813"},{"taxonomy":"product_cat","embeddable":true,"href":"https:\/\/finatsrl.it\/fr\/wp-json\/wp\/v2\/product_cat?post=11813"},{"taxonomy":"product_tag","embeddable":true,"href":"https:\/\/finatsrl.it\/fr\/wp-json\/wp\/v2\/product_tag?post=11813"}],"curies":[{"name":"wp","href":"https:\/\/api.w.org\/{rel}","templated":true}]}}