{"id":11760,"date":"2025-02-01T10:32:30","date_gmt":"2025-02-01T09:32:30","guid":{"rendered":"https:\/\/finatnew.newhosting.intellijam.com\/prodotto\/materiale-etichetta-foglio-e-schermo-3m-7909l\/"},"modified":"2025-11-26T12:08:25","modified_gmt":"2025-11-26T11:08:25","slug":"materiale-etichetta-foglio-e-schermo-3m-7909l","status":"publish","type":"product","link":"https:\/\/finatsrl.it\/fr\/product\/materiale-etichetta-foglio-e-schermo-3m-7909l\/","title":{"rendered":"Materiale etichetta foglio e schermo 3M 7909L"},"content":{"rendered":"<div class=\"product-bullet-block\">\n<div class=\"bullet n1\">Il liner permette una facile fustellatura in foglio<\/div>\n<div class=\"bullet n2\">Il retro del liner non \u00e8 stampabile<\/div>\n<div class=\"bullet n3\">Riconosciuto UL file MH11410, certificato CSA Group file 99316<\/div>\n<div class=\"bullet n4\"><\/div>\n<div class=\"bullet n5\">Think 3M First per materiali etichetta utilizzati in questi mercati essenziali: automobilistico, elettronica, dispositivi medicali, apparecchiature elettriche per esterno, assistenza sanitaria, sicurezza, settore statale, cura personale, veicoli ricreativi, aerospaziale, trasporti, confezionamento, fabbricazione di schiume e utilizzo industriale generico.<\/div>\n<div class=\"bullet n6\"><\/div>\n<div class=\"bullet n7\"><\/div>\n<\/div>\n<div class=\"product-description-block\">\n<div class=\"short\">Il Materiale per etichette in pellicola 3M 7909 \u00e8 un materiale durevole e ad alte prestazioni che offre eccellente stabilit\u00e0 termica e resistenza all&rsquo;umidit\u00e0 e agli agenti chimici.<\/div>\n<div class=\"extended\">Questo materiale utilizza l&rsquo;Adesivo 3M 350, progettato per aderire in modo permanente a plastiche ad alta e bassa energia superficiale, superfici testurizzate e sagomate, rivestimenti in polvere e metalli leggermente oleosi.<\/div>\n<\/div>\n","protected":false},"excerpt":{"rendered":"<p>Il Materiale per etichette in pellicola 3M 7909 \u00e8 un materiale durevole e ad alte prestazioni che offre eccellente stabilit\u00e0 termica e resistenza all&rsquo;umidit\u00e0 e agli agenti chimici.<\/p>\n","protected":false},"featured_media":12739,"template":"","meta":{"_acf_changed":false},"product_brand":[3337],"product_cat":[29,1087],"product_tag":[3753],"class_list":{"0":"post-11760","1":"product","2":"type-product","3":"status-publish","4":"has-post-thumbnail","6":"product_brand-3m","7":"product_cat-adesivi-e-nastri-industriali","8":"product_cat-etichette-durevoli","9":"product_tag-nastro-biadesivobiadesivo-acriliconastro-biadesivo-resistenteviscoelastico","10":"pa_colore-argento","12":"first","13":"instock","14":"product-type-simple"},"acf":{"short_description":"Il materiale etichetta 3M 7909L \u00e8 ideale per creare etichette durevoli e resistenti. Perfetto per applicazioni industriali, offre una qualit\u00e0 superiore e prestazioni elevate.","long_description":"<p>Il materiale etichetta foglio e schermo 3M 7909L \u00e8 la scelta perfetta per chi cerca etichette durevoli e di alta qualit\u00e0 nel settore delle soluzioni industriali. Questo prodotto \u00e8 progettato per resistere a condizioni ambientali sfavorevoli, rendendolo ideale per applicazioni in ambienti industriali e commerciali. Grazie alla sua eccezionale adesivit\u00e0, il materiale 3M 7909L garantisce un'ottima adesione su varie superfici, inclusi metalli, plastica e vetro, assicurando che le etichette rimangano in posizione anche in condizioni di umidit\u00e0 o variazione di temperatura.<\/p>\n<p>Realizzato con materiali di prima scelta, il foglio e schermo 3M 7909L \u00e8 resistente a graffi, abrasioni e sostanze chimiche, il che lo rende particolarmente adatto per applicazioni in cui \u00e8 richiesta una lunga durata. La sua compatibilit\u00e0 con diverse tecnologie di stampa, come la stampa a trasferimento termico e la stampa digitale, permette una personalizzazione facile e veloce delle etichette, soddisfacendo le esigenze di qualsiasi progetto.<\/p>\n<p>Inoltre, il materiale \u00e8 disponibile in diverse dimensioni, consentendo di creare etichette su misura per ogni necessit\u00e0. La semplicit\u00e0 d'uso e la versatilit\u00e0 di questo prodotto lo rendono una scelta ideale per aziende di tutte le dimensioni. Scegli il materiale etichetta 3M 7909L per garantire qualit\u00e0 e durata alle tue etichette, e scopri come pu\u00f2 migliorare l'efficienza delle tue operazioni industriali.<\/p>","feature_1":"Adesione eccezionale su metallo, plastica e vetro","feature_2":"Resistenza a graffi e abrasioni per una lunga durata","feature_3":"Compatibile con stampa a trasferimento termico e digitale","feature_4":"Resistente a sostanze chimiche per applicazioni industriali","feature_5":"Eccellente stabilit\u00e0 dimensionale in condizioni variabili","feature_6":"Facile da tagliare e personalizzare in diverse dimensioni","feature_7":"Resistenza all'umidit\u00e0 per ambienti sfidanti","feature_8":"Elevata visibilit\u00e0 e qualit\u00e0 grafica delle etichette","feature_9":"Adatto per etichette di identificazione e di sicurezza","feature_10":"Facile applicazione e rimozione senza residui"},"_links":{"self":[{"href":"https:\/\/finatsrl.it\/fr\/wp-json\/wp\/v2\/product\/11760","targetHints":{"allow":["GET"]}}],"collection":[{"href":"https:\/\/finatsrl.it\/fr\/wp-json\/wp\/v2\/product"}],"about":[{"href":"https:\/\/finatsrl.it\/fr\/wp-json\/wp\/v2\/types\/product"}],"wp:featuredmedia":[{"embeddable":true,"href":"https:\/\/finatsrl.it\/fr\/wp-json\/wp\/v2\/media\/12739"}],"wp:attachment":[{"href":"https:\/\/finatsrl.it\/fr\/wp-json\/wp\/v2\/media?parent=11760"}],"wp:term":[{"taxonomy":"product_brand","embeddable":true,"href":"https:\/\/finatsrl.it\/fr\/wp-json\/wp\/v2\/product_brand?post=11760"},{"taxonomy":"product_cat","embeddable":true,"href":"https:\/\/finatsrl.it\/fr\/wp-json\/wp\/v2\/product_cat?post=11760"},{"taxonomy":"product_tag","embeddable":true,"href":"https:\/\/finatsrl.it\/fr\/wp-json\/wp\/v2\/product_tag?post=11760"}],"curies":[{"name":"wp","href":"https:\/\/api.w.org\/{rel}","templated":true}]}}