{"id":11707,"date":"2025-01-27T15:50:16","date_gmt":"2025-01-27T14:50:16","guid":{"rendered":"https:\/\/finatnew.newhosting.intellijam.com\/prodotto\/nastro-antivibrante-3m-436\/"},"modified":"2025-11-26T12:08:09","modified_gmt":"2025-11-26T11:08:09","slug":"nastro-antivibrante-3m-436","status":"publish","type":"product","link":"https:\/\/finatsrl.it\/fr\/product\/nastro-antivibrante-3m-436\/","title":{"rendered":"Nastro antivibrante 3M 436"},"content":{"rendered":"<div class=\"product-bullet-block\">\n<div class=\"bullet n1\"><\/div>\n<div class=\"bullet n2\"><\/div>\n<div class=\"bullet n3\"><\/div>\n<div class=\"bullet n4\"><\/div>\n<div class=\"bullet n5\"><\/div>\n<div class=\"bullet n6\"><\/div>\n<div class=\"bullet n7\"><\/div>\n<\/div>\n<div class=\"product-description-block\">\n<div class=\"short\">Il nastro antivibrante 3M 436 \u00e8 uno strato vincolante in lamina di alluminio morbido color argento rivestito con un polimero viscoelastico sensibile alla pressione su un rivestimento in polietilene blu a rilascio rapido. Questo nastro assorbe e dissipa le vibrazioni e riduce il rumore. \u00c8 utile per una variet\u00e0 di applicazioni nei settori aerospaziale, automobilistico, edile, degli elettrodomestici e MRO.<\/div>\n<div class=\"extended\"><\/div>\n<\/div>\n","protected":false},"excerpt":{"rendered":"<p>Il nastro antivibrante 3M 436 \u00e8 uno strato vincolante in lamina di alluminio morbido color argento rivestito con un polimero viscoelastico sensibile alla pressione su un rivestimento in polietilene blu a rilascio rapido. Questo nastro assorbe e dissipa le vibrazioni e riduce il rumore. \u00c8 utile per una variet\u00e0 di applicazioni nei settori aerospaziale, automobilistico, edile, degli elettrodomestici e MRO.<\/p>\n","protected":false},"featured_media":8927,"template":"","meta":{"_acf_changed":false},"product_brand":[3337],"product_cat":[1052,1065],"product_tag":[3668,1279,1255,1278,1277],"class_list":{"0":"post-11707","1":"product","2":"type-product","3":"status-publish","4":"has-post-thumbnail","6":"product_brand-3m","7":"product_cat-industrial-adhesives-tapes-de","8":"product_cat-enhancing-shielding-tapes-de","9":"product_tag-3m-436","10":"product_tag-nastri-adesivi-metallici","11":"product_tag-nastro-adhesivo-3m","12":"product_tag-nastro-antivibrante","13":"product_tag-nastro-per-applicazioni-antivibrante","14":"pa_colore-argento","16":"first","17":"instock","18":"product-type-simple"},"acf":{"short_description":"Il nastro antivibrante 3M 436 \u00e8 progettato per offrire un'eccezionale riduzione delle vibrazioni e un'adesione duratura, ideale per applicazioni industriali. Scegli la qualit\u00e0 e l'affidabilit\u00e0 di 3M per i tuoi progetti.","long_description":"<p>Il nastro antivibrante 3M 436 \u00e8 un prodotto innovativo, specificamente progettato per rispondere alle esigenze delle applicazioni industriali pi\u00f9 esigenti. Grazie alla sua composizione unica, questo nastro offre un'eccellente capacit\u00e0 di assorbimento delle vibrazioni, riducendo il rumore e migliorando la stabilit\u00e0 delle macchine e dei componenti. Utilizzando la tecnologia avanzata di 3M, il nastro antivibrante garantisce una prestazione duratura e affidabile anche in condizioni di utilizzo estreme.<\/p>\n<p>Le sue caratteristiche uniche includono una resistenza eccezionale a temperature elevate e basse, garantendo che il nastro rimanga efficace anche in ambienti sfavorevoli. Con un'adesione forte e duratura, il nastro antivibrante 3M 436 \u00e8 perfetto per applicazioni su superfici metalliche, plastiche e legno, rendendolo un prodotto versatile per ogni esigenza industriale.<\/p>\n<p>Inoltre, il nastro \u00e8 progettato per essere facile da applicare, con una facilit\u00e0 di taglio che consente di adattarlo a qualsiasi dimensione o forma necessaria. Questo lo rende ideale per installazioni rapide e senza complicazioni. Non solo riduce le vibrazioni, ma contribuisce anche a prolungare la vita utile delle attrezzature, riducendo costi di manutenzione e riparazione.<\/p>\n<p>Scegliendo il nastro antivibrante 3M 436, investi in una soluzione che migliora l'efficienza operativa della tua azienda. La qualit\u00e0 e l'affidabilit\u00e0 di 3M, un leader nei materiali adesivi, assicurano che tu stia facendo una scelta informata e vantaggiosa per il tuo business. Non lasciare al caso la qualit\u00e0 dei tuoi progetti, scegli il nastro antivibrante 3M 436 per prestazioni superiori e risultati tangibili.<\/p>","feature_1":"Eccellente capacit\u00e0 di assorbimento delle vibrazioni","feature_2":"Resistenza a temperature estreme da -40\u00b0C a +100\u00b0C","feature_3":"Adesione forte su superfici metalliche, plastiche e legno","feature_4":"Facile da applicare e tagliare per adattarsi a diverse forme","feature_5":"Riduzione del rumore per un ambiente di lavoro pi\u00f9 silenzioso","feature_6":"Prolunga la vita utile delle attrezzature e riduce i costi di manutenzione","feature_7":"Compatibile con una vasta gamma di applicazioni industriali","feature_8":"Flessibilit\u00e0 e conformabilit\u00e0 per adattarsi a superfici irregolari","feature_9":"Non lascia residui adesivi al momento della rimozione","feature_10":"Prodotto da 3M, leader nel settore degli adesivi e nastri industriali"},"_links":{"self":[{"href":"https:\/\/finatsrl.it\/fr\/wp-json\/wp\/v2\/product\/11707","targetHints":{"allow":["GET"]}}],"collection":[{"href":"https:\/\/finatsrl.it\/fr\/wp-json\/wp\/v2\/product"}],"about":[{"href":"https:\/\/finatsrl.it\/fr\/wp-json\/wp\/v2\/types\/product"}],"wp:featuredmedia":[{"embeddable":true,"href":"https:\/\/finatsrl.it\/fr\/wp-json\/wp\/v2\/media\/8927"}],"wp:attachment":[{"href":"https:\/\/finatsrl.it\/fr\/wp-json\/wp\/v2\/media?parent=11707"}],"wp:term":[{"taxonomy":"product_brand","embeddable":true,"href":"https:\/\/finatsrl.it\/fr\/wp-json\/wp\/v2\/product_brand?post=11707"},{"taxonomy":"product_cat","embeddable":true,"href":"https:\/\/finatsrl.it\/fr\/wp-json\/wp\/v2\/product_cat?post=11707"},{"taxonomy":"product_tag","embeddable":true,"href":"https:\/\/finatsrl.it\/fr\/wp-json\/wp\/v2\/product_tag?post=11707"}],"curies":[{"name":"wp","href":"https:\/\/api.w.org\/{rel}","templated":true}]}}