{"id":11624,"date":"2025-01-27T15:49:55","date_gmt":"2025-01-27T14:49:55","guid":{"rendered":"https:\/\/finatnew.newhosting.intellijam.com\/prodotto\/adesivo-epossidico-bicomponente-isolante-elettrico-per-resinature-3m-scotch-weld-dp270\/"},"modified":"2025-11-26T12:08:00","modified_gmt":"2025-11-26T11:08:00","slug":"adesivo-epossidico-bicomponente-isolante-elettrico-per-resinature-3m-scotch-weld-dp270","status":"publish","type":"product","link":"https:\/\/finatsrl.it\/fr\/product\/adesivo-epossidico-bicomponente-isolante-elettrico-per-resinature-3m-scotch-weld-dp270\/","title":{"rendered":"Adesivo epossidico bicomponente isolante elettrico per resinature 3M Scotch-Weld DP270"},"content":{"rendered":"<div class=\"product-bullet-block\">\n<div class=\"bullet n1\">Compatibile con ugello Material ID 7000043674<\/div>\n<div class=\"bullet n2\">Durata di operativit\u00e0 di 70 minuti<\/div>\n<div class=\"bullet n3\">Non corrosivo per il rame<\/div>\n<div class=\"bullet n4\">Conforme ai test di infiammabilit\u00e0 UL94 HB<\/div>\n<div class=\"bullet n5\">ELIMINARE<\/div>\n<div class=\"bullet n6\"><\/div>\n<div class=\"bullet n7\"><\/div>\n<\/div>\n<div class=\"product-description-block\">\n<div class=\"short\">3M Scotch-Weld 270 \u00e8 un adesivo isolante epossidico rigido bicomponente. Rapporto di miscelazione di 1:1, tempo di lavorabilit\u00e0 di 70 minuti e tempo di manipolazione in 3 ore circa.<\/div>\n<div class=\"extended\">Il 3M Scotch-Weld 270 Epoxy Potting Compound \u00e8 a bassa viscosit\u00e0 per una maggiore facilit\u00e0 di erogazione e isolamento. Non corrode il rame, non \u00e8 esotermico ed \u00e8 molto fluido. Adatto all&rsquo;isolamento e al fissaggio di componenti elettronici ed elettrici.<\/div>\n<\/div>\n","protected":false},"excerpt":{"rendered":"<p>3M Scotch-Weld 270 \u00e8 un adesivo isolante epossidico rigido bicomponente. Rapporto di miscelazione di 1:1, tempo di lavorabilit\u00e0 di 70 minuti e tempo di manipolazione in 3 ore circa.<\/p>\n","protected":false},"featured_media":8882,"template":"","meta":{"_acf_changed":false},"product_brand":[3346],"product_cat":[29,288],"product_tag":[3338,3656,3367,3657,3347,1492,6660,1135,1571,1590,2973,1494,6664,2972,2964,2968,2969,2970,2965,1162,6661,1495],"class_list":{"0":"post-11624","1":"product","2":"type-product","3":"status-publish","4":"has-post-thumbnail","6":"product_brand-scotch-weld","7":"product_cat-adesivi-e-nastri-industriali","8":"product_cat-adesivi-strutturali","9":"product_tag-3m","10":"product_tag-3m-scotch-weld-dp270","11":"product_tag-adesivo-epossidico","12":"product_tag-adesivo-isolante","13":"product_tag-adesivo-strutturale","14":"product_tag-automotive","15":"product_tag-bassa-viscosita","16":"product_tag-bicomponente","17":"product_tag-elettronica","18":"product_tag-energia","19":"product_tag-fissaggio-componenti-elettrici","20":"product_tag-industria","21":"product_tag-infiammabilita-ul94-hb","22":"product_tag-isolamento-componenti-elettronici","23":"product_tag-isolante-elettrico","24":"product_tag-miscelazione-11","25":"product_tag-non-corrosivo","26":"product_tag-rame","27":"product_tag-resinature","28":"product_tag-rigido","29":"product_tag-tempo-di-lavorabilita","30":"product_tag-trasporti","32":"first","33":"instock","34":"product-type-simple"},"acf":{"short_description":"L'adesivo epossidico bicomponente 3M Scotch-Weld DP270 \u00e8 la soluzione ideale per resinature di alta qualit\u00e0 e isolamento elettrico. Perfetto per applicazioni industriali avanzate.","long_description":"<p>L'adesivo epossidico bicomponente isolante elettrico per resinature 3M Scotch-Weld DP270 \u00e8 una scelta tecnica superiore per professionisti del settore industriale. Progettato per garantire prestazioni ottimali, questo adesivo offre una resistenza elettrica eccellente e una straordinaria adesione su una vasta gamma di materiali, inclusi metallo, vetro, ceramica e plastiche. La sua formulazione unica permette di ottenere giunzioni stabili e durevoli, anche in condizioni ambientali avverse.<\/p>\n<p>Con un tempo di lavorazione di circa 30 minuti e un tempo di indurimento completo di 24 ore, il DP270 offre flessibilit\u00e0 e praticit\u00e0 per ogni progetto. La sua temperatura di esercizio va da -40 \u00b0C a +120 \u00b0C, rendendolo ideale per applicazioni sia interne che esterne. Questo adesivo non solo resiste all'umidit\u00e0 e ai solventi, ma \u00e8 anche in grado di sopportare vibrazioni e stress meccanici, garantendo una lunga durata delle giunzioni.<\/p>\n<p>Inoltre, il 3M Scotch-Weld DP270 \u00e8 privo di solventi e presenta un'ottima lavorabilit\u00e0, permettendo una facile applicazione e una finitura pulita. Perfetto per l'uso in settori come l'elettronica, l'automotive e la costruzione, questo adesivo rappresenta una scelta consapevole per chi cerca qualit\u00e0 e affidabilit\u00e0.<\/p>\n<p>Scegliere l'adesivo epossidico bicomponente isolante elettrico per resinature 3M Scotch-Weld DP270 significa investire in una soluzione di alta gamma, progettata per superare le aspettative. Che si tratti di assemblaggio, riparazione o protezione di componenti, questo prodotto offre risultati di qualit\u00e0 superiore, facendo la differenza nelle tue applicazioni industriali.<\/p>","feature_1":"Formulazione bicomponente per una resistenza superiore","feature_2":"Isolamento elettrico efficace fino a 120 \u00b0C","feature_3":"Adesione eccellente su metallo, vetro e plastiche","feature_4":"Resistente a solventi e umidit\u00e0","feature_5":"Ottima resistenza a vibrazioni e stress meccanici","feature_6":"Tempo di lavorazione di circa 30 minuti","feature_7":"Indurimento completo in 24 ore","feature_8":"Privo di solventi per una lavorabilit\u00e0 sicura","feature_9":"Ideale per applicazioni interne ed esterne","feature_10":"Certificato per l'uso in ambienti industriali"},"_links":{"self":[{"href":"https:\/\/finatsrl.it\/fr\/wp-json\/wp\/v2\/product\/11624","targetHints":{"allow":["GET"]}}],"collection":[{"href":"https:\/\/finatsrl.it\/fr\/wp-json\/wp\/v2\/product"}],"about":[{"href":"https:\/\/finatsrl.it\/fr\/wp-json\/wp\/v2\/types\/product"}],"wp:featuredmedia":[{"embeddable":true,"href":"https:\/\/finatsrl.it\/fr\/wp-json\/wp\/v2\/media\/8882"}],"wp:attachment":[{"href":"https:\/\/finatsrl.it\/fr\/wp-json\/wp\/v2\/media?parent=11624"}],"wp:term":[{"taxonomy":"product_brand","embeddable":true,"href":"https:\/\/finatsrl.it\/fr\/wp-json\/wp\/v2\/product_brand?post=11624"},{"taxonomy":"product_cat","embeddable":true,"href":"https:\/\/finatsrl.it\/fr\/wp-json\/wp\/v2\/product_cat?post=11624"},{"taxonomy":"product_tag","embeddable":true,"href":"https:\/\/finatsrl.it\/fr\/wp-json\/wp\/v2\/product_tag?post=11624"}],"curies":[{"name":"wp","href":"https:\/\/api.w.org\/{rel}","templated":true}]}}