{"id":11604,"date":"2025-01-27T15:49:55","date_gmt":"2025-01-27T14:49:55","guid":{"rendered":"https:\/\/finatnew.newhosting.intellijam.com\/prodotto\/adesivo-a-base-acqua-per-isolamenti-3m-fastbond-49\/"},"modified":"2025-11-26T12:07:45","modified_gmt":"2025-11-26T11:07:45","slug":"adesivo-a-base-acqua-per-isolamenti-3m-fastbond-49","status":"publish","type":"product","link":"https:\/\/finatsrl.it\/fr\/product\/adesivo-a-base-acqua-per-isolamenti-3m-fastbond-49\/","title":{"rendered":"Adesivo a base acqua per isolamenti 3M Fastbond 49"},"content":{"rendered":"<div class=\"product-bullet-block\">\n<div class=\"bullet n1\">Rapido tempo di presa<\/div>\n<div class=\"bullet n2\">Soddisfa lo standard ASTM E-84<\/div>\n<div class=\"bullet n3\">Applica il prodotto su una sola superficie e risparmia tempo<\/div>\n<div class=\"bullet n4\">Applicabile su una sola superfi cie<\/div>\n<div class=\"bullet n5\"><\/div>\n<div class=\"bullet n6\"><\/div>\n<div class=\"bullet n7\"><\/div>\n<\/div>\n<div class=\"product-description-block\">\n<div class=\"short\">Fissa materiali leggeri quali isolamento in fibra di vetro, feltro, polvere di lana, carta e altri materiali al metallo e a molte altre superfici con l&rsquo;adesivo per isolamento 3M Fastbond 49. Il nostro adesivo \u00e8 a base di acqua, ad alto contenuto di parti solide, a presa rapida e sensibile alla pressione ed \u00e8 facile da applicare a spruzzo, con un pennello o con un rullo.<\/div>\n<div class=\"extended\">Consente di incollare materiali leggeri (ad esempio, gli isolamenti in vetroresina, il feltro, lana rigenerata, carta e cos\u00ec via) al metallo e a molte altre superfici.<\/div>\n<\/div>\n","protected":false},"excerpt":{"rendered":"<p>Fissa materiali leggeri quali isolamento in fibra di vetro, feltro, polvere di lana, carta e altri materiali al metallo e a molte altre superfici con l&rsquo;adesivo per isolamento 3M Fastbond 49. Il nostro adesivo \u00e8 a base di acqua, ad alto contenuto di parti solide, a presa rapida e sensibile alla pressione ed \u00e8 facile da applicare a spruzzo, con un pennello o con un rullo.<\/p>\n","protected":false},"featured_media":8870,"template":"","meta":{"_acf_changed":false},"product_brand":[3655],"product_cat":[29,763],"product_tag":[3411,3412,1117],"class_list":{"0":"post-11604","1":"product","2":"type-product","3":"status-publish","4":"has-post-thumbnail","6":"product_brand-fastbond","7":"product_cat-adesivi-e-nastri-industriali","8":"product_cat-adesivi-spray-e-adesivi-a-caldo","9":"product_tag-adesivo-a-contatto","10":"product_tag-adesivo-basso-odore","11":"product_tag-fastbond","12":"pa_colore-trasparente","14":"first","15":"instock","16":"product-type-simple"},"acf":{"short_description":"L'adesivo a base acqua 3M Fastbond 49 \u00e8 la soluzione ideale per isolamenti industriali, garantendo prestazioni elevate e facilit\u00e0 d'uso. Scegli un prodotto di qualit\u00e0 per le tue applicazioni!","long_description":"<p>L'adesivo a base acqua 3M Fastbond 49 \u00e8 progettato per fornire un'adesione straordinaria in una vasta gamma di applicazioni industriali. Grazie alla sua formula innovativa, questo adesivo offre una tenuta robusta e duratura, ideale per isolamenti e molte altre applicazioni. La versatilit\u00e0 di 3M Fastbond 49 lo rende perfetto per l'uso su materiali come schiuma, legno, plastica e metallo, assicurando risultati ottimali in ogni situazione.<\/p>\n<p>Una delle caratteristiche principali di questo adesivo \u00e8 la sua rapida asciugatura, che consente di velocizzare i processi produttivi senza compromettere la qualit\u00e0. Inoltre, essendo a base acqua, 3M Fastbond 49 \u00e8 un'opzione ecologica, riducendo l'impatto ambientale rispetto agli adesivi a solvente tradizionali.<\/p>\n<p>La facilit\u00e0 d'applicazione \u00e8 un altro punto di forza di questo prodotto. Grazie alla sua formula spray, l'adesivo pu\u00f2 essere applicato in modo uniforme e preciso, riducendo gli sprechi e ottimizzando il tempo di lavoro.<\/p>\n<p>Inoltre, 3M Fastbond 49 \u00e8 resistente a umidit\u00e0 e temperature variabili, garantendo prestazioni stabili anche in condizioni difficili. La sua eccellente elasticit\u00e0 permette di mantenere la tenuta anche in presenza di movimenti o vibrazioni, rendendolo ideale per applicazioni in ambienti industriali.<\/p>\n<p>In sintesi, l'adesivo a base acqua 3M Fastbond 49 non \u00e8 solo un prodotto; \u00e8 una soluzione completa per le tue esigenze di isolamento. Scegliere 3M significa optare per un marchio di fiducia, sinonimo di qualit\u00e0 e innovazione nel settore degli adesivi e nastri industriali.<\/p>","feature_1":"Formula a base acqua per un'applicazione ecologica","feature_2":"Asciugatura rapida per massimizzare l'efficienza","feature_3":"Elevata adesione su materiali diversi","feature_4":"Versatile: ideale per schiuma, legno, plastica e metallo","feature_5":"Resistente a umidit\u00e0 e variazioni di temperatura","feature_6":"Elasticit\u00e0 superiore per assorbire vibrazioni e movimenti","feature_7":"Facile applicazione grazie al formato spray","feature_8":"Basso contenuto di VOC per un ambiente di lavoro pi\u00f9 sano","feature_9":"Ottima stabilit\u00e0 nel tempo per una tenuta duratura","feature_10":"Prodotto certificato 3M, sinonimo di qualit\u00e0 e affidabilit\u00e0"},"_links":{"self":[{"href":"https:\/\/finatsrl.it\/fr\/wp-json\/wp\/v2\/product\/11604","targetHints":{"allow":["GET"]}}],"collection":[{"href":"https:\/\/finatsrl.it\/fr\/wp-json\/wp\/v2\/product"}],"about":[{"href":"https:\/\/finatsrl.it\/fr\/wp-json\/wp\/v2\/types\/product"}],"wp:featuredmedia":[{"embeddable":true,"href":"https:\/\/finatsrl.it\/fr\/wp-json\/wp\/v2\/media\/8870"}],"wp:attachment":[{"href":"https:\/\/finatsrl.it\/fr\/wp-json\/wp\/v2\/media?parent=11604"}],"wp:term":[{"taxonomy":"product_brand","embeddable":true,"href":"https:\/\/finatsrl.it\/fr\/wp-json\/wp\/v2\/product_brand?post=11604"},{"taxonomy":"product_cat","embeddable":true,"href":"https:\/\/finatsrl.it\/fr\/wp-json\/wp\/v2\/product_cat?post=11604"},{"taxonomy":"product_tag","embeddable":true,"href":"https:\/\/finatsrl.it\/fr\/wp-json\/wp\/v2\/product_tag?post=11604"}],"curies":[{"name":"wp","href":"https:\/\/api.w.org\/{rel}","templated":true}]}}