{"id":11599,"date":"2025-01-27T15:49:55","date_gmt":"2025-01-27T14:49:55","guid":{"rendered":"https:\/\/finatnew.newhosting.intellijam.com\/prodotto\/adesivo-3m-scotch-weld-pur-te100\/"},"modified":"2025-11-26T12:07:44","modified_gmt":"2025-11-26T11:07:44","slug":"adesivo-3m-scotch-weld-pur-te100","status":"publish","type":"product","link":"https:\/\/finatsrl.it\/fr\/product\/adesivo-3m-scotch-weld-pur-te100\/","title":{"rendered":"Adesivo 3M Scotch-Weld PUR TE100"},"content":{"rendered":"<div class=\"product-bullet-block\">\n<div class=\"bullet n1\">Tempo di assestamento medio.<\/div>\n<div class=\"bullet n2\">Incolla il legno e specifiche plastiche.<\/div>\n<div class=\"bullet n3\">Composto al 100% da parti solide<\/div>\n<div class=\"bullet n4\"><\/div>\n<div class=\"bullet n5\"><\/div>\n<div class=\"bullet n6\"><\/div>\n<div class=\"bullet n7\"><\/div>\n<\/div>\n<div class=\"product-description-block\">\n<div class=\"short\">L&rsquo;adesivo 3M Scotch-Weld PUR Easy TE100 \u00e8 un adesivo strutturale monocomponente, composto al 100% da parti solide, con polimerizzazione a umido, per il fissaggio di vari substrati<\/div>\n<div class=\"extended\">L&rsquo;adesivo 3M Scotch-Weld PUR Easy TE100 \u00e8 un adesivo con tempo di assestamento medio, a bassa viscosit\u00e0 adatto alla lavorazione del legno. Contiene un indicatore di UV per i controlli di qualit\u00e0. Erogato tramite l&rsquo;applicatore PUR Easy 250.<\/div>\n<\/div>\n","protected":false},"excerpt":{"rendered":"<p>L&rsquo;adesivo 3M Scotch-Weld PUR Easy TE100 \u00e8 un adesivo strutturale monocomponente, composto al 100% da parti solide, con polimerizzazione a umido, per il fissaggio di vari substrati<\/p>\n","protected":false},"featured_media":8867,"template":"","meta":{"_acf_changed":false},"product_brand":[3346],"product_cat":[29,288],"product_tag":[1113,1112],"class_list":{"0":"post-11599","1":"product","2":"type-product","3":"status-publish","4":"has-post-thumbnail","6":"product_brand-scotch-weld","7":"product_cat-adesivi-e-nastri-industriali","8":"product_cat-adesivi-strutturali","9":"product_tag-poliuretano","10":"product_tag-poliuretano-reattivo","11":"pa_colore-bianco","13":"first","14":"instock","15":"product-type-simple"},"acf":{"short_description":"L'adesivo 3M Scotch-Weld PUR TE100 offre prestazioni superiori per applicazioni industriali. Ideale per legature strutturali resistenti e durature.","long_description":"<p>L'adesivo 3M Scotch-Weld PUR TE100 \u00e8 la soluzione ideale per le esigenze di incollaggio nel settore industriale. Grazie alla sua formula innovativa, questo adesivo presenta una lunga durata e una resistenza eccezionale, rendendolo perfetto per applicazioni strutturali in cui \u00e8 richiesta massima affidabilit\u00e0. La sua versatilit\u00e0 permette di incollare una vasta gamma di materiali, tra cui legno, metallo, plastica e tessuti. La rapida presa iniziale e il tempo di lavorazione prolungato consentono agli operatori di lavorare con precisione, riducendo i tempi di produzione e aumentando l'efficienza. Inoltre, il 3M Scotch-Weld PUR TE100 \u00e8 resistente all'acqua e alle sostanze chimiche, garantendo performance stabili anche in ambienti difficili. La sua applicazione \u00e8 facilitata grazie alla confezione in cartuccia, compatibile con le pi\u00f9 comuni pistole per adesivi. Scegliendo l'adesivo 3M Scotch-Weld PUR TE100, non solo ottieni un prodotto di alta qualit\u00e0, ma anche la certezza di un supporto tecnico da parte di Finat SRL, leader nel settore delle soluzioni industriali. Non lasciare nulla al caso: per i tuoi progetti, scegli un adesivo che pu\u00f2 garantire risultati duraturi e di eccellenza.<\/p>","feature_1":"Formula poliuretanica per resistenza a lungo termine","feature_2":"Elevata adesione su diversi materiali (legno, metallo, plastica)","feature_3":"Resistente a umidit\u00e0 e sostanze chimiche","feature_4":"Presa iniziale rapida per ottimizzare i tempi di lavorazione","feature_5":"Tempo di lavorazione prolungato per una maggiore manovrabilit\u00e0","feature_6":"Basso contenuto di VOC per un impatto ambientale ridotto","feature_7":"Applicazione semplice grazie alla cartuccia compatibile con pistole standard","feature_8":"Adesivo strutturale, ideale per applicazioni critiche","feature_9":"Eccellente stabilit\u00e0 termica per utilizzo in condizioni estreme","feature_10":"Supporto tecnico e assistenza da parte di Finat SRL"},"_links":{"self":[{"href":"https:\/\/finatsrl.it\/fr\/wp-json\/wp\/v2\/product\/11599","targetHints":{"allow":["GET"]}}],"collection":[{"href":"https:\/\/finatsrl.it\/fr\/wp-json\/wp\/v2\/product"}],"about":[{"href":"https:\/\/finatsrl.it\/fr\/wp-json\/wp\/v2\/types\/product"}],"wp:featuredmedia":[{"embeddable":true,"href":"https:\/\/finatsrl.it\/fr\/wp-json\/wp\/v2\/media\/8867"}],"wp:attachment":[{"href":"https:\/\/finatsrl.it\/fr\/wp-json\/wp\/v2\/media?parent=11599"}],"wp:term":[{"taxonomy":"product_brand","embeddable":true,"href":"https:\/\/finatsrl.it\/fr\/wp-json\/wp\/v2\/product_brand?post=11599"},{"taxonomy":"product_cat","embeddable":true,"href":"https:\/\/finatsrl.it\/fr\/wp-json\/wp\/v2\/product_cat?post=11599"},{"taxonomy":"product_tag","embeddable":true,"href":"https:\/\/finatsrl.it\/fr\/wp-json\/wp\/v2\/product_tag?post=11599"}],"curies":[{"name":"wp","href":"https:\/\/api.w.org\/{rel}","templated":true}]}}