{"id":11560,"date":"2025-02-01T10:32:30","date_gmt":"2025-02-01T09:32:30","guid":{"rendered":"https:\/\/finatnew.newhosting.intellijam.com\/prodotto\/spaziatore-per-tastiere-a-membrana-3m-7966wdl\/"},"modified":"2025-11-26T12:07:40","modified_gmt":"2025-11-26T11:07:40","slug":"spaziatore-per-tastiere-a-membrana-3m-7966wdl","status":"publish","type":"product","link":"https:\/\/finatsrl.it\/fr\/product\/spaziatore-per-tastiere-a-membrana-3m-7966wdl\/","title":{"rendered":"Spaziatore per tastiere a membrana 3M 7966WDL"},"content":{"rendered":"<div class=\"product-bullet-block\">\n<div class=\"bullet n1\">Distanziatore per interruttori a membrana a doppio rivestimento da 229 \u00b5m con adesivo da 200 MP su entrambi i lati di un film di poliestere opaco. Adesivo da 50 \u00b5m sul lato anteriore e 127 \u00b5m sul lato posteriore. #58 fodere in carta kraft polycoated lay-flat su ogni lato. Entrambi i liner sono stampati.<\/div>\n<div class=\"bullet n2\">Ideale per la separazione dei circuiti elettrici. Facile da tagliare e lavorare. Utilizzabile per le fustelle in acciaio e per i fissaggi grafici.<\/div>\n<div class=\"bullet n3\">Offre un&rsquo;adesione straordinaria sul metallo e sulle plastiche ad elevata energia superficiale.<\/div>\n<div class=\"bullet n4\">Standard prestazionale 3M, stabilit\u00e0 dell&rsquo;umidit\u00e0 e sbavatura dei bordi economica durante la fustellatura con utensile duro<\/div>\n<div class=\"bullet n5\">Per adesione, applicazione, assemblaggio, attacco, unione, conversione, imbottitura, fissaggio, guarnizione, incollaggio, tenuta, identificazione, protezione dalle infiltrazioni, isolamento, giunzione, etichettatura, laminatura, marcatura, montaggio, lavorazione, sigillatura, chiusura, spaziatura, giuntura, aderenza, nastratura e altro.<\/div>\n<div class=\"bullet n6\"><\/div>\n<div class=\"bullet n7\"><\/div>\n<\/div>\n<div class=\"product-description-block\">\n<div class=\"short\">Il distanziatore per interruttori a membrana 3M 7966WDL \u00e8 un nastro adesivo acrilico ad alte prestazioni da 442 \u00b5m 3M da 200 MP con un supporto in pellicola di poliestere (PET) argento da 50 \u00b5m su liner in carta kraft (PCK) Polycoated Tan 58 \u00b5m da 107 \u00b5m.<\/div>\n<div class=\"extended\"><\/div>\n<\/div>\n","protected":false},"excerpt":{"rendered":"<p>Il distanziatore per interruttori a membrana 3M 7966WDL \u00e8 un nastro adesivo acrilico ad alte prestazioni da 442 \u00b5m 3M da 200 MP con un supporto in pellicola di poliestere (PET) argento da 50 \u00b5m su liner in carta kraft (PCK) Polycoated Tan 58 \u00b5m da 107 \u00b5m.<\/p>\n","protected":false},"featured_media":12638,"template":"","meta":{"_acf_changed":false},"product_brand":[3337],"product_cat":[29,786],"product_tag":[3844],"class_list":{"0":"post-11560","1":"product","2":"type-product","3":"status-publish","4":"has-post-thumbnail","6":"product_brand-3m","7":"product_cat-adesivi-e-nastri-industriali","8":"product_cat-nastri-biadesivi-sottili","9":"product_tag-nastro-biadesivobiadesivo-acriliconastro-biadesivo-resistentedoppio-linerfogliviscoelastico","10":"pa_colore-bianco","12":"first","13":"instock","14":"product-type-simple"},"acf":{"short_description":"Il spaziatore per tastiere a membrana 3M 7966WDL garantisce un'adesione perfetta e duratura per le tue applicazioni industriali. Scegli un prodotto di alta qualit\u00e0 per risultati ottimali.","long_description":"<p>Lo spaziatore per tastiere a membrana 3M 7966WDL \u00e8 una soluzione innovativa e altamente performante per il montaggio di tastiere e pannelli di controllo. Progettato specificamente per le esigenze delle applicazioni industriali, questo spaziatore offre una combinazione unica di robustezza e precisione, garantendo risultati eccellenti in ogni contesto. Realizzato con materiali di alta qualit\u00e0, il prodotto assicura un'adesione duratura e sicura, essenziale per ambienti di lavoro che richiedono affidabilit\u00e0 e sicurezza.<\/p>\n<p>Le caratteristiche tecniche del 3M 7966WDL lo rendono un prodotto di riferimento nel settore degli adesivi e nastri industriali. Con uno spessore di soli 0,5 mm, offre una soluzione discreta ma efficace, ideale per applicazioni dove lo spazio \u00e8 limitato. La sua resistenza alla temperatura varia da -40\u00b0C a +85\u00b0C, permettendo l'uso in una vasta gamma di condizioni ambientali senza compromettere le prestazioni.<\/p>\n<p>Grazie alla sua capacit\u00e0 di assorbire vibrazioni e urti, questo spaziatore \u00e8 perfetto per dispositivi elettronici e macchinari, riducendo il rischio di danni e aumentando la longevit\u00e0 dei componenti. Inoltre, il suo design biadesivo facilita l'applicazione, rendendolo un'opzione pratica per professionisti e hobbisti.<\/p>\n<p>Il 3M 7966WDL \u00e8 anche resistente agli agenti chimici, garantendo che possa affrontare le sfide di ambienti industriali impegnativi. Che si tratti di assemblare tastiere a membrana, pannelli di controllo o altri dispositivi elettronici, questo spaziatore rappresenta la scelta ideale per chi cerca prestazioni elevate e risultati di alta qualit\u00e0.<\/p>","feature_1":"Spessore di soli 0,5 mm per un'installazione discreta","feature_2":"Resistenza termica da -40\u00b0C a +85\u00b0C per utilizzi in diverse condizioni ambientali","feature_3":"Adesivo biadesivo per un'applicazione semplice e veloce","feature_4":"Capacit\u00e0 di assorbire vibrazioni e urti per una maggiore protezione dei componenti","feature_5":"Resistente agli agenti chimici per un uso duraturo in ambienti industriali","feature_6":"Perfetto per tastiere a membrana e pannelli di controllo","feature_7":"Elevata adesione iniziale per risultati immediati","feature_8":"Compatibile con una vasta gamma di materiali, inclusi plastica e metallo","feature_9":"Lunga durata garantita, riducendo la necessit\u00e0 di sostituzioni frequenti","feature_10":"Prodotto da Finat SRL, leader nel settore delle soluzioni industriali"},"_links":{"self":[{"href":"https:\/\/finatsrl.it\/fr\/wp-json\/wp\/v2\/product\/11560","targetHints":{"allow":["GET"]}}],"collection":[{"href":"https:\/\/finatsrl.it\/fr\/wp-json\/wp\/v2\/product"}],"about":[{"href":"https:\/\/finatsrl.it\/fr\/wp-json\/wp\/v2\/types\/product"}],"wp:featuredmedia":[{"embeddable":true,"href":"https:\/\/finatsrl.it\/fr\/wp-json\/wp\/v2\/media\/12638"}],"wp:attachment":[{"href":"https:\/\/finatsrl.it\/fr\/wp-json\/wp\/v2\/media?parent=11560"}],"wp:term":[{"taxonomy":"product_brand","embeddable":true,"href":"https:\/\/finatsrl.it\/fr\/wp-json\/wp\/v2\/product_brand?post=11560"},{"taxonomy":"product_cat","embeddable":true,"href":"https:\/\/finatsrl.it\/fr\/wp-json\/wp\/v2\/product_cat?post=11560"},{"taxonomy":"product_tag","embeddable":true,"href":"https:\/\/finatsrl.it\/fr\/wp-json\/wp\/v2\/product_tag?post=11560"}],"curies":[{"name":"wp","href":"https:\/\/api.w.org\/{rel}","templated":true}]}}