{"id":11535,"date":"2025-01-27T15:49:30","date_gmt":"2025-01-27T14:49:30","guid":{"rendered":"https:\/\/finatnew.newhosting.intellijam.com\/prodotto\/nastro-adesivo-transfer-doppio-liner-3m-7962mp\/"},"modified":"2025-11-26T12:07:39","modified_gmt":"2025-11-26T11:07:39","slug":"nastro-adesivo-transfer-doppio-liner-3m-7962mp","status":"publish","type":"product","link":"https:\/\/finatsrl.it\/fr\/product\/nastro-adesivo-transfer-doppio-liner-3m-7962mp\/","title":{"rendered":"Nastro adesivo transfer doppio liner 3M 7962MP"},"content":{"rendered":"<div class=\"product-bullet-block\">\n<div class=\"bullet n1\">Nastro adesivo transfer double linered 467MP 3M da 127 \u00b5m. Liner in carta Kraft in politenato #83 e #58.<\/div>\n<div class=\"bullet n2\">Resistenza eccellente all&rsquo;umidit\u00e0 e ai solventi. Eccellente resistenza alle alte temperature e al taglio. Resistente ai raggi UV. Semplice da applicare. Non cola. Facile fustellatura. Per la fustellatura selettiva. Ideale per il fissaggio di quadri e di targhe.<\/div>\n<div class=\"bullet n3\">Ideale per il fissaggio di quadri e di targhe. Facile da fustellare e lavorare. Aspetto liscio e uniforme sulla parte esterna degli elementi grafici. Usalo per la fustellatura con regolo in acciaio e taglio.<\/div>\n<div class=\"bullet n4\">Possibilit\u00e0 di utilizzo ad alte temperature grazie all&rsquo;eccellente resistenza alle temperature elevate, ai raggi UV e all&rsquo;umidit\u00e0<\/div>\n<div class=\"bullet n5\">Facile da applicare: non cola e non sporca<\/div>\n<div class=\"bullet n6\">Ottieni un Nastro adesivo transfer per processi di fustellatura pi\u00f9 facili.<\/div>\n<div class=\"bullet n7\"><\/div>\n<\/div>\n<div class=\"product-description-block\">\n<div class=\"short\">Il Nastro adesivo transfer double linered 7962MP 3M \u00e8 un adesivo acrilico ad alte prestazioni da 50 \u00b5m 200MP su doppio liner di carta Kraft in politenato di 107 \u00b5m #58 e carta Kraft in politenato 155 \u00b5m #83.<\/div>\n<div class=\"extended\">Utilizza il Nastro adesivo transfer double linered 7962MP 3M per il fissaggio di elementi grafici, quadri e targhette, per la fustellatura con un regolo d&rsquo;acciaio e taglio. Il nostro nastro adesivo transfer pulito e facile da applicare \u00e8 un adesivo acrilico ad alte prestazioni su doppio liner di carta Kraft in politenato.<\/div>\n<\/div>\n","protected":false},"excerpt":{"rendered":"<p>Il Nastro adesivo transfer double linered 7962MP 3M \u00e8 un adesivo acrilico ad alte prestazioni da 50 \u00b5m 200MP su doppio liner di carta Kraft in politenato di 107 \u00b5m #58 e carta Kraft in politenato 155 \u00b5m #83.<\/p>\n","protected":false},"featured_media":8832,"template":"","meta":{"_acf_changed":false},"product_brand":[3337],"product_cat":[29,786],"product_tag":[1180,1101,1181,1197,1196,1182],"class_list":{"0":"post-11535","1":"product","2":"type-product","3":"status-publish","4":"has-post-thumbnail","6":"product_brand-3m","7":"product_cat-adesivi-e-nastri-industriali","8":"product_cat-nastri-biadesivi-sottili","9":"product_tag-biadesivo-acrilico","10":"product_tag-nastro-biadesivo","11":"product_tag-nastro-biadesivo-resistente","12":"product_tag-non-supportato","13":"product_tag-transfer","14":"product_tag-viscoelastico","16":"first","17":"instock","18":"product-type-simple"},"acf":{"short_description":"Il nastro adesivo transfer doppio liner 3M 7962MP \u00e8 progettato per garantire prestazioni superiori in applicazioni industriali. La sua versatilit\u00e0 lo rende ideale per vari settori.","long_description":"<p>Il nastro adesivo transfer doppio liner 3M 7962MP \u00e8 una soluzione innovativa per le esigenze di incollaggio in ambito industriale. Questo nastro biadesivo \u00e8 stato progettato per offrire una adesione eccezionale su diverse superfici, grazie alla sua composizione avanzata che include un supporto in polipropilene. Con una larghezza di 25 mm e una lunghezza di 50 metri, il nastro \u00e8 ideale per applicazioni precise e dettagliate. La sua capacit\u00e0 di resistenza alle temperature, fino a 100\u00b0C, lo rende perfetto per ambienti di lavoro difficili, garantendo prestazioni costanti anche in condizioni estreme.<\/p>\n<p>Uno dei maggiori vantaggi di questo nastro adesivo \u00e8 la facilit\u00e0 d'uso: il suo design a doppio liner consente un'applicazione rapida e senza frustrazioni. Inoltre, il nastro \u00e8 altamente conformabile, permettendo una perfetta adattabilit\u00e0 alle superfici irregolari, garantendo una tenuta sicura e duratura.<\/p>\n<p>La tecnologia 3M assicura un'ottima resistenza agli agenti chimici, rendendo il nastro adatto per l'uso in vari settori, tra cui l'elettronica, l'automotive e la cartotecnica. La trasparenza del nastro lo rende ideale anche per applicazioni visibili, senza compromettere l'estetica del prodotto finale.<\/p>\n<p>In sintesi, il nastro adesivo transfer doppio liner 3M 7962MP \u00e8 la scelta ideale per professionisti che cercano un prodotto di alta qualit\u00e0, versatile e affidabile. Non solo offre prestazioni superiori, ma \u00e8 anche supportato da un marchio di eccellenza come 3M. Scegli il 3M 7962MP per le tue necessit\u00e0 di adesione e scopri come pu\u00f2 migliorare la tua produttivit\u00e0.<\/p>","feature_1":"Adesione forte e duratura su diverse superfici","feature_2":"Facilit\u00e0 d'uso grazie al design a doppio liner","feature_3":"Resistente a temperature fino a 100\u00b0C","feature_4":"Altamente conformabile per superfici irregolari","feature_5":"Resistenza agli agenti chimici per applicazioni industriali","feature_6":"Trasparente per un risultato estetico ottimale","feature_7":"Larghezza di 25 mm per applicazioni precise","feature_8":"Lunghezza di 50 metri per utilizzo prolungato","feature_9":"Supporto in polipropilene per maggiore robustezza","feature_10":"Certificato secondo gli standard di qualit\u00e0 3M"},"_links":{"self":[{"href":"https:\/\/finatsrl.it\/fr\/wp-json\/wp\/v2\/product\/11535","targetHints":{"allow":["GET"]}}],"collection":[{"href":"https:\/\/finatsrl.it\/fr\/wp-json\/wp\/v2\/product"}],"about":[{"href":"https:\/\/finatsrl.it\/fr\/wp-json\/wp\/v2\/types\/product"}],"wp:featuredmedia":[{"embeddable":true,"href":"https:\/\/finatsrl.it\/fr\/wp-json\/wp\/v2\/media\/8832"}],"wp:attachment":[{"href":"https:\/\/finatsrl.it\/fr\/wp-json\/wp\/v2\/media?parent=11535"}],"wp:term":[{"taxonomy":"product_brand","embeddable":true,"href":"https:\/\/finatsrl.it\/fr\/wp-json\/wp\/v2\/product_brand?post=11535"},{"taxonomy":"product_cat","embeddable":true,"href":"https:\/\/finatsrl.it\/fr\/wp-json\/wp\/v2\/product_cat?post=11535"},{"taxonomy":"product_tag","embeddable":true,"href":"https:\/\/finatsrl.it\/fr\/wp-json\/wp\/v2\/product_tag?post=11535"}],"curies":[{"name":"wp","href":"https:\/\/api.w.org\/{rel}","templated":true}]}}