{"id":11516,"date":"2025-01-27T15:49:30","date_gmt":"2025-01-27T14:49:30","guid":{"rendered":"https:\/\/finatnew.newhosting.intellijam.com\/prodotto\/spaziatore-per-tastiere-a-membrana-3m-7961mp\/"},"modified":"2025-11-26T12:07:38","modified_gmt":"2025-11-26T11:07:38","slug":"spaziatore-per-tastiere-a-membrana-3m-7961mp","status":"publish","type":"product","link":"https:\/\/finatsrl.it\/fr\/product\/spaziatore-per-tastiere-a-membrana-3m-7961mp\/","title":{"rendered":"Spaziatore per tastiere a membrana 3M 7961MP"},"content":{"rendered":"<div class=\"product-bullet-block\">\n<div class=\"bullet n1\">Distanziatore per interruttori a membrana a doppio rivestimento da 280 \u00b5m con adesivo da 200 MP. Fodere di carta kraft polycoated da 58 libbre su ciascun lato. Entrambi i liner sono stampati.<\/div>\n<div class=\"bullet n2\">Ideale per la separazione dei circuiti negli interruttori fino all&rsquo;attuazione. Facile da fustellare e lavorare. Utilizzo per fustellatura a filetto.<\/div>\n<div class=\"bullet n3\">Resistenza eccellente a umidit\u00e0 e solventi. Elevata resistenza alla temperatura. L&rsquo;elevata resistenza al cesoiamento sopporta le sollecitazioni della pressione ripetuta. Resistente ai raggi UV Facile da applicare. Nessuna sporcizia. Facilmente fustellabile. Utilizzare per fustellatura selettiva.<\/div>\n<div class=\"bullet n4\">Utilizzalo per la fustellatura selettiva e la fustellatura con lama in acciaio, grazie alla facilit\u00e0 di taglio e lavorazione<\/div>\n<div class=\"bullet n5\"><\/div>\n<div class=\"bullet n6\"><\/div>\n<div class=\"bullet n7\"><\/div>\n<\/div>\n<div class=\"product-description-block\">\n<div class=\"short\">Il distanziatore per interruttori a membrana 3M 7961MP \u00e8 un adesivo acrilico ad alte prestazioni da 50 \u00b5m 200 MP con doppio rivestimento su ciascun lato di un supporto in pellicola di poliestere da 175 \u00b5m con doppio liner di 107 \u00b5m #58 kraft con rivestimento in polistirene piatto resistente all&rsquo;umidit\u00e0<\/div>\n<div class=\"extended\"><\/div>\n<\/div>\n","protected":false},"excerpt":{"rendered":"<p>Il distanziatore per interruttori a membrana 3M 7961MP \u00e8 un adesivo acrilico ad alte prestazioni da 50 \u00b5m 200 MP con doppio rivestimento su ciascun lato di un supporto in pellicola di poliestere da 175 \u00b5m con doppio liner di 107 \u00b5m #58 kraft con rivestimento in polistirene piatto resistente all&rsquo;umidit\u00e0<\/p>\n","protected":false},"featured_media":8823,"template":"","meta":{"_acf_changed":false},"product_brand":[3337],"product_cat":[29,786],"product_tag":[1180,1273,1274,1101,1181,1182],"class_list":{"0":"post-11516","1":"product","2":"type-product","3":"status-publish","4":"has-post-thumbnail","6":"product_brand-3m","7":"product_cat-adesivi-e-nastri-industriali","8":"product_cat-nastri-biadesivi-sottili","9":"product_tag-biadesivo-acrilico","10":"product_tag-doppio-liner","11":"product_tag-fogli","12":"product_tag-nastro-biadesivo","13":"product_tag-nastro-biadesivo-resistente","14":"product_tag-viscoelastico","15":"pa_colore-trasparente","17":"first","18":"instock","19":"product-type-simple"},"acf":{"short_description":"Lo spaziatore per tastiere a membrana 3M 7961MP \u00e8 progettato per garantire prestazioni ottimali in applicazioni industriali. Con la sua adesione sicura, \u00e8 la scelta ideale per ogni esigenza di assemblaggio.","long_description":"<p>Lo Spaziatore per tastiere a membrana 3M 7961MP \u00e8 una soluzione innovativa e altamente performante, progettata per soddisfare le esigenze di assemblaggio nel settore industriale. Grazie alla sua costruzione di alta qualit\u00e0 e alle propriet\u00e0 adesive superiori, questo prodotto offre un supporto eccellente per tastiere a membrana, garantendo al contempo una lunga durata e una resistenza agli agenti atmosferici.<\/p>\n<p>Una delle caratteristiche distintive di questo spaziatore \u00e8 la sua capacit\u00e0 di garantire un\u2019adesione straordinaria su diverse superfici, rendendolo versatile per vari utilizzi. \u00c8 stato progettato per resistere a condizioni ambientali difficili, mantenendo la sua efficienza nel tempo. Inoltre, il 3M 7961MP \u00e8 facile da applicare e rimuovere, senza lasciare residui appiccicosi, facilitando cos\u00ec eventuali modifiche o riparazioni.<\/p>\n<p>La sua formulazione speciale lo rende adatto all'uso in ambienti industriali, dove la qualit\u00e0 e l'affidabilit\u00e0 sono fondamentali. Con uno spessore ridotto, questo spaziatore \u00e8 ideale per applicazioni dove lo spazio \u00e8 limitato, senza compromettere la forza adesiva. \u00c8 compatibile con una vasta gamma di materiali, inclusi metallo, plastica e vetro, aumentando la sua utilit\u00e0 in diversi progetti.<\/p>\n<p>Inoltre, il 3M 7961MP \u00e8 progettato per resistere a temperature estreme e umidit\u00e0, rendendolo perfetto per applicazioni all'interno e all'esterno. La sua robustezza e resistenza lo rendono la scelta preferita per professionisti e imprese che cercano soluzioni affidabili e durature. Con questo spaziatore, puoi essere certo di ottenere risultati professionali e di alta qualit\u00e0, migliorando la funzionalit\u00e0 delle tue tastiere a membrana e ottimizzando i processi produttivi.<\/p>","feature_1":"Adesione superiore su diverse superfici","feature_2":"Resistenza agli agenti atmosferici","feature_3":"Facile applicazione e rimozione","feature_4":"Compatibile con metallo, plastica e vetro","feature_5":"Spessore ridotto per spazi limitati","feature_6":"Resistente a temperature estreme","feature_7":"Resistente all'umidit\u00e0","feature_8":"Elevata durata e affidabilit\u00e0","feature_9":"Ideale per applicazioni industriali","feature_10":"Progettato per garantire prestazioni ottimali"},"_links":{"self":[{"href":"https:\/\/finatsrl.it\/fr\/wp-json\/wp\/v2\/product\/11516","targetHints":{"allow":["GET"]}}],"collection":[{"href":"https:\/\/finatsrl.it\/fr\/wp-json\/wp\/v2\/product"}],"about":[{"href":"https:\/\/finatsrl.it\/fr\/wp-json\/wp\/v2\/types\/product"}],"wp:featuredmedia":[{"embeddable":true,"href":"https:\/\/finatsrl.it\/fr\/wp-json\/wp\/v2\/media\/8823"}],"wp:attachment":[{"href":"https:\/\/finatsrl.it\/fr\/wp-json\/wp\/v2\/media?parent=11516"}],"wp:term":[{"taxonomy":"product_brand","embeddable":true,"href":"https:\/\/finatsrl.it\/fr\/wp-json\/wp\/v2\/product_brand?post=11516"},{"taxonomy":"product_cat","embeddable":true,"href":"https:\/\/finatsrl.it\/fr\/wp-json\/wp\/v2\/product_cat?post=11516"},{"taxonomy":"product_tag","embeddable":true,"href":"https:\/\/finatsrl.it\/fr\/wp-json\/wp\/v2\/product_tag?post=11516"}],"curies":[{"name":"wp","href":"https:\/\/api.w.org\/{rel}","templated":true}]}}