{"id":11470,"date":"2025-01-27T15:49:06","date_gmt":"2025-01-27T14:49:06","guid":{"rendered":"https:\/\/finatnew.newhosting.intellijam.com\/prodotto\/spaziatore-per-tastiere-a-membrana-3m-7945mp\/"},"modified":"2025-11-26T12:07:35","modified_gmt":"2025-11-26T11:07:35","slug":"spaziatore-per-tastiere-a-membrana-3m-7945mp","status":"publish","type":"product","link":"https:\/\/finatsrl.it\/fr\/product\/spaziatore-per-tastiere-a-membrana-3m-7945mp\/","title":{"rendered":"Spaziatore per tastiere a membrana 3M 7945MP"},"content":{"rendered":"<div class=\"product-bullet-block\">\n<div class=\"bullet n1\">Interstrato di contatto adesivo a doppia protezione da 152 \u00b5m con adesivo tipo 200MP. Protezioni in carta marrone rivestiti con polietilene (58 #) su ogni lato. Entrambi i protettori sono stampati.<\/div>\n<div class=\"bullet n2\">Ideale per la separazione dei circuiti delle tastiere fino all&rsquo;attivazione. Facile da fustellare e lavorare. Per la fustellatura con lama in acciaio.<\/div>\n<div class=\"bullet n3\">Fornisce un&rsquo;ottima aderenza ai metalli, oltre che alle plastiche ad alta energia superficiale.<\/div>\n<div class=\"bullet n4\">Resistenza eccellente all&rsquo;umidit\u00e0 e ai solventi. Resistenza alle alte temperature. Elevata resistenza al taglio, in grado di resistere alle sollecitazioni dell&rsquo;attivazione ripetuta. Resistente ai raggi UV. Semplice da applicare. Non cola. Facile da fustellare. Per la fustellatura selettiva.<\/div>\n<div class=\"bullet n5\"><\/div>\n<div class=\"bullet n6\"><\/div>\n<div class=\"bullet n7\"><\/div>\n<\/div>\n<div class=\"product-description-block\">\n<div class=\"short\">Il distanziatore per interruttori a membrana 3M 7945MP \u00e8 un adesivo acrilico ad alte prestazioni da 50 \u00b5m 200 MP con doppio rivestimento su ciascun lato di un supporto in pellicola di poliestere da 25 \u00b5m su un doppio liner di 107 \u00b5m n. 58 di carta kraft plastificata appiattita resistente all&rsquo;umidit\u00e0 stampata<\/div>\n<div class=\"extended\"><\/div>\n<\/div>\n","protected":false},"excerpt":{"rendered":"<p>Il distanziatore per interruttori a membrana 3M 7945MP \u00e8 un adesivo acrilico ad alte prestazioni da 50 \u00b5m 200 MP con doppio rivestimento su ciascun lato di un supporto in pellicola di poliestere da 25 \u00b5m su un doppio liner di 107 \u00b5m n. 58 di carta kraft plastificata appiattita resistente all&rsquo;umidit\u00e0 stampata<\/p>\n","protected":false},"featured_media":8801,"template":"","meta":{"_acf_changed":false},"product_brand":[3337],"product_cat":[29,786],"product_tag":[1180,1273,1274,1101,1181,1182],"class_list":{"0":"post-11470","1":"product","2":"type-product","3":"status-publish","4":"has-post-thumbnail","6":"product_brand-3m","7":"product_cat-adesivi-e-nastri-industriali","8":"product_cat-nastri-biadesivi-sottili","9":"product_tag-biadesivo-acrilico","10":"product_tag-doppio-liner","11":"product_tag-fogli","12":"product_tag-nastro-biadesivo","13":"product_tag-nastro-biadesivo-resistente","14":"product_tag-viscoelastico","15":"pa_colore-trasparente","17":"first","18":"instock","19":"product-type-simple"},"acf":{"short_description":"Lo spaziatore per tastiere a membrana 3M 7945MP offre un'adesione ottimale per applicazioni industriali. Ideale per garantire precisione e durata nelle tastiere.","long_description":"<p>Il spaziatore per tastiere a membrana 3M 7945MP rappresenta una soluzione all'avanguardia per gli ambienti industriali dove la qualit\u00e0 e l'affidabilit\u00e0 sono fondamentali. Progettato per offrire un'aderenza superiore, questo prodotto \u00e8 realizzato con materiali di alta qualit\u00e0 che garantiscono prestazioni eccellenti nel tempo. Grazie alla sua formulazione avanzata, lo spaziatore si adatta perfettamente a diverse superfici, assicurando un'ottima tenuta anche in condizioni di utilizzo estreme.<\/p>\n<p>La tecnologia 3M utilizzata nel 7945MP consente di avere un nastrino biadesivo sottile, perfetto per applicazioni dove lo spazio \u00e8 limitato. Questo spaziatore \u00e8 ideale per l'installazione di tastiere a membrana, poich\u00e9 offre una protezione efficace contro polvere e umidit\u00e0, prolungando la vita utile dei dispositivi. Inoltre, il suo design permette una facile applicazione, riducendo i tempi di installazione e migliorando l'efficienza operativa.<\/p>\n<p>Realizzato con adesivi di alta qualit\u00e0, il 7945MP resiste a temperature elevate e a variazioni di umidit\u00e0, rendendolo perfetto per ambienti industriali e commerciali. Grazie alla sua eccellente adesione, gli spaziatori sono in grado di mantenere un elevato livello di precisione nella risposta della tastiera, migliorando l'esperienza dell'utente finale.<\/p>\n<p>In sintesi, lo spaziatore per tastiere a membrana 3M 7945MP \u00e8 un prodotto indispensabile per chi cerca soluzioni affidabili e di alta qualit\u00e0 nel settore degli adesivi e nastri industriali. Non perdere l\u2019occasione di migliorare la tua applicazione con un prodotto che combina innovazione e prestazioni elevate.<\/p>","feature_1":"Adesione ottimale su diverse superfici","feature_2":"Resistente a temperature elevate","feature_3":"Impermeabile e resistente all'umidit\u00e0","feature_4":"Facile da applicare grazie al design intuitivo","feature_5":"Compatibile con tastiere a membrana di varie dimensioni","feature_6":"Riduce il rischio di polvere e contaminazione","feature_7":"Materiali di alta qualit\u00e0 per una lunga durata","feature_8":"Nastrini biadesivi sottili per applicazioni compatte","feature_9":"Prestazioni eccellenti in condizioni estreme","feature_10":"Ideale per ambienti industriali e commerciali"},"_links":{"self":[{"href":"https:\/\/finatsrl.it\/fr\/wp-json\/wp\/v2\/product\/11470","targetHints":{"allow":["GET"]}}],"collection":[{"href":"https:\/\/finatsrl.it\/fr\/wp-json\/wp\/v2\/product"}],"about":[{"href":"https:\/\/finatsrl.it\/fr\/wp-json\/wp\/v2\/types\/product"}],"wp:featuredmedia":[{"embeddable":true,"href":"https:\/\/finatsrl.it\/fr\/wp-json\/wp\/v2\/media\/8801"}],"wp:attachment":[{"href":"https:\/\/finatsrl.it\/fr\/wp-json\/wp\/v2\/media?parent=11470"}],"wp:term":[{"taxonomy":"product_brand","embeddable":true,"href":"https:\/\/finatsrl.it\/fr\/wp-json\/wp\/v2\/product_brand?post=11470"},{"taxonomy":"product_cat","embeddable":true,"href":"https:\/\/finatsrl.it\/fr\/wp-json\/wp\/v2\/product_cat?post=11470"},{"taxonomy":"product_tag","embeddable":true,"href":"https:\/\/finatsrl.it\/fr\/wp-json\/wp\/v2\/product_tag?post=11470"}],"curies":[{"name":"wp","href":"https:\/\/api.w.org\/{rel}","templated":true}]}}