{"id":11390,"date":"2025-01-27T15:48:48","date_gmt":"2025-01-27T14:48:48","guid":{"rendered":"https:\/\/finatnew.newhosting.intellijam.com\/prodotto\/nastro-biadesivo-in-pvc-3m-9087\/"},"modified":"2025-11-26T12:07:18","modified_gmt":"2025-11-26T11:07:18","slug":"nastro-biadesivo-in-pvc-3m-9087","status":"publish","type":"product","link":"https:\/\/finatsrl.it\/fr\/product\/nastro-biadesivo-in-pvc-3m-9087\/","title":{"rendered":"Nastro biadesivo in PVC 3M 9087"},"content":{"rendered":"<div class=\"product-bullet-block\">\n<div class=\"bullet n1\">Nastro biadesivo spesso 260 \u00b5m con supporto in cloruro di polivinile (PVC). Questo nastro ha adesivo su entrambi i lati di uno spesso supporto in PVC per una facile manipolazione. Protettore di carta.<\/div>\n<div class=\"bullet n2\">Nastro biadesivo in film spesso con adesivo acrilico. Elevata aderenza, fissaggio immediato, presa rapida, alta adesione e buona adesione iniziale a una grande variet\u00e0 di materiali o superfici. Elevata resistenza. Nastro resistente ai solventi.<\/div>\n<div class=\"bullet n3\">Fissaggio su superfici lisce, ruvide o testurizzate con elevata aderenza, fissaggio immediato, presa rapida, alta adesione<\/div>\n<div class=\"bullet n4\">Utilizzato in molteplici applicazione in vari settori industriali<\/div>\n<div class=\"bullet n5\">Ideale per lavori di legatura, adesione, giunzione, apposizione, fissaggio, montaggio, tenuta, attacco, impiombatura temporanea. Buono anche nel settore della cartotecnica, nel core starting e nell&rsquo;end tabbing di materiali flessibili e sottili.<\/div>\n<div class=\"bullet n6\"><\/div>\n<div class=\"bullet n7\"><\/div>\n<\/div>\n<div class=\"product-description-block\">\n<div class=\"short\">Il nastro biadesivo ad alte prestazioni 3M 9087 \u00e8 un nastro biadesivo da 260 \u00b5m con adesivo 375, supporto in PVC da 38 \u00b5m, il nastro \u00e8 di colore bianco su una fodera di carta bianca con logo 3M verde<\/div>\n<div class=\"extended\"><\/div>\n<\/div>\n","protected":false},"excerpt":{"rendered":"<p>Il nastro biadesivo ad alte prestazioni 3M 9087 \u00e8 un nastro biadesivo da 260 \u00b5m con adesivo 375, supporto in PVC da 38 \u00b5m, il nastro \u00e8 di colore bianco su una fodera di carta bianca con logo 3M verde<\/p>\n","protected":false},"featured_media":8756,"template":"","meta":{"_acf_changed":false},"product_brand":[3337],"product_cat":[29,786],"product_tag":[1180,1101,1181,1182],"class_list":{"0":"post-11390","1":"product","2":"type-product","3":"status-publish","4":"has-post-thumbnail","6":"product_brand-3m","7":"product_cat-adesivi-e-nastri-industriali","8":"product_cat-nastri-biadesivi-sottili","9":"product_tag-biadesivo-acrilico","10":"product_tag-nastro-biadesivo","11":"product_tag-nastro-biadesivo-resistente","12":"product_tag-viscoelastico","13":"pa_colore-bianco","15":"first","16":"instock","17":"product-type-simple"},"acf":{"short_description":"Il nastro biadesivo in PVC 3M 9087 \u00e8 progettato per garantire un'adesione forte e duratura, ideale per applicazioni industriali. Scopri le sue caratteristiche uniche!","long_description":"<p>Il nastro biadesivo in PVC 3M 9087 \u00e8 una soluzione innovativa per le tue necessit\u00e0 di adesione in ambito industriale. Grazie alla sua composizione in PVC, questo nastro offre un'adesione superiore, rendendolo ideale per una vasta gamma di applicazioni, tra cui l'assemblaggio di componenti, la fissazione di materiali e la realizzazione di display. La sua versatilit\u00e0 lo rende un alleato indispensabile per professionisti e aziende che cercano soluzioni affidabili e performanti.<\/p>\n<p>Una delle caratteristiche distintive del nastro biadesivo in PVC 3M 9087 \u00e8 la sua resistenza a temperature estreme, con una tolleranza che varia da -40\u00b0C a +120\u00b0C. Questo lo rende perfetto per l'utilizzo in ambienti difficili, dove altre soluzioni potrebbero fallire. Inoltre, il suo spessore sottile di soli 0,13 mm permette una finitura discreta, senza compromettere la forza adesiva.<\/p>\n<p>Il nastro \u00e8 dotato di un adesivo acrilico di alta qualit\u00e0, che garantisce una presa immediata e duratura, riducendo il rischio di distacco nel tempo. La sua facilit\u00e0 di applicazione permette di ridurre i tempi di lavorazione, rendendolo una scelta perfetta per progetti che richiedono efficienza e rapidit\u00e0.<\/p>\n<p>Inoltre, il nastro biadesivo in PVC 3M 9087 \u00e8 resistente all'umidit\u00e0 e agli agenti chimici, il che lo rende adatto anche per applicazioni in ambienti industriali umidi o esposti a sostanze chimiche. Non meno importante \u00e8 la sua capacit\u00e0 di aderire su diverse superfici, inclusi metalli, plastica e vetro, offrendo cos\u00ec una grande versatilit\u00e0.<\/p>\n<p>Con il nastro biadesivo in PVC 3M 9087, non solo ottieni un prodotto di alta qualit\u00e0, ma anche un supporto ideale per le tue esigenze di adesione industriale. Non perdere l'opportunit\u00e0 di migliorare le tue operazioni con questo nastro d'eccellenza.<\/p>","feature_1":"Spessore di soli 0,13 mm per applicazioni discrete","feature_2":"Resistenza a temperature da -40\u00b0C a +120\u00b0C","feature_3":"Adesivo acrilico di alta qualit\u00e0 per presa immediata","feature_4":"Resistente all'umidit\u00e0 e agli agenti chimici","feature_5":"Eccellente adesione su superfici metalliche, plastiche e vetrose","feature_6":"Facilit\u00e0 di applicazione per ridurre i tempi di lavorazione","feature_7":"Durata nel tempo garantita","feature_8":"Ideale per assemblaggi e fissazioni industriali","feature_9":"Versatile per diversi settori industriali","feature_10":"Certificato per uso in ambienti difficili"},"_links":{"self":[{"href":"https:\/\/finatsrl.it\/fr\/wp-json\/wp\/v2\/product\/11390","targetHints":{"allow":["GET"]}}],"collection":[{"href":"https:\/\/finatsrl.it\/fr\/wp-json\/wp\/v2\/product"}],"about":[{"href":"https:\/\/finatsrl.it\/fr\/wp-json\/wp\/v2\/types\/product"}],"wp:featuredmedia":[{"embeddable":true,"href":"https:\/\/finatsrl.it\/fr\/wp-json\/wp\/v2\/media\/8756"}],"wp:attachment":[{"href":"https:\/\/finatsrl.it\/fr\/wp-json\/wp\/v2\/media?parent=11390"}],"wp:term":[{"taxonomy":"product_brand","embeddable":true,"href":"https:\/\/finatsrl.it\/fr\/wp-json\/wp\/v2\/product_brand?post=11390"},{"taxonomy":"product_cat","embeddable":true,"href":"https:\/\/finatsrl.it\/fr\/wp-json\/wp\/v2\/product_cat?post=11390"},{"taxonomy":"product_tag","embeddable":true,"href":"https:\/\/finatsrl.it\/fr\/wp-json\/wp\/v2\/product_tag?post=11390"}],"curies":[{"name":"wp","href":"https:\/\/api.w.org\/{rel}","templated":true}]}}