{"id":11379,"date":"2025-02-01T10:32:30","date_gmt":"2025-02-01T09:32:30","guid":{"rendered":"https:\/\/finatnew.newhosting.intellijam.com\/prodotto\/nastro-biadesivo-in-schiuma-3m-9515bf\/"},"modified":"2025-11-26T12:07:16","modified_gmt":"2025-11-26T11:07:16","slug":"nastro-biadesivo-in-schiuma-3m-9515bf","status":"publish","type":"product","link":"https:\/\/finatsrl.it\/fr\/product\/nastro-biadesivo-in-schiuma-3m-9515bf\/","title":{"rendered":"Nastro biadesivo in schiuma 3M 9515BF"},"content":{"rendered":"<div class=\"product-bullet-block\">\n<div class=\"bullet n1\">Ideale per assemblare materiali a basso costo<\/div>\n<div class=\"bullet n2\">Per l&rsquo;incollaggio di vetro e plastica trasparente<\/div>\n<div class=\"bullet n3\">Pu\u00f2 essere utilizzato con policarbonato, acrilico, PVC<\/div>\n<div class=\"bullet n4\">Particolarmente adatto per applicazioni nell&rsquo;industria dei display e delle insegne<\/div>\n<div class=\"bullet n5\">Ideal for permanently strong connections indoors and outdoors<\/div>\n<div class=\"bullet n6\"><\/div>\n<div class=\"bullet n7\"><\/div>\n<\/div>\n<div class=\"product-description-block\">\n<div class=\"short\">Il nastro biadesivo 3M 9515B \u00e8 un nastro in schiuma PR a celle chiuse con adesivo acrilato. \u00c8 ideale per connessioni resistenti e durature all&rsquo;interno e all&rsquo;esterno e combina i materiali in modo economico. \u00c8 antivibrante, assorbe le forze ed \u00e8 resistente alle alte temperature, agli agenti atmosferici, ai raggi UV e ai solventi. Le aree di applicazione del nastro sono la combinazione di materiali a bassa e alta energia come metalli, superfici verniciate, legno laccato, vetro, ceramica e molte materie plastiche. Colore del nastro: nero.<\/div>\n<div class=\"extended\">Tale adesivo acrilico offre una buona aderenza iniziale e un&rsquo;adesione su una vasta gamma di superfici.<\/div>\n<\/div>\n","protected":false},"excerpt":{"rendered":"<p>Il nastro biadesivo 3M 9515B \u00e8 un nastro in schiuma PR a celle chiuse con adesivo acrilato. \u00c8 ideale per connessioni resistenti e durature all&rsquo;interno e all&rsquo;esterno e combina i materiali in modo economico. \u00c8 antivibrante, assorbe le forze ed \u00e8 resistente alle alte temperature, agli agenti atmosferici, ai raggi UV e ai solventi. Le aree di applicazione del nastro sono la combinazione di materiali a bassa e alta energia come metalli, superfici verniciate, legno laccato, vetro, ceramica e molte materie plastiche. Colore del nastro: nero.<\/p>\n","protected":false},"featured_media":12697,"template":"","meta":{"_acf_changed":false},"product_brand":[3337],"product_cat":[29,269],"product_tag":[1101],"class_list":{"0":"post-11379","1":"product","2":"type-product","3":"status-publish","4":"has-post-thumbnail","6":"product_brand-3m","7":"product_cat-adesivi-e-nastri-industriali","8":"product_cat-nastri-in-schiuma","9":"product_tag-nastro-biadesivo","10":"pa_colore-nero","12":"first","13":"instock","14":"product-type-simple"},"acf":{"short_description":"Il nastro biadesivo in schiuma 3M 9515BF \u00e8 la soluzione ideale per ogni esigenza di incollaggio. Garantisce un'adesione forte e duratura su varie superfici.","long_description":"<p>Il nastro biadesivo in schiuma 3M 9515BF \u00e8 un prodotto di alta qualit\u00e0 progettato per soddisfare le esigenze delle applicazioni industriali pi\u00f9 esigenti. Questo nastro \u00e8 realizzato con una schiuma di poliuretano ad alta densit\u00e0, che offre una straordinaria capacit\u00e0 di assorbire vibrazioni e urti, rendendolo perfetto per l'uso in ambienti di lavoro impegnativi. Grazie alla sua eccellente adesione su superfici diverse, tra cui metallo, plastica e vetro, il nastro biadesivo in schiuma 3M 9515BF \u00e8 ideale per incollare, assemblare e montare componenti in modo semplice e veloce.<\/p>\n<p>La sua formulazione speciale garantisce una resistenza all'umidit\u00e0 e agli agenti chimici, rendendo questo nastro particolarmente adatto per applicazioni sia interne che esterne. Con uno spessore di 1,5 mm, offre una copertura uniforme e una presa forte, che non si allenta nel tempo. Inoltre, il nastro \u00e8 dotato di un supporto in schiuma che aiuta a compensare le irregolarit\u00e0 delle superfici, assicurando un'adesione ottimale anche su materiali porosi o rugosi. La facilit\u00e0 di utilizzo \u00e8 un'altra delle sue caratteristiche distintive: basta semplicemente srotolarlo e applicarlo sulle superfici desiderate per ottenere risultati immediati e professionali.<\/p>\n<p>Che tu stia cercando un nastro per applicazioni temporanee o permanenti, il nastro biadesivo in schiuma 3M 9515BF rappresenta una scelta eccellente. Non solo offre prestazioni superiori, ma \u00e8 anche un prodotto versatile che pu\u00f2 essere utilizzato in una vasta gamma di settori, dalle costruzioni all'automotive, fino all'elettronica. Scegliere questo nastro significa investire in un prodotto di qualit\u00e0 che garantisce risultati duraturi e affidabili, rendendo il tuo lavoro pi\u00f9 efficiente e professionale.<\/p>","feature_1":"Adesione forte su metallo, plastica e vetro","feature_2":"Resistente a umidit\u00e0 e agenti chimici","feature_3":"Spessore di 1,5 mm per una copertura uniforme","feature_4":"Supporto in schiuma che compensa irregolarit\u00e0","feature_5":"Facile da applicare senza attrezzi speciali","feature_6":"Ottimo assorbimento di vibrazioni e urti","feature_7":"Utilizzabile in ambienti interni ed esterni","feature_8":"Compatibile con superfici porose e rugose","feature_9":"Ideale per applicazioni temporanee e permanenti","feature_10":"Certificato secondo standard industriali per qualit\u00e0 e sicurezza"},"_links":{"self":[{"href":"https:\/\/finatsrl.it\/fr\/wp-json\/wp\/v2\/product\/11379","targetHints":{"allow":["GET"]}}],"collection":[{"href":"https:\/\/finatsrl.it\/fr\/wp-json\/wp\/v2\/product"}],"about":[{"href":"https:\/\/finatsrl.it\/fr\/wp-json\/wp\/v2\/types\/product"}],"wp:featuredmedia":[{"embeddable":true,"href":"https:\/\/finatsrl.it\/fr\/wp-json\/wp\/v2\/media\/12697"}],"wp:attachment":[{"href":"https:\/\/finatsrl.it\/fr\/wp-json\/wp\/v2\/media?parent=11379"}],"wp:term":[{"taxonomy":"product_brand","embeddable":true,"href":"https:\/\/finatsrl.it\/fr\/wp-json\/wp\/v2\/product_brand?post=11379"},{"taxonomy":"product_cat","embeddable":true,"href":"https:\/\/finatsrl.it\/fr\/wp-json\/wp\/v2\/product_cat?post=11379"},{"taxonomy":"product_tag","embeddable":true,"href":"https:\/\/finatsrl.it\/fr\/wp-json\/wp\/v2\/product_tag?post=11379"}],"curies":[{"name":"wp","href":"https:\/\/api.w.org\/{rel}","templated":true}]}}