{"id":11290,"date":"2025-01-27T15:48:05","date_gmt":"2025-01-27T14:48:05","guid":{"rendered":"https:\/\/finatnew.newhosting.intellijam.com\/prodotto\/nastro-biadesivo-3m-9495le\/"},"modified":"2025-11-26T12:06:51","modified_gmt":"2025-11-26T11:06:51","slug":"nastro-biadesivo-3m-9495le","status":"publish","type":"product","link":"https:\/\/finatsrl.it\/fr\/product\/nastro-biadesivo-3m-9495le\/","title":{"rendered":"Nastro biadesivo 3M 9495LE"},"content":{"rendered":"<div class=\"product-bullet-block\">\n<div class=\"bullet n1\">Aggiunge stabilit\u00e0 dimensionale a schiume e altri substrati e facilita anche la manipolazione del nastro durante il taglio e la fustellatura<\/div>\n<div class=\"bullet n2\">Il nastro biadesivo 3M 9495LE presenta doppio rivestimento per agevolare la fustellatura selettiva<\/div>\n<div class=\"bullet n3\">La forza di fissaggio dell&rsquo;adesivo di laminazione 3M 300LSE aumenta in funzione di tempo e temperatura; l&rsquo;adesione iniziale \u00e8 molto alta<\/div>\n<div class=\"bullet n4\">(BUL) Elettronica, industria comune, elettrodomestici, dispositivi medici, attrezzi elettrici, automobili, trasporti, industria aeronautica, aerei<\/div>\n<div class=\"bullet n5\">(BUL) Aderire, unire, applicare, incollare, montare, contenere, laminare e fissare<\/div>\n<div class=\"bullet n6\"><\/div>\n<div class=\"bullet n7\"><\/div>\n<\/div>\n<div class=\"product-description-block\">\n<div class=\"short\">Il nastro biadesivo 3M 9495LE offre un&rsquo;elevata forza di adesione alla maggior parte delle superfici, comprese molte plastiche a bassa energia superficiale come polipropilene e vernici verniciate a polvere. L&rsquo;adesivo acrilico fornisce anche un&rsquo;eccellente adesione alle superfici leggermente contaminate da olio tipicamente utilizzato con parti di macchine.<\/div>\n<div class=\"extended\">Il nastro biadesivo 3M 9495LE fornisce un&rsquo;elevata forza di adesione alla maggior parte delle superfici, comprese molte plastiche a bassa energia superficiale come il polipropilene e le vernici verniciate a polvere. L&rsquo;adesivo acrilico fornisce anche un&rsquo;eccellente adesione alle superfici leggermente contaminate dall&rsquo;olio tipicamente utilizzato con le parti di macchine.<\/div>\n<\/div>\n","protected":false},"excerpt":{"rendered":"<p>Il nastro biadesivo 3M 9495LE offre un&rsquo;elevata forza di adesione alla maggior parte delle superfici, comprese molte plastiche a bassa energia superficiale come polipropilene e vernici verniciate a polvere. L&rsquo;adesivo acrilico fornisce anche un&rsquo;eccellente adesione alle superfici leggermente contaminate da olio tipicamente utilizzato con parti di macchine.<\/p>\n","protected":false},"featured_media":8661,"template":"","meta":{"_acf_changed":false},"product_brand":[3337],"product_cat":[29,847],"product_tag":[1248,1101],"class_list":{"0":"post-11290","1":"product","2":"type-product","3":"status-publish","4":"has-post-thumbnail","6":"product_brand-3m","7":"product_cat-adesivi-e-nastri-industriali","8":"product_cat-nastri-per-applicazioni-elettroniche","9":"product_tag-nastro","10":"product_tag-nastro-biadesivo","11":"pa_colore-trasparente","13":"first","14":"instock","15":"product-type-simple"},"acf":{"short_description":"Il nastro biadesivo 3M 9495LE \u00e8 la scelta ideale per applicazioni industriali, garantendo un'aderenza superiore e una durata nel tempo. Perfetto per elettronica e altro ancora.","long_description":"<p>Il nastro biadesivo 3M 9495LE \u00e8 una soluzione innovativa per chi ricerca un adesivo di alta qualit\u00e0 per applicazioni industriali. Grazie alla sua conformazione, questo nastro \u00e8 progettato per garantire un'adesione eccellente su una vasta gamma di superfici, rendendolo ideale per l'industria elettronica e non solo. Realizzato con materiali di prima scelta, il 3M 9495LE offre prestazioni superiori, resistendo a temperature estreme e condizioni ambientali avverse.<\/p>\n<p>Le sue caratteristiche distintive lo rendono unico nel mercato. Con una forza adesiva iniziale eccezionale e una resistenza a lungo termine, \u00e8 perfetto per applicazioni che richiedono durabilit\u00e0 e affidabilit\u00e0. Adatto a materiali come metallo, plastica e vetro, questo nastro \u00e8 versatile e facilmente adattabile alle esigenze specifiche di ogni progetto.<\/p>\n<p>Inoltre, il nastro biadesivo 3M 9495LE \u00e8 facile da applicare e consente una riduzione dei tempi di lavorazione, ottimizzando cos\u00ec la produttivit\u00e0. La sua resistenza agli agenti chimici e ai solventi lo rende una scelta sicura per ambienti di lavoro critici. Non solo \u00e8 resistente all\u2019umidit\u00e0, ma mantiene anche la sua adesione nel tempo, riducendo il rischio di sganciamenti.<\/p>\n<p>Scegliere il nastro biadesivo 3M 9495LE significa investire in un prodotto di qualit\u00e0 superiore, capace di soddisfare le esigenze pi\u00f9 elevate nel settore degli adesivi e nastri industriali. Non lasciare nulla al caso; con 3M, la tua applicazione sar\u00e0 sempre al top!<\/p>","feature_1":"Forza adesiva iniziale elevata per un'aderenza immediata","feature_2":"Resistenza a temperature da -40\u00b0C a +120\u00b0C","feature_3":"Ideale per applicazioni su metallo, plastica e vetro","feature_4":"Facile applicazione e riduzione dei tempi di lavorazione","feature_5":"Resistente a umidit\u00e0 e agenti chimici","feature_6":"Adatto per utilizzi in ambienti industriali critici","feature_7":"Eccezionale durata nel tempo senza perdita di adesione","feature_8":"Disponibile in diverse misure per adattarsi a ogni progetto","feature_9":"Compatibile con processi di assemblaggio automatici","feature_10":"Certificato per uso in applicazioni elettroniche"},"_links":{"self":[{"href":"https:\/\/finatsrl.it\/fr\/wp-json\/wp\/v2\/product\/11290","targetHints":{"allow":["GET"]}}],"collection":[{"href":"https:\/\/finatsrl.it\/fr\/wp-json\/wp\/v2\/product"}],"about":[{"href":"https:\/\/finatsrl.it\/fr\/wp-json\/wp\/v2\/types\/product"}],"wp:featuredmedia":[{"embeddable":true,"href":"https:\/\/finatsrl.it\/fr\/wp-json\/wp\/v2\/media\/8661"}],"wp:attachment":[{"href":"https:\/\/finatsrl.it\/fr\/wp-json\/wp\/v2\/media?parent=11290"}],"wp:term":[{"taxonomy":"product_brand","embeddable":true,"href":"https:\/\/finatsrl.it\/fr\/wp-json\/wp\/v2\/product_brand?post=11290"},{"taxonomy":"product_cat","embeddable":true,"href":"https:\/\/finatsrl.it\/fr\/wp-json\/wp\/v2\/product_cat?post=11290"},{"taxonomy":"product_tag","embeddable":true,"href":"https:\/\/finatsrl.it\/fr\/wp-json\/wp\/v2\/product_tag?post=11290"}],"curies":[{"name":"wp","href":"https:\/\/api.w.org\/{rel}","templated":true}]}}