{"id":11270,"date":"2025-01-27T15:48:05","date_gmt":"2025-01-27T14:48:05","guid":{"rendered":"https:\/\/finatnew.newhosting.intellijam.com\/prodotto\/pulitore-industriale-a-base-di-agrumi-3m\/"},"modified":"2025-11-26T12:06:50","modified_gmt":"2025-11-26T11:06:50","slug":"pulitore-industriale-a-base-di-agrumi-3m","status":"publish","type":"product","link":"https:\/\/finatsrl.it\/fr\/product\/pulitore-industriale-a-base-di-agrumi-3m\/","title":{"rendered":"Pulitore industriale a base di agrumi 3M"},"content":{"rendered":"<div class=\"product-bullet-block\">\n<div class=\"bullet n1\">Aiuta a dissolvere e rimuovere sporco, grasso, catrame e molto altro per un&rsquo;ampia variet\u00e0 di usi industriali<\/div>\n<div class=\"bullet n2\">Rimuove e pulisce i residui di adesivo<\/div>\n<div class=\"bullet n3\"><\/div>\n<div class=\"bullet n4\"><\/div>\n<div class=\"bullet n5\"><\/div>\n<div class=\"bullet n6\"><\/div>\n<div class=\"bullet n7\"><\/div>\n<\/div>\n<div class=\"product-description-block\">\n<div class=\"short\">3M Detergente industriale a base di agrumi \u00e8 ideale per aiutare a dissolvere e rimuovere sporco, grasso, catrame e molti adesivi non polimerizzanti. Sono un detergente a base di olio di agrumi e non contengono distillati di petrolio.<\/div>\n<div class=\"extended\"><\/div>\n<\/div>\n","protected":false},"excerpt":{"rendered":"<p>3M Detergente industriale a base di agrumi \u00e8 ideale per aiutare a dissolvere e rimuovere sporco, grasso, catrame e molti adesivi non polimerizzanti. Sono un detergente a base di olio di agrumi e non contengono distillati di petrolio.<\/p>\n","protected":false},"featured_media":8653,"template":"","meta":{"_acf_changed":false},"product_brand":[3337],"product_cat":[29,763],"product_tag":[3411,3412,1117],"class_list":{"0":"post-11270","1":"product","2":"type-product","3":"status-publish","4":"has-post-thumbnail","6":"product_brand-3m","7":"product_cat-adesivi-e-nastri-industriali","8":"product_cat-adesivi-spray-e-adesivi-a-caldo","9":"product_tag-adesivo-a-contatto","10":"product_tag-adesivo-basso-odore","11":"product_tag-fastbond","13":"first","14":"instock","15":"product-type-simple"},"acf":{"short_description":"Il pulitore industriale a base di agrumi 3M \u00e8 la soluzione ideale per rimuovere efficacemente sporco, oli e adesivi. Scegli un prodotto naturale ma potente per la tua attivit\u00e0.","long_description":"<p>Il pulitore industriale a base di agrumi 3M rappresenta una soluzione innovativa ed ecologica per la pulizia di superfici e attrezzature in ambito industriale. Formulato con ingredienti a base di agrumi, questo prodotto non solo \u00e8 efficace nella rimozione di sporco e residui, ma offre anche un profumo fresco e naturale, rendendo l'ambiente di lavoro pi\u00f9 piacevole. Con un'azione potente contro oli, grassi e adesivi, \u00e8 ideale per l'uso su una variet\u00e0 di superfici, inclusi metalli, plastica e ceramica. La sua versatilit\u00e0 lo rende perfetto per molteplici applicazioni, dal settore automobilistico all'industria alimentare, senza compromettere la salute degli operatori e dell'ambiente.<\/p>\n<p>Le caratteristiche del pulitore industriale a base di agrumi 3M includono una rapida evaporazione che riduce il tempo di attesa tra un'applicazione e l'altra, permettendo cos\u00ec di aumentare l'efficienza operativa. Grazie alla sua formula, non lascia residui appiccicosi, garantendo superfici pulite e pronte all'uso immediato. Inoltre, \u00e8 sicuro per l'uso in spazi chiusi, poich\u00e9 non produce vapori tossici, a differenza di molti altri solventi chimici. Questo pulitore \u00e8 anche una scelta sostenibile, poich\u00e9 \u00e8 biodegradabile e non contiene sostanze nocive per l'ambiente.<\/p>\n<p>In sintesi, il pulitore industriale a base di agrumi 3M \u00e8 un prodotto che unisce efficacia, sicurezza e rispetto per l'ambiente, rappresentando una scelta ideale per le aziende che desiderano mantenere elevati standard di pulizia senza compromettere la salute dei lavoratori o dell'ecosistema.<\/p>","feature_1":"Formula a base di agrumi per una pulizia naturale ed efficace","feature_2":"Rimuove oli, grassi e adesivi in modo semplice e veloce","feature_3":"Evaporazione rapida per un utilizzo immediato delle superfici","feature_4":"Non lascia residui appiccicosi, garantendo una pulizia perfetta","feature_5":"Sicuro per l'uso in spazi chiusi, senza vapori tossici","feature_6":"Biodegradabile e rispettoso dell'ambiente","feature_7":"Versatile, adatto per metalli, plastica e ceramica","feature_8":"Efficace in numerosi settori: automotive, alimentare e industriale","feature_9":"Profumo fresco e naturale di agrumi per un ambiente di lavoro gradevole","feature_10":"Confezione pratica da 710 ml per un utilizzo prolungato"},"_links":{"self":[{"href":"https:\/\/finatsrl.it\/fr\/wp-json\/wp\/v2\/product\/11270","targetHints":{"allow":["GET"]}}],"collection":[{"href":"https:\/\/finatsrl.it\/fr\/wp-json\/wp\/v2\/product"}],"about":[{"href":"https:\/\/finatsrl.it\/fr\/wp-json\/wp\/v2\/types\/product"}],"wp:featuredmedia":[{"embeddable":true,"href":"https:\/\/finatsrl.it\/fr\/wp-json\/wp\/v2\/media\/8653"}],"wp:attachment":[{"href":"https:\/\/finatsrl.it\/fr\/wp-json\/wp\/v2\/media?parent=11270"}],"wp:term":[{"taxonomy":"product_brand","embeddable":true,"href":"https:\/\/finatsrl.it\/fr\/wp-json\/wp\/v2\/product_brand?post=11270"},{"taxonomy":"product_cat","embeddable":true,"href":"https:\/\/finatsrl.it\/fr\/wp-json\/wp\/v2\/product_cat?post=11270"},{"taxonomy":"product_tag","embeddable":true,"href":"https:\/\/finatsrl.it\/fr\/wp-json\/wp\/v2\/product_tag?post=11270"}],"curies":[{"name":"wp","href":"https:\/\/api.w.org\/{rel}","templated":true}]}}