{"id":11265,"date":"2025-01-27T15:48:05","date_gmt":"2025-01-27T14:48:05","guid":{"rendered":"https:\/\/finatnew.newhosting.intellijam.com\/prodotto\/nastro-adesivo-transfer-3m-927\/"},"modified":"2025-11-26T12:06:50","modified_gmt":"2025-11-26T11:06:50","slug":"nastro-adesivo-transfer-3m-927","status":"publish","type":"product","link":"https:\/\/finatsrl.it\/fr\/product\/nastro-adesivo-transfer-3m-927\/","title":{"rendered":"Nastro adesivo transfer 3M 927"},"content":{"rendered":"<div class=\"product-bullet-block\">\n<div class=\"bullet n1\">Offre una buona adesione con poco spessore<\/div>\n<div class=\"bullet n2\">Offre una buona resistenza ai solventi e all&rsquo;umidit\u00e0<\/div>\n<div class=\"bullet n3\">Si lega bene alle superfici lisce e alla maggior parte delle materie plastiche<\/div>\n<div class=\"bullet n4\">Facile rilascio del liner per applicazioni manuali<\/div>\n<div class=\"bullet n5\"><\/div>\n<div class=\"bullet n6\"><\/div>\n<div class=\"bullet n7\"><\/div>\n<\/div>\n<div class=\"product-description-block\">\n<div class=\"short\">Il nastro adesivo transfer 3M 927 \u00e8 ideale per l&rsquo;incollaggio di materiali con rivestimenti lucidi in cui si desidera un adesivo aggressivo con elevata adesione iniziale e poco spessore. Offre un&rsquo;ottima resistenza ai prodotti chimici, all&rsquo;umidit\u00e0 e ai raggi UV medio-alti.<\/div>\n<div class=\"extended\">Progettato per l&rsquo;incollaggio di materiali con rivestimenti lucidi in cui si desidera un adesivo aggressivo con elevata adesione iniziale e poco spessore.<\/div>\n<\/div>\n","protected":false},"excerpt":{"rendered":"<p>Il nastro adesivo transfer 3M 927 \u00e8 ideale per l&rsquo;incollaggio di materiali con rivestimenti lucidi in cui si desidera un adesivo aggressivo con elevata adesione iniziale e poco spessore. Offre un&rsquo;ottima resistenza ai prodotti chimici, all&rsquo;umidit\u00e0 e ai raggi UV medio-alti.<\/p>\n","protected":false},"featured_media":8650,"template":"","meta":{"_acf_changed":false},"product_brand":[3337],"product_cat":[29,786],"product_tag":[1180,1101,1181,1197,1196,1182],"class_list":{"0":"post-11265","1":"product","2":"type-product","3":"status-publish","4":"has-post-thumbnail","6":"product_brand-3m","7":"product_cat-adesivi-e-nastri-industriali","8":"product_cat-nastri-biadesivi-sottili","9":"product_tag-biadesivo-acrilico","10":"product_tag-nastro-biadesivo","11":"product_tag-nastro-biadesivo-resistente","12":"product_tag-non-supportato","13":"product_tag-transfer","14":"product_tag-viscoelastico","16":"first","17":"instock","18":"product-type-simple"},"acf":{"short_description":"Il nastro adesivo transfer 3M 927 \u00e8 progettato per garantire adesione e resistenza superiori, ideale per applicazioni industriali. Scegli la qualit\u00e0 3M per i tuoi progetti!","long_description":"<p>Il nastro adesivo transfer 3M 927 rappresenta una soluzione innovativa e altamente performante per le tue esigenze industriali. Questo nastro biadesivo sottile \u00e8 stato concepito per garantire una adesione rapida e duratura su una vasta gamma di superfici, rendendolo un prodotto indispensabile per professionisti e aziende che cercano affidabilit\u00e0 e qualit\u00e0. La struttura del nastro \u00e8 realizzata con tecnologia avanzata, consentendo una perfetta applicazione anche in condizioni difficili. Grazie alla sua composizione, il nastro 3M 927 offre un'ottima resistenza alla temperatura e all'umidit\u00e0, assicurando prestazioni elevate anche in ambienti sfidanti. La sua applicazione \u00e8 semplice e veloce, riducendo i tempi di lavoro e aumentando l'efficienza operativa. Inoltre, il nastro \u00e8 compatibile con materiali come plastica, metallo e legno, rendendolo versatile per molteplici utilizzi. Scegliere il nastro adesivo transfer 3M 927 significa optare per un prodotto che migliora la produttivit\u00e0 e la qualit\u00e0 finale dei tuoi progetti. Non lasciare nulla al caso, affidati a un marchio riconosciuto come 3M per garantire risultati impeccabili. Con una larghezza di 12 mm e una lunghezza di 50 metri, il nastro \u00e8 adatto a qualsiasi applicazione, dai lavori di precisione a quelli pi\u00f9 impegnativi. In sintesi, il nastro adesivo transfer 3M 927 non \u00e8 solo un nastro, ma una soluzione completa per chi cerca performance e affidabilit\u00e0 nel settore degli adesivi e nastri industriali.<\/p>","feature_1":"Adesione rapida su diverse superfici","feature_2":"Resistenza all'umidit\u00e0 e alle temperature estreme","feature_3":"Compatibile con plastica, metallo e legno","feature_4":"Struttura sottile per applicazioni precise","feature_5":"Facile da applicare e rimuovere senza residui","feature_6":"Larghezza di 12 mm per versatilit\u00e0","feature_7":"Lunghezza di 50 metri per prolungate applicazioni","feature_8":"Stabilit\u00e0 dimensionale anche in condizioni critiche","feature_9":"Ideale per assemblaggi e riparazioni industriali","feature_10":"Marchio 3M per qualit\u00e0 e innovazione garantita"},"_links":{"self":[{"href":"https:\/\/finatsrl.it\/fr\/wp-json\/wp\/v2\/product\/11265","targetHints":{"allow":["GET"]}}],"collection":[{"href":"https:\/\/finatsrl.it\/fr\/wp-json\/wp\/v2\/product"}],"about":[{"href":"https:\/\/finatsrl.it\/fr\/wp-json\/wp\/v2\/types\/product"}],"wp:featuredmedia":[{"embeddable":true,"href":"https:\/\/finatsrl.it\/fr\/wp-json\/wp\/v2\/media\/8650"}],"wp:attachment":[{"href":"https:\/\/finatsrl.it\/fr\/wp-json\/wp\/v2\/media?parent=11265"}],"wp:term":[{"taxonomy":"product_brand","embeddable":true,"href":"https:\/\/finatsrl.it\/fr\/wp-json\/wp\/v2\/product_brand?post=11265"},{"taxonomy":"product_cat","embeddable":true,"href":"https:\/\/finatsrl.it\/fr\/wp-json\/wp\/v2\/product_cat?post=11265"},{"taxonomy":"product_tag","embeddable":true,"href":"https:\/\/finatsrl.it\/fr\/wp-json\/wp\/v2\/product_tag?post=11265"}],"curies":[{"name":"wp","href":"https:\/\/api.w.org\/{rel}","templated":true}]}}