{"id":11232,"date":"2025-01-27T15:47:44","date_gmt":"2025-01-27T14:47:44","guid":{"rendered":"https:\/\/finatnew.newhosting.intellijam.com\/prodotto\/materiale-per-etichette-per-incisione-laser-3m-7848\/"},"modified":"2025-11-26T12:06:46","modified_gmt":"2025-11-26T11:06:46","slug":"materiale-per-etichette-per-incisione-laser-3m-7848","status":"publish","type":"product","link":"https:\/\/finatsrl.it\/fr\/product\/materiale-per-etichette-per-incisione-laser-3m-7848\/","title":{"rendered":"Materiale per etichette per incisione laser 3M 7848"},"content":{"rendered":"<div class=\"product-bullet-block\">\n<div class=\"bullet n1\">La parte frontale in acrilato modificato per fusione offre una durata elevata e un&rsquo;eccellente resistenza all&rsquo;abrasione, alla temperatura, agli agenti chimici e all&rsquo;ambiente<\/div>\n<div class=\"bullet n2\">Immagini ad alta risoluzione e ad alto contrasto marcabili con laser Nd-Yag standard per codici a barre pi\u00f9 piccoli, simbologie 2D e testo a punti fini<\/div>\n<div class=\"bullet n3\">Eccellente convertibilit\u00e0 (\u00ab\u00a0kiss cutting\u00a0\u00bb) del frontale in acrilato su liner in kraft densificato<\/div>\n<div class=\"bullet n4\">La superficie opaca offre una buona stampabilit\u00e0 per una eccellente leggibilit\u00e0 del codice a barre<\/div>\n<div class=\"bullet n5\">L&rsquo;adesivo acrilico 350 ad alte prestazioni 3M fornisce una tenuta affidabile e permanente a plastiche LSE, metalli oleosi, rivestimenti in polvere e superfici testurizzate<\/div>\n<div class=\"bullet n6\"><\/div>\n<div class=\"bullet n7\"><\/div>\n<\/div>\n<div class=\"product-description-block\">\n<div class=\"short\">Il materiale per etichette per marcatura laser 3M 7847 \u00e8 un materiale speciale per etichette in pellicola in cui un laser pu\u00f2 eseguire l&rsquo;ablazione dello strato superiore di una parte frontale a doppio strato per creare un&rsquo;immagine.<\/div>\n<div class=\"extended\">Il laser permette inoltre di fustellare l&rsquo;etichetta, su misura, offrendo in tal modo la massima flessibilit\u00e0 per quanto riguarda la produzione di etichette di diversi formati, per applicazioni durevoli.<\/div>\n<\/div>\n","protected":false},"excerpt":{"rendered":"<p>Il materiale per etichette per marcatura laser 3M 7847 \u00e8 un materiale speciale per etichette in pellicola in cui un laser pu\u00f2 eseguire l&rsquo;ablazione dello strato superiore di una parte frontale a doppio strato per creare un&rsquo;immagine.<\/p>\n","protected":false},"featured_media":8631,"template":"","meta":{"_acf_changed":false},"product_brand":[3337],"product_cat":[29,1087],"product_tag":[1236,1234,1233,1230,1235,1228,1232,1237,1231,1240],"class_list":{"0":"post-11232","1":"product","2":"type-product","3":"status-publish","4":"has-post-thumbnail","6":"product_brand-3m","7":"product_cat-adesivi-e-nastri-industriali","8":"product_cat-etichette-durevoli","9":"product_tag-etichetta-di-sicurezza","10":"product_tag-etichetta-lasergravabile","11":"product_tag-etichetta-per-termotrasferimento","12":"product_tag-etichetta-resistente-allacetone","13":"product_tag-etichetta-rimovibile","14":"product_tag-etichette","15":"product_tag-etichette-adesive","16":"product_tag-etichette-distruttibili","17":"product_tag-etichette-durevoli","18":"product_tag-marcatura-laser","19":"pa_colore-nero","21":"first","22":"instock","23":"product-type-simple"},"acf":{"short_description":"Il materiale per etichette per incisione laser 3M 7848 offre un'adesione superiore e una durata eccezionale, ideale per applicazioni industriali. Scegli la qualit\u00e0 3M per etichette durevoli e resistenti.","long_description":"<p>Il materiale per etichette per incisione laser 3M 7848 \u00e8 la soluzione ideale per chi cerca un prodotto di altissima qualit\u00e0 per creare etichette durevoli e resistenti. Progettato specificamente per l'incisione laser, questo materiale garantisce risultati ottimali in termini di precisione e chiarezza delle incisioni.<\/p>\n<p>Realizzato con una base adesiva di alta qualit\u00e0, il 3M 7848 assicura un'adesione potente su diverse superfici, rendendolo perfetto per applicazioni industriali anche in ambienti difficili. Grazie alla sua eccellente resistenza agli agenti atmosferici, questo materiale \u00e8 in grado di mantenere le sue propriet\u00e0 anche in condizioni estreme, garantendo cos\u00ec una longevit\u00e0 senza pari.<\/p>\n<p>Inoltre, la facilit\u00e0 di utilizzo del 3M 7848 lo rende ideale per produzioni su larga scala, permettendo di ottenere etichette uniformi e professionali in tempi rapidi. La compatibilit\u00e0 con i pi\u00f9 comuni sistemi di incisione laser lo rende un prodotto versatile, adatto a vari settori, dalle etichette identificative ai segnali di sicurezza.<\/p>\n<p>Scegliere il materiale per etichette per incisione laser 3M 7848 significa optare per un prodotto che non solo soddisfa le esigenze tecniche, ma che offre anche un'eccellente resa estetica. Con questo materiale, potrai realizzare etichette che non solo durano nel tempo, ma che si presentano anche in modo impeccabile, aumentando il valore percepito dei tuoi prodotti.<\/p>","feature_1":"Resistente agli agenti atmosferici per un'ottima durata","feature_2":"Adesione forte su diverse superfici per applicazioni versatili","feature_3":"Compatibile con incisioni laser per risultati precisi e nitidi","feature_4":"Facile da applicare e rimuovere senza residui","feature_5":"Alta resistenza ai graffi e all'abrasione per una lunga vita utile","feature_6":"Disponibile in diverse dimensioni per soddisfare ogni esigenza","feature_7":"Colore bianco brillante per una visibilit\u00e0 ottimale","feature_8":"Ottima stabilit\u00e0 dimensionale per incisioni di alta qualit\u00e0","feature_9":"Resistente a temperature estreme per un uso in ambienti difficili","feature_10":"Certificato per applicazioni industriali con standard elevati"},"_links":{"self":[{"href":"https:\/\/finatsrl.it\/fr\/wp-json\/wp\/v2\/product\/11232","targetHints":{"allow":["GET"]}}],"collection":[{"href":"https:\/\/finatsrl.it\/fr\/wp-json\/wp\/v2\/product"}],"about":[{"href":"https:\/\/finatsrl.it\/fr\/wp-json\/wp\/v2\/types\/product"}],"wp:featuredmedia":[{"embeddable":true,"href":"https:\/\/finatsrl.it\/fr\/wp-json\/wp\/v2\/media\/8631"}],"wp:attachment":[{"href":"https:\/\/finatsrl.it\/fr\/wp-json\/wp\/v2\/media?parent=11232"}],"wp:term":[{"taxonomy":"product_brand","embeddable":true,"href":"https:\/\/finatsrl.it\/fr\/wp-json\/wp\/v2\/product_brand?post=11232"},{"taxonomy":"product_cat","embeddable":true,"href":"https:\/\/finatsrl.it\/fr\/wp-json\/wp\/v2\/product_cat?post=11232"},{"taxonomy":"product_tag","embeddable":true,"href":"https:\/\/finatsrl.it\/fr\/wp-json\/wp\/v2\/product_tag?post=11232"}],"curies":[{"name":"wp","href":"https:\/\/api.w.org\/{rel}","templated":true}]}}