{"id":11226,"date":"2025-01-27T15:47:44","date_gmt":"2025-01-27T14:47:44","guid":{"rendered":"https:\/\/finatnew.newhosting.intellijam.com\/prodotto\/sigillante-adesivo-per-il-settore-marine-3m-4200fc\/"},"modified":"2025-11-26T12:11:16","modified_gmt":"2025-11-26T11:11:16","slug":"sigillante-adesivo-per-il-settore-marine-3m-4200fc","status":"publish","type":"product","link":"https:\/\/finatsrl.it\/fr\/product\/sigillante-adesivo-per-il-settore-marine-3m-4200fc\/","title":{"rendered":"Sigillante adesivo per il settore Marine 3M 4200FC"},"content":{"rendered":"<div class=\"product-bullet-block\">\n<div class=\"bullet n1\">Forma una sigillatura flessibile sulla maggior parte dei materiali<\/div>\n<div class=\"bullet n2\">Certificato e conforme alla direttiva Marine Equipment (MED 96\/98\/EC) (il certificato attuale \u00e8 valido fino al 6 marzo 2017)<\/div>\n<div class=\"bullet n3\">Utilizzabile sopra o sotto la linea di galleggiamento<\/div>\n<div class=\"bullet n4\">Permette una sigillatura stagna<\/div>\n<div class=\"bullet n5\"><\/div>\n<div class=\"bullet n6\"><\/div>\n<div class=\"bullet n7\"><\/div>\n<\/div>\n<div class=\"product-description-block\">\n<div class=\"short\">Il sigillante adesivo a polimerizzazione rapida per il settore nautico 3M 4200FC \u00e8 un poliuretano universale monocomponente che reagisce chimicamente con l&rsquo;umidit\u00e0 per offrire un legame flessibile con una buona adesione alla maggior parte dei materiali<\/div>\n<div class=\"extended\">Il sigillante adesivo a polimerizzazione rapida per il settore marino 3M 4200FC pu\u00f2 essere usato per il fissaggio e la cianfrinatura di materiali diversi usati nel settore nautico: cemento, legno, alluminio, numerosi metalli verniciati, poliestere, vetro e cos\u00ec via. Poliuretano a polimerizzazione rapida formulato per permettere il disassemblaggio delle parti Il 3M 4200FC ha all&rsquo;incirca met\u00e0 della resistenza del 3M 5200 Sigilla e fissa una vasta gamma di substrati Formula anti-colatura per le applicazioni di sigillatura verticale<\/div>\n<\/div>\n","protected":false},"excerpt":{"rendered":"<p>Il sigillante adesivo a polimerizzazione rapida per il settore nautico 3M 4200FC \u00e8 un poliuretano universale monocomponente che reagisce chimicamente con l&rsquo;umidit\u00e0 per offrire un legame flessibile con una buona adesione alla maggior parte dei materiali<\/p>\n","protected":false},"featured_media":8627,"template":"","meta":{"_acf_changed":false},"product_brand":[3337],"product_cat":[29,784],"product_tag":[1434,1179],"class_list":{"0":"post-11226","1":"product","2":"type-product","3":"status-publish","4":"has-post-thumbnail","6":"product_brand-3m","7":"product_cat-adesivi-e-nastri-industriali","8":"product_cat-sigillanti-emfi-e-3m","9":"product_tag-navale","10":"product_tag-sigillante","11":"pa_colore-bianco","12":"pa_colore-nero","14":"first","15":"instock","16":"product-type-variable","17":"has-default-attributes"},"acf":{"short_description":"Il sigillante adesivo 3M 4200FC \u00e8 progettato per garantire una tenuta duratura e resistente agli agenti atmosferici nel settore marine. Ideale per applicazioni su imbarcazioni e strutture marine.","long_description":"<p>Il sigillante adesivo per il settore Marine 3M 4200FC \u00e8 la scelta ideale per professionisti e appassionati del settore nautico che cercano un prodotto altamente performante. Questo sigillante \u00e8 formulato specificamente per resistere a condizioni ambientali estreme, rendendolo perfetto per l'uso su imbarcazioni, scafi e altre applicazioni marine. Grazie alla sua formula di alta qualit\u00e0, il 3M 4200FC offre un perfetto equilibrio tra adesione e flessibilit\u00e0, permettendo di assorbire le vibrazioni e i movimenti senza compromettere l'integrit\u00e0 del giunto.<\/p>\n<p>Le sue caratteristiche includono una resistenza eccezionale all'acqua e ai raggi UV, che garantisce una lunga durata nel tempo. Inoltre, il processo di applicazione \u00e8 semplice e veloce, grazie alla consistenza pastosa che consente un'applicazione precisa senza gocciolamenti. Questo sigillante \u00e8 anche facile da carteggiare e dipingere, permettendo di ottenere un risultato finale esteticamente gradevole e professionale.<\/p>\n<p>Con una resistenza alla temperatura da -40\u00b0C a +90\u00b0C, il 3M 4200FC \u00e8 in grado di affrontare una vasta gamma di condizioni climatiche, rendendolo un prodotto versatile per ogni utilizzo. Non solo \u00e8 perfetto per la costruzione di nuove imbarcazioni, ma \u00e8 anche ideale per riparazioni e manutenzioni, garantendo una tenuta duratura e sicura.<\/p>\n<p>Scegliere il sigillante adesivo 3M 4200FC significa optare per un prodotto di alta qualit\u00e0, progettato per il settore delle soluzioni industriali. Aggiungi al carrello e migliora la tua esperienza nautica con un sigillante affidabile e duraturo!<\/p>","feature_1":"Adesione superiore su superfici umide e asciutte","feature_2":"Resistenza all'acqua per applicazioni marine","feature_3":"Flessibilit\u00e0 che assorbe vibrazioni e movimenti","feature_4":"Resistenza agli agenti atmosferici e ai raggi UV","feature_5":"Facile applicazione grazie alla consistenza pastosa","feature_6":"Ottima carteggiabilit\u00e0 e verniciabilit\u00e0","feature_7":"Resistenza termica da -40\u00b0C a +90\u00b0C","feature_8":"Asciugatura rapida per interventi tempestivi","feature_9":"Compatibile con vari materiali, inclusi metalli e plastica","feature_10":"Certificato per l'uso marino secondo le normative internazionali"},"_links":{"self":[{"href":"https:\/\/finatsrl.it\/fr\/wp-json\/wp\/v2\/product\/11226","targetHints":{"allow":["GET"]}}],"collection":[{"href":"https:\/\/finatsrl.it\/fr\/wp-json\/wp\/v2\/product"}],"about":[{"href":"https:\/\/finatsrl.it\/fr\/wp-json\/wp\/v2\/types\/product"}],"wp:featuredmedia":[{"embeddable":true,"href":"https:\/\/finatsrl.it\/fr\/wp-json\/wp\/v2\/media\/8627"}],"wp:attachment":[{"href":"https:\/\/finatsrl.it\/fr\/wp-json\/wp\/v2\/media?parent=11226"}],"wp:term":[{"taxonomy":"product_brand","embeddable":true,"href":"https:\/\/finatsrl.it\/fr\/wp-json\/wp\/v2\/product_brand?post=11226"},{"taxonomy":"product_cat","embeddable":true,"href":"https:\/\/finatsrl.it\/fr\/wp-json\/wp\/v2\/product_cat?post=11226"},{"taxonomy":"product_tag","embeddable":true,"href":"https:\/\/finatsrl.it\/fr\/wp-json\/wp\/v2\/product_tag?post=11226"}],"curies":[{"name":"wp","href":"https:\/\/api.w.org\/{rel}","templated":true}]}}