{"id":11182,"date":"2025-01-27T15:47:44","date_gmt":"2025-01-27T14:47:44","guid":{"rendered":"https:\/\/finatnew.newhosting.intellijam.com\/prodotto\/nastro-tensilizzato-scotch-3741\/"},"modified":"2026-03-25T11:12:37","modified_gmt":"2026-03-25T10:12:37","slug":"nastro-tensilizzato-scotch-3741","status":"publish","type":"product","link":"https:\/\/finatsrl.it\/fr\/product\/nastro-tensilizzato-scotch-3741\/","title":{"rendered":"Nastro tensilizzato Scotch&reg; 3741"},"content":{"rendered":"<div class=\"product-bullet-block\">\n<div class=\"bullet n1\">Incolla numerose superfici sugli elettrodomestici<\/div>\n<div class=\"bullet n2\">Evita di macchiare i substrati con adesivo in gomma sintetica<\/div>\n<div class=\"bullet n3\">Elimina le interruzioni o gli strappi, anche se intaccati o forati durante la manipolazione<\/div>\n<div class=\"bullet n4\">Resiste alla rottura o allo strappo anche se intaccato o forato durante la manipolazione<\/div>\n<div class=\"bullet n5\"><\/div>\n<div class=\"bullet n6\"><\/div>\n<div class=\"bullet n7\"><\/div>\n<\/div>\n<div class=\"product-description-block\">\n<div class=\"short\">Un nastro per reggette di utilit\u00e0 progettato per fissare, raggruppare e rinforzare le merci per il movimento e la spedizione all&rsquo;interno dell&rsquo;impianto.<\/div>\n<div class=\"extended\">Destinato principalmente al rinforzo di scatole di cartone chiuse da linguette a \u00ab\u00a0L\u00a0\u00bb e a \u00ab\u00a0C\u00a0\u00bb, per tubi di reggiatura, tubi in plastica e aste metalliche.<\/div>\n<\/div>\n","protected":false},"excerpt":{"rendered":"<p>Un nastro per reggette di utilit\u00e0 progettato per fissare, raggruppare e rinforzare le merci per il movimento e la spedizione all&rsquo;interno dell&rsquo;impianto.<\/p>\n","protected":false},"featured_media":18543,"template":"","meta":{"_acf_changed":false},"product_brand":[3414],"product_cat":[29,891],"product_tag":[1248,1303,1304,1302,1305,1301],"class_list":{"0":"post-11182","1":"product","2":"type-product","3":"status-publish","4":"has-post-thumbnail","6":"product_brand-scotch","7":"product_cat-adesivi-e-nastri-industriali","8":"product_cat-nastri-rinforzati","9":"product_tag-nastro","10":"product_tag-nastro-a-filamento","11":"product_tag-nastro-a-filamento-incrociato","12":"product_tag-nastro-a-filamento-universale","13":"product_tag-nastro-rinforzato-con-filamento","14":"product_tag-rinforzato","15":"pa_colore-arancione","16":"pa_colore-avorio","17":"pa_colore-trasparente","19":"first","20":"instock","21":"product-type-simple"},"acf":{"short_description":"Il Nastro tensilizzato Scotch&reg; 3741 \u00e8 progettato per garantire prestazioni elevate in ambienti industriali. La sua resistenza e versatilit\u00e0 lo rendono un alleato indispensabile per ogni professionista.","long_description":"Il Nastro tensilizzato Scotch\u00ae 3741 rappresenta un'innovativa soluzione per le esigenze di adesione nel settore industriale. Realizzato con una base in polipropilene e un adesivo acrilico di alta qualit\u00e0, questo nastro offre una resistenza al distacco e una tenuta eccezionali, rendendolo adatto a molteplici applicazioni. La sua struttura tensilizzata lo rende particolarmente efficace per l'incollaggio di materiali pesanti e per lavori che richiedono una resistenza superiore nel tempo.\r\n\r\nGrazie alla sua capacit\u00e0 di resistere a temperature estreme, il Nastro Scotch\u00ae 3741 \u00e8 perfetto anche per l'uso in ambienti soggetti a sbalzi termici, mantenendo inalterate le proprie propriet\u00e0 adesive. Inoltre, \u00e8 resistente all'umidit\u00e0 e agli agenti chimici, garantendo cos\u00ec un'ottima performance anche in condizioni critiche.\r\n\r\nQuesto nastro \u00e8 disponibile in diverse larghezze, permettendo di scegliere la dimensione pi\u00f9 adatta alle proprie esigenze. La facilit\u00e0 di applicazione, unita alla sua adesione immediata, riduce i tempi di lavoro e aumenta la produttivit\u00e0. Ideale per il settore automobilistico, per l'imballaggio e per applicazioni generali, il Nastro tensilizzato Scotch\u00ae 3741 \u00e8 sinonimo di affidabilit\u00e0 e qualit\u00e0.\r\n\r\nScegliendo questo nastro, non solo ottimizzi i tuoi processi produttivi, ma investi anche in un prodotto che ha dimostrato di superare le aspettative in termini di durabilit\u00e0 e prestazioni. Non accontentarti di meno, scegli il Nastro Scotch\u00ae 3741 per i tuoi progetti industriali.","feature_1":"Base in polipropilene per una maggiore resistenza","feature_2":"Adesivo acrilico che garantisce un'aderenza duratura","feature_3":"Capacit\u00e0 di resistere a temperature da -10\u00b0C a +80\u00b0C","feature_4":"Elevata resistenza all'umidit\u00e0 e agli agenti chimici","feature_5":"Applicazione semplice e rapida grazie all'adesione immediata","feature_6":"Disponibile in diverse larghezze per soddisfare ogni esigenza","feature_7":"Struttura rinforzata per supportare carichi pesanti","feature_8":"Basso rilascio di residui adesivi al momento della rimozione","feature_9":"Ideale per impieghi in ambienti industriali e commerciali","feature_10":"Certificato per l'uso in applicazioni automotive e di imballaggio"},"_links":{"self":[{"href":"https:\/\/finatsrl.it\/fr\/wp-json\/wp\/v2\/product\/11182","targetHints":{"allow":["GET"]}}],"collection":[{"href":"https:\/\/finatsrl.it\/fr\/wp-json\/wp\/v2\/product"}],"about":[{"href":"https:\/\/finatsrl.it\/fr\/wp-json\/wp\/v2\/types\/product"}],"wp:featuredmedia":[{"embeddable":true,"href":"https:\/\/finatsrl.it\/fr\/wp-json\/wp\/v2\/media\/18543"}],"wp:attachment":[{"href":"https:\/\/finatsrl.it\/fr\/wp-json\/wp\/v2\/media?parent=11182"}],"wp:term":[{"taxonomy":"product_brand","embeddable":true,"href":"https:\/\/finatsrl.it\/fr\/wp-json\/wp\/v2\/product_brand?post=11182"},{"taxonomy":"product_cat","embeddable":true,"href":"https:\/\/finatsrl.it\/fr\/wp-json\/wp\/v2\/product_cat?post=11182"},{"taxonomy":"product_tag","embeddable":true,"href":"https:\/\/finatsrl.it\/fr\/wp-json\/wp\/v2\/product_tag?post=11182"}],"curies":[{"name":"wp","href":"https:\/\/api.w.org\/{rel}","templated":true}]}}