{"id":11135,"date":"2025-02-01T10:31:56","date_gmt":"2025-02-01T09:31:56","guid":{"rendered":"https:\/\/finatnew.newhosting.intellijam.com\/prodotto\/nastro-biadesivo-in-schiuma-3m-9508bf\/"},"modified":"2025-11-26T12:06:25","modified_gmt":"2025-11-26T11:06:25","slug":"nastro-biadesivo-in-schiuma-3m-9508bf","status":"publish","type":"product","link":"https:\/\/finatsrl.it\/fr\/product\/nastro-biadesivo-in-schiuma-3m-9508bf\/","title":{"rendered":"Nastro biadesivo in schiuma 3M 9508BF"},"content":{"rendered":"<div class=\"product-bullet-block\">\n<div class=\"bullet n1\">Nastro in schiuma polietilenica a celle chiuse, di colore nero, spessore 0,8mm, con adesivo acrilico<\/div>\n<div class=\"bullet n2\">Incolla e unisce un elevato numero di materiali<\/div>\n<div class=\"bullet n3\">Tra le applicazioni previste sono incluse il montaggio di display, stemmi leggeri, targhe e cos\u00ec via.<\/div>\n<div class=\"bullet n4\"><\/div>\n<div class=\"bullet n5\"><\/div>\n<div class=\"bullet n6\"><\/div>\n<div class=\"bullet n7\"><\/div>\n<\/div>\n<div class=\"product-description-block\">\n<div class=\"short\">Il nastro biadesivo in schiuma di polietilene 3M 9508B \u00e8 il nostro nastro nero, dello spessore di 0,8 mm, in schiuma di polietilene biadesiva a cellule chiuse dotato di un adesivo acrilico.<\/div>\n<div class=\"extended\">Il nastro biadesivo in schiuma di polietilene 3M 9508B \u00e8 il nostro nastro nero, dello spessore di 0,8 mm, in schiuma di polietilene biadesiva a cellule chiuse della densit\u00e0 di 90 kg\/m\u00b3 dotato di un adesivo acrilico. L&rsquo;adesivo acrilico fornisce una buona adesione iniziale su una vasta gamma di superfici lisce, tra cui metallo, superfici verniciate, vetro, ceramiche e numerose plastiche.<\/div>\n<\/div>\n","protected":false},"excerpt":{"rendered":"<p>Il nastro biadesivo in schiuma di polietilene 3M 9508B \u00e8 il nostro nastro nero, dello spessore di 0,8 mm, in schiuma di polietilene biadesiva a cellule chiuse dotato di un adesivo acrilico.<\/p>\n","protected":false},"featured_media":12693,"template":"","meta":{"_acf_changed":false},"product_brand":[3337],"product_cat":[1053,1066],"product_tag":[3825],"class_list":{"0":"post-11135","1":"product","2":"type-product","3":"status-publish","4":"has-post-thumbnail","6":"product_brand-3m","7":"product_cat-industrial-adhesives-tapes-fr","8":"product_cat-foam-tapes-fr","9":"product_tag-nastro-biadesivo-in-schiumanastro-schiuma-acrilica","10":"pa_colore-nero","12":"first","13":"instock","14":"product-type-simple"},"acf":{"short_description":"Il nastro biadesivo in schiuma 3M 9508BF \u00e8 la soluzione ideale per le tue esigenze di incollaggio. Progettato per offrire prestazioni superiori in applicazioni industriali, garantisce una tenuta eccezionale e duratura.","long_description":"<p>Il nastro biadesivo in schiuma 3M 9508BF \u00e8 una soluzione innovativa per tutte le tue necessit\u00e0 di incollaggio industriale. Grazie alla sua struttura in schiuma, questo nastro offre un'eccellente adattabilit\u00e0 alle superfici irregolari, assicurando un'adesione forte e duratura. Con uno spessore di 0,8 mm, il nastro \u00e8 ideale per applicazioni che richiedono una buona compressione e un'elevata resistenza alle sollecitazioni meccaniche. La sua composizione chimica \u00e8 studiata per resistere a temperature che variano da -40\u00b0C a +100\u00b0C, rendendolo perfetto per ambienti estremi.<\/p>\n<p>Inoltre, il nastro biadesivo 3M 9508BF \u00e8 dotato di un adesivo acrilico che offre una resistenza all'umidit\u00e0 e ai solventi, garantendo una prestazione costante anche in condizioni avverse. Questa caratteristica lo rende adatto per applicazioni in settori come l'automotive, l'elettronica e l'edilizia. La facilit\u00e0 di applicazione \u00e8 un ulteriore vantaggio: il nastro \u00e8 progettato per un'ottima lavorabilit\u00e0, consentendo una rapida installazione senza compromettere la qualit\u00e0 del risultato finale.<\/p>\n<p>Grazie alla sua versatilit\u00e0, il nastro biadesivo in schiuma 3M 9508BF pu\u00f2 essere utilizzato per assemblaggi, fissaggi e riparazioni, offrendo risultati professionali. Scegliere il nastro 3M significa investire in un prodotto di alta qualit\u00e0, progettato per durare nel tempo e per soddisfare le pi\u00f9 elevate aspettative nel campo degli adesivi e nastri industriali.<\/p>","feature_1":"Struttura in schiuma per un'eccellente adattabilit\u00e0 alle superfici irregolari","feature_2":"Spessore di 0,8 mm per una buona compressione e resistenza meccanica","feature_3":"Resistenza termica da -40\u00b0C a +100\u00b0C per ambienti estremi","feature_4":"Adesivo acrilico resistente all'umidit\u00e0 e ai solventi","feature_5":"Facile da applicare per una rapida installazione","feature_6":"Ideale per applicazioni in settori automotive, elettronica e edilizia","feature_7":"Ottima lavorabilit\u00e0 per un risultato professionale","feature_8":"Elevata resistenza alle sollecitazioni meccaniche","feature_9":"Perfetto per assemblaggi, fissaggi e riparazioni","feature_10":"Progettato per durare nel tempo e soddisfare elevate aspettative"},"_links":{"self":[{"href":"https:\/\/finatsrl.it\/fr\/wp-json\/wp\/v2\/product\/11135","targetHints":{"allow":["GET"]}}],"collection":[{"href":"https:\/\/finatsrl.it\/fr\/wp-json\/wp\/v2\/product"}],"about":[{"href":"https:\/\/finatsrl.it\/fr\/wp-json\/wp\/v2\/types\/product"}],"wp:featuredmedia":[{"embeddable":true,"href":"https:\/\/finatsrl.it\/fr\/wp-json\/wp\/v2\/media\/12693"}],"wp:attachment":[{"href":"https:\/\/finatsrl.it\/fr\/wp-json\/wp\/v2\/media?parent=11135"}],"wp:term":[{"taxonomy":"product_brand","embeddable":true,"href":"https:\/\/finatsrl.it\/fr\/wp-json\/wp\/v2\/product_brand?post=11135"},{"taxonomy":"product_cat","embeddable":true,"href":"https:\/\/finatsrl.it\/fr\/wp-json\/wp\/v2\/product_cat?post=11135"},{"taxonomy":"product_tag","embeddable":true,"href":"https:\/\/finatsrl.it\/fr\/wp-json\/wp\/v2\/product_tag?post=11135"}],"curies":[{"name":"wp","href":"https:\/\/api.w.org\/{rel}","templated":true}]}}