{"id":11130,"date":"2025-01-27T15:47:22","date_gmt":"2025-01-27T14:47:22","guid":{"rendered":"https:\/\/finatnew.newhosting.intellijam.com\/prodotto\/nastro-biadesivo-in-schiuma-3m-9515w\/"},"modified":"2025-11-26T12:06:24","modified_gmt":"2025-11-26T11:06:24","slug":"nastro-biadesivo-in-schiuma-3m-9515w","status":"publish","type":"product","link":"https:\/\/finatsrl.it\/fr\/product\/nastro-biadesivo-in-schiuma-3m-9515w\/","title":{"rendered":"Nastro biadesivo in schiuma 3M 9515W"},"content":{"rendered":"<div class=\"product-bullet-block\">\n<div class=\"bullet n1\">Bianco, spessore 1,5 mm, schiuma in polietilene a celle chiuse con adesivo acrilico<\/div>\n<div class=\"bullet n2\">Il prodotto \u00e8 adatto a fissaggi e giunzioni di uso generico.<\/div>\n<div class=\"bullet n3\">Tra le applicazioni previste sono incluse il montaggio di display, stemmi leggeri, targhe e cos\u00ec via.<\/div>\n<div class=\"bullet n4\"><\/div>\n<div class=\"bullet n5\"><\/div>\n<div class=\"bullet n6\"><\/div>\n<div class=\"bullet n7\"><\/div>\n<\/div>\n<div class=\"product-description-block\">\n<div class=\"short\">Il nastro di schiuma biadesivo 9515W di 3M \u00e8 un prodotto biadesivo in schiuma di polietilene a cellule chiuse (bianco) con un adesivo acrilico spessore 1,5 mm<\/div>\n<div class=\"extended\">Il nastro biadesivo in schiuma di polietilene 3M 9515W \u00e8 il nostro nastro bianco, dello spessore di 1,5 mm, in schiuma di polietilene biadesiva a cellule chiuse della densit\u00e0 di 75 kg\/m\u00b3 dotato di un adesivo acrilico. L&rsquo;adesivo acrilico fornisce una buona adesione iniziale su un&rsquo;ampia gamma di superfici. Questo prodotto \u00e8 progettato per le applicazioni generiche di montaggio e giunzione. Questo nastro in schiuma \u00e8 ideale per l&rsquo;assemblaggio di insegne (POS), stemmi leggeri, targhe e per molte altre applicazioni.<\/div>\n<\/div>\n","protected":false},"excerpt":{"rendered":"<p>Il nastro di schiuma biadesivo 9515W di 3M \u00e8 un prodotto biadesivo in schiuma di polietilene a cellule chiuse (bianco) con un adesivo acrilico spessore 1,5 mm<\/p>\n","protected":false},"featured_media":8570,"template":"","meta":{"_acf_changed":false},"product_brand":[3337],"product_cat":[29,269],"product_tag":[1290,1291],"class_list":{"0":"post-11130","1":"product","2":"type-product","3":"status-publish","4":"has-post-thumbnail","6":"product_brand-3m","7":"product_cat-adesivi-e-nastri-industriali","8":"product_cat-nastri-in-schiuma","9":"product_tag-nastro-biadesivo-in-schiuma","10":"product_tag-nastro-schiuma-acrilica","11":"pa_colore-bianco","13":"first","14":"instock","15":"product-type-simple"},"acf":{"short_description":"Il nastro biadesivo in schiuma 3M 9515W offre una tenuta superiore per applicazioni industriali. Scegli una soluzione duratura e versatile!","long_description":"<p>Il nastro biadesivo in schiuma 3M 9515W \u00e8 progettato per garantire adesioni di alta qualit\u00e0 in una variet\u00e0 di applicazioni industriali. Questo prodotto, realizzato con una schiuma di poliuretano di alta densit\u00e0, offre una resistenza eccezionale e una capacit\u00e0 di assorbimento delle vibrazioni, rendendolo ideale per il fissaggio di materiali diversi, come metallo, plastica e vetro. Con uno spessore di 1,1 mm, il nastro \u00e8 sufficientemente robusto per affrontare le sfide quotidiane dell'industria senza compromettere la sua flessibilit\u00e0.<\/p>\n<p>Grazie alla sua adesione permanente su entrambi i lati, il nastro biadesivo in schiuma 3M 9515W offre risultati duraturi, riducendo la necessit\u00e0 di ulteriori interventi di manutenzione. La sua resistenza agli agenti atmosferici e alle sostanze chimiche lo rende adatto per applicazioni sia interne che esterne. Inoltre, il nastro \u00e8 facile da applicare, grazie alla pellicola protettiva che pu\u00f2 essere rimossa senza sforzi, consentendo un'installazione rapida e precisa.<\/p>\n<p>Che si tratti di assemblaggio, incollaggio, o di fissaggio di elementi decorativi, il nastro biadesivo in schiuma 3M 9515W rappresenta una scelta sicura e affidabile. La sua versatilit\u00e0 e performance lo rendono un prodotto indispensabile per professionisti e artigiani. Non accontentarti di meno, scegli la qualit\u00e0 3M per le tue esigenze industriali!<\/p>","feature_1":"Adesione permanente su entrambi i lati per un fissaggio duraturo","feature_2":"Spessore di 1,1 mm per una maggiore robustezza e flessibilit\u00e0","feature_3":"Resistente agli agenti atmosferici e sostanze chimiche","feature_4":"Assorbimento delle vibrazioni per una stabilit\u00e0 superiore","feature_5":"Applicazione semplice grazie alla pellicola protettiva rimovibile","feature_6":"Alta resistenza alla temperatura fino a 93\u00b0C","feature_7":"Compatibile con diversi materiali: metallo, plastica, vetro","feature_8":"Eccellente tenuta in condizioni di umidit\u00e0","feature_9":"Non lascia residui dopo la rimozione","feature_10":"Ideale per applicazioni industriali e artigianali"},"_links":{"self":[{"href":"https:\/\/finatsrl.it\/fr\/wp-json\/wp\/v2\/product\/11130","targetHints":{"allow":["GET"]}}],"collection":[{"href":"https:\/\/finatsrl.it\/fr\/wp-json\/wp\/v2\/product"}],"about":[{"href":"https:\/\/finatsrl.it\/fr\/wp-json\/wp\/v2\/types\/product"}],"wp:featuredmedia":[{"embeddable":true,"href":"https:\/\/finatsrl.it\/fr\/wp-json\/wp\/v2\/media\/8570"}],"wp:attachment":[{"href":"https:\/\/finatsrl.it\/fr\/wp-json\/wp\/v2\/media?parent=11130"}],"wp:term":[{"taxonomy":"product_brand","embeddable":true,"href":"https:\/\/finatsrl.it\/fr\/wp-json\/wp\/v2\/product_brand?post=11130"},{"taxonomy":"product_cat","embeddable":true,"href":"https:\/\/finatsrl.it\/fr\/wp-json\/wp\/v2\/product_cat?post=11130"},{"taxonomy":"product_tag","embeddable":true,"href":"https:\/\/finatsrl.it\/fr\/wp-json\/wp\/v2\/product_tag?post=11130"}],"curies":[{"name":"wp","href":"https:\/\/api.w.org\/{rel}","templated":true}]}}