{"id":11125,"date":"2025-01-27T15:46:54","date_gmt":"2025-01-27T14:46:54","guid":{"rendered":"https:\/\/finatnew.newhosting.intellijam.com\/prodotto\/nastro-biadesivo-in-schiuma-3m-9508w\/"},"modified":"2025-11-26T12:06:23","modified_gmt":"2025-11-26T11:06:23","slug":"nastro-biadesivo-in-schiuma-3m-9508w","status":"publish","type":"product","link":"https:\/\/finatsrl.it\/fr\/product\/nastro-biadesivo-in-schiuma-3m-9508w\/","title":{"rendered":"Nastro biadesivo in schiuma 3M 9508W"},"content":{"rendered":"<div class=\"product-bullet-block\">\n<div class=\"bullet n1\">Nastro in schiuma polietilenica a celle chiuse, di colore bianco, spessore 0,8mm, con adesivo acrilico<\/div>\n<div class=\"bullet n2\">Incolla e unisce un elevato numero di materiali<\/div>\n<div class=\"bullet n3\">Tra le applicazioni previste sono incluse il montaggio di display, stemmi leggeri, targhe e cos\u00ec via.<\/div>\n<div class=\"bullet n4\"><\/div>\n<div class=\"bullet n5\"><\/div>\n<div class=\"bullet n6\"><\/div>\n<div class=\"bullet n7\"><\/div>\n<\/div>\n<div class=\"product-description-block\">\n<div class=\"short\">Il nastro di schiuma biadesivo 9508W di 3M \u00e8 un prodotto biadesivo in schiuma di polietilene a cellule chiuse (bianco) con un adesivo acrilico.<\/div>\n<div class=\"extended\">Il nastro biadesivo in schiuma di polietilene 3M 9508W \u00e8 il nostro nastro bianco, dello spessore di 0,8 mm, in schiuma di polietilene biadesiva a cellule chiuse della densit\u00e0 di 83 kg\/m\u00b3 dotato di un adesivo acrilico. L&rsquo;adesivo acrilico fornisce una buona adesione iniziale su una vasta gamma di superfici lisce, tra cui metallo, superfici verniciate, vetro, ceramiche e numerose plastiche.<\/div>\n<\/div>\n","protected":false},"excerpt":{"rendered":"<p>Il nastro di schiuma biadesivo 9508W di 3M \u00e8 un prodotto biadesivo in schiuma di polietilene a cellule chiuse (bianco) con un adesivo acrilico.<\/p>\n","protected":false},"featured_media":8567,"template":"","meta":{"_acf_changed":false},"product_brand":[3337],"product_cat":[1053,1066],"product_tag":[1290,1291],"class_list":{"0":"post-11125","1":"product","2":"type-product","3":"status-publish","4":"has-post-thumbnail","6":"product_brand-3m","7":"product_cat-industrial-adhesives-tapes-fr","8":"product_cat-foam-tapes-fr","9":"product_tag-nastro-biadesivo-in-schiuma","10":"product_tag-nastro-schiuma-acrilica","11":"pa_colore-bianco","13":"first","14":"instock","15":"product-type-simple"},"acf":{"short_description":"Il nastro biadesivo in schiuma 3M 9508W \u00e8 la soluzione perfetta per le tue esigenze di adesione. Resistente e versatile, garantisce risultati eccellenti in tutte le applicazioni industriali.","long_description":"<p>Il nastro biadesivo in schiuma 3M 9508W rappresenta una delle soluzioni pi\u00f9 avanzate nel settore degli adesivi e nastri industriali. Questo prodotto \u00e8 progettato specificamente per offrire un'adesione superiore e una resistenza eccezionale, rendendolo ideale per una vasta gamma di applicazioni. La schiuma di alta qualit\u00e0 permette una distribuzione uniforme della forza adesiva, garantendo un fissaggio sicuro e duraturo su diverse superfici, tra cui metallo, plastica e vetro.<\/p>\n<p>Le dimensioni del nastro 3M 9508W sono di 1,5 mm di spessore e 19 mm di larghezza, con una lunghezza di 33 metri, assicurando cos\u00ec un'ampia area di adesione per qualsiasi progetto. La temperatura operativa consigliata va da -40 \u00b0C a 90 \u00b0C, rendendolo estremamente versatile anche in condizioni ambientali difficili. Inoltre, il nastro \u00e8 resistente all'umidit\u00e0 e ai solventi, il che lo rende perfetto per applicazioni in ambienti umidi o industriali.<\/p>\n<p>La sua facilit\u00e0 d'uso \u00e8 un ulteriore vantaggio: basta semplicemente tagliare la lunghezza desiderata e applicarlo sulla superficie scelta. La schiuma biadesiva consente anche una certa flessibilit\u00e0, adattandosi alle irregolarit\u00e0 delle superfici e garantendo un'adesione ottimale senza compromettere la qualit\u00e0 del lavoro.<\/p>\n<p>Inoltre, il nastro biadesivo in schiuma 3M 9508W \u00e8 perfetto per il montaggio di pannelli, il fissaggio di componenti elettronici e per molte altre applicazioni industriali. Scegliere questo nastro significa scegliere un prodotto di alta qualit\u00e0, progettato per durare nel tempo e per offrire risultati professionali. Non lasciare spazio a compromessi, scegli il nastro biadesivo in schiuma 3M 9508W per le tue esigenze di adesione!<\/p>","feature_1":"Spessore di 1,5 mm per una maggiore resistenza","feature_2":"Larghezza di 19 mm per un'ampia area di adesione","feature_3":"Lunghezza di 33 metri per uso prolungato","feature_4":"Resistente a temperature da -40 \u00b0C a 90 \u00b0C","feature_5":"Eccellente adesione su metallo, plastica e vetro","feature_6":"Resistente all'umidit\u00e0 e ai solventi per applicazioni industriali","feature_7":"Facile da usare, basta tagliare e applicare","feature_8":"Flessibilit\u00e0 per adattarsi a superfici irregolari","feature_9":"Ideale per il montaggio di pannelli e componenti elettronici","feature_10":"Qualit\u00e0 3M garantita per risultati professionali"},"_links":{"self":[{"href":"https:\/\/finatsrl.it\/fr\/wp-json\/wp\/v2\/product\/11125","targetHints":{"allow":["GET"]}}],"collection":[{"href":"https:\/\/finatsrl.it\/fr\/wp-json\/wp\/v2\/product"}],"about":[{"href":"https:\/\/finatsrl.it\/fr\/wp-json\/wp\/v2\/types\/product"}],"wp:featuredmedia":[{"embeddable":true,"href":"https:\/\/finatsrl.it\/fr\/wp-json\/wp\/v2\/media\/8567"}],"wp:attachment":[{"href":"https:\/\/finatsrl.it\/fr\/wp-json\/wp\/v2\/media?parent=11125"}],"wp:term":[{"taxonomy":"product_brand","embeddable":true,"href":"https:\/\/finatsrl.it\/fr\/wp-json\/wp\/v2\/product_brand?post=11125"},{"taxonomy":"product_cat","embeddable":true,"href":"https:\/\/finatsrl.it\/fr\/wp-json\/wp\/v2\/product_cat?post=11125"},{"taxonomy":"product_tag","embeddable":true,"href":"https:\/\/finatsrl.it\/fr\/wp-json\/wp\/v2\/product_tag?post=11125"}],"curies":[{"name":"wp","href":"https:\/\/api.w.org\/{rel}","templated":true}]}}