{"id":11120,"date":"2025-01-27T15:46:54","date_gmt":"2025-01-27T14:46:54","guid":{"rendered":"https:\/\/finatnew.newhosting.intellijam.com\/prodotto\/nastro-biadesivo-in-schiuma-3m-9528\/"},"modified":"2025-11-26T12:06:23","modified_gmt":"2025-11-26T11:06:23","slug":"nastro-biadesivo-in-schiuma-3m-9528","status":"publish","type":"product","link":"https:\/\/finatsrl.it\/fr\/product\/nastro-biadesivo-in-schiuma-3m-9528\/","title":{"rendered":"Nastro biadesivo in schiuma 3M 9528"},"content":{"rendered":"<div class=\"product-bullet-block\">\n<div class=\"bullet n1\">Schiuma di polietilene biadesiva a cellule chiuse, dello spessore di 0,8 mm, dotata di un adesivo a base di gomma resina<\/div>\n<div class=\"bullet n2\">Utilizzabile per applicazioni a prestazioni ridotte<\/div>\n<div class=\"bullet n3\">Utilizzabile per l&rsquo;assemblaggio di insegne (POS), stemmi leggeri, targhe e per altre applicazioni<\/div>\n<div class=\"bullet n4\">Aderisce su poster, insegne, targhe e parti in plastica e campionari<\/div>\n<div class=\"bullet n5\"><\/div>\n<div class=\"bullet n6\"><\/div>\n<div class=\"bullet n7\"><\/div>\n<\/div>\n<div class=\"product-description-block\">\n<div class=\"short\">Il nastro biadesivo in schiuma di polietilene 3M 9528 \u00e8 la nostra schiuma di polietilene biadesiva a cellule chiuse, dello spessore di 0,8 mm, dotata di un adesivo in gomma resina. \u00c8 un adesivo a tenuta elevata adatto per le applicazioni a prestazioni ridotte.<\/div>\n<div class=\"extended\">Il nastro biadesivo in schiuma di polietilene 3M 9528 \u00e8 la nostra schiuma di polietilene biadesiva a cellule chiuse, dello spessore di 0,8 mm e della densit\u00e0 di 95 kg\/m\u00b3, dotata di un adesivo in gomma resina. \u00c8 un adesivo a tenuta elevata adatto per le applicazioni a prestazioni ridotte.<\/div>\n<\/div>\n","protected":false},"excerpt":{"rendered":"<p>Il nastro biadesivo in schiuma di polietilene 3M 9528 \u00e8 la nostra schiuma di polietilene biadesiva a cellule chiuse, dello spessore di 0,8 mm, dotata di un adesivo in gomma resina. \u00c8 un adesivo a tenuta elevata adatto per le applicazioni a prestazioni ridotte.<\/p>\n","protected":false},"featured_media":8564,"template":"","meta":{"_acf_changed":false},"product_brand":[3337],"product_cat":[29,269],"product_tag":[1290,1291],"class_list":{"0":"post-11120","1":"product","2":"type-product","3":"status-publish","4":"has-post-thumbnail","6":"product_brand-3m","7":"product_cat-adesivi-e-nastri-industriali","8":"product_cat-nastri-in-schiuma","9":"product_tag-nastro-biadesivo-in-schiuma","10":"product_tag-nastro-schiuma-acrilica","11":"pa_colore-bianco","13":"first","14":"instock","15":"product-type-simple"},"acf":{"short_description":"Il nastro biadesivo in schiuma 3M 9528 \u00e8 progettato per garantire una adesione potente e duratura. Perfetto per applicazioni industriali, resiste a condizioni estreme.","long_description":"<p>Il nastro biadesivo in schiuma 3M 9528 \u00e8 un prodotto di alta qualit\u00e0, progettato per soddisfare le esigenze delle applicazioni industriali pi\u00f9 esigenti. Questa soluzione offre una straordinaria adesione iniziale, combinata con una resistenza eccellente nel tempo, rendendolo ideale per una vasta gamma di utilizzi. Realizzato con una schiuma acrilica di alta densit\u00e0, questo nastro \u00e8 in grado di resistere a temperature elevate e a condizioni ambientali difficili, garantendo prestazioni ottimali anche in situazioni estreme.<\/p>\n<p>Il nastro biadesivo 3M 9528 \u00e8 adatto per l'uso su diverse superfici, tra cui metallo, plastica e vetro, permettendo un'adesione sicura e durevole. La sua versatilit\u00e0 lo rende perfetto per applicazioni che richiedono una tenuta forte, come il montaggio di pannelli, l'assemblaggio di componenti elettronici e la fissazione di materiali isolanti. Inoltre, la schiuma utilizzata nella sua composizione funge da ammortizzatore, riducendo il rischio di danneggiamento delle superfici durante l'applicazione.<\/p>\n<p>Con una larghezza di 12 mm e una lunghezza di 33 metri, questo nastro \u00e8 facile da utilizzare e tagliare secondo le necessit\u00e0. La sua capacit\u00e0 di assorbire vibrazioni e urti lo rende particolarmente adatto per applicazioni che richiedono una protezione extra. Infine, il nastro biadesivo in schiuma 3M 9528 \u00e8 resistente all'umidit\u00e0 e ai solventi, garantendo una performance costante in ambienti critici. Scegli il nastro biadesivo in schiuma 3M 9528 per le tue soluzioni industriali e scopri la differenza che una qualit\u00e0 superiore pu\u00f2 fare.<\/p>","feature_1":"Adesione potente e duratura su varie superfici","feature_2":"Realizzato in schiuma acrilica ad alta densit\u00e0","feature_3":"Resistente a temperature estreme da -40 a +120\u00b0C","feature_4":"Facile da applicare e tagliare secondo necessit\u00e0","feature_5":"Ottima capacit\u00e0 di assorbimento delle vibrazioni","feature_6":"Resistente all'umidit\u00e0 e ai solventi","feature_7":"Dimensioni: 12 mm di larghezza e 33 metri di lunghezza","feature_8":"Comportamento eccellente in condizioni ambientali difficili","feature_9":"Ideale per montaggio di pannelli e assemblaggio di componenti","feature_10":"Certificato per applicazioni industriali di alta qualit\u00e0"},"_links":{"self":[{"href":"https:\/\/finatsrl.it\/fr\/wp-json\/wp\/v2\/product\/11120","targetHints":{"allow":["GET"]}}],"collection":[{"href":"https:\/\/finatsrl.it\/fr\/wp-json\/wp\/v2\/product"}],"about":[{"href":"https:\/\/finatsrl.it\/fr\/wp-json\/wp\/v2\/types\/product"}],"wp:featuredmedia":[{"embeddable":true,"href":"https:\/\/finatsrl.it\/fr\/wp-json\/wp\/v2\/media\/8564"}],"wp:attachment":[{"href":"https:\/\/finatsrl.it\/fr\/wp-json\/wp\/v2\/media?parent=11120"}],"wp:term":[{"taxonomy":"product_brand","embeddable":true,"href":"https:\/\/finatsrl.it\/fr\/wp-json\/wp\/v2\/product_brand?post=11120"},{"taxonomy":"product_cat","embeddable":true,"href":"https:\/\/finatsrl.it\/fr\/wp-json\/wp\/v2\/product_cat?post=11120"},{"taxonomy":"product_tag","embeddable":true,"href":"https:\/\/finatsrl.it\/fr\/wp-json\/wp\/v2\/product_tag?post=11120"}],"curies":[{"name":"wp","href":"https:\/\/api.w.org\/{rel}","templated":true}]}}