{"id":11099,"date":"2025-01-27T15:46:54","date_gmt":"2025-01-27T14:46:54","guid":{"rendered":"https:\/\/finatnew.newhosting.intellijam.com\/prodotto\/nastro-biadesivo-in-schiuma-3m-9536\/"},"modified":"2025-05-07T14:53:55","modified_gmt":"2025-05-07T12:53:55","slug":"nastro-biadesivo-in-schiuma-3m-9536","status":"publish","type":"product","link":"https:\/\/finatsrl.it\/fr\/product\/nastro-biadesivo-in-schiuma-3m-9536\/","title":{"rendered":"Nastro biadesivo in schiuma 3M 9536"},"content":{"rendered":"<div class=\"product-bullet-block\">\n<div class=\"bullet n1\">Colore bianco, spessore 1mm, nastro in schiuma polietilenica con adesivo in gomma resina<\/div>\n<div class=\"bullet n2\">Incolla e unisce un elevato numero di materiali<\/div>\n<div class=\"bullet n3\">Si fissa a una vasta gamma di materiali, tra cui i substrati apolari<\/div>\n<div class=\"bullet n4\">Utilizzabile con temperature comprese tra -40 \u00b0C e 80 \u00b0C<\/div>\n<div class=\"bullet n5\"><\/div>\n<div class=\"bullet n6\"><\/div>\n<div class=\"bullet n7\"><\/div>\n<\/div>\n<div class=\"product-description-block\">\n<div class=\"short\">Il nastro biadesivo in schiuma 3M 9536 \u00e8 un nastro bianco, dello spessore di 1,0 mm, rivestito su entrambi i lati da un adesivo a base di gomma resina.<\/div>\n<div class=\"extended\">Fissa una vasta gamma di materiali con il nastro biadesivo in schiuma 3M 9536. Il nostro nastro versatile bianco consiste in una schiuma di polietilene rivestita su entrambi i lati da un adesivo a base di gomma resina. Adatto per superfici da lisce a leggermente ruvide. Questo prodotto \u00e8 un nastro in schiuma di polietilene a cellule chiuse della densit\u00e0 di 58 kg\/m\u00b3, progettato principalmente per le applicazioni al chiuso e caratterizzato da un&rsquo;ampia tolleranza per quanto riguarda le temperature, che possono essere comprese tra -40 \u00b0C e 80 \u00b0C. ;;Questo nastro biadesivo in schiuma con adesivo acrilato \u00e8 caratterizzato da un&rsquo;alta adesivit\u00e0 ed \u00e8 perfetto per le operazioni generiche di montaggio e giunzione. Aderisce bene ai substrati apolari e a molte altre superfici.<\/div>\n<\/div>\n","protected":false},"excerpt":{"rendered":"<p>Il nastro biadesivo in schiuma 3M 9536 \u00e8 un nastro bianco, dello spessore di 1,0 mm, rivestito su entrambi i lati da un adesivo a base di gomma resina.<\/p>\n","protected":false},"featured_media":8553,"template":"","meta":{"_acf_changed":false},"product_brand":[3337],"product_cat":[29,269],"product_tag":[1290,1291],"class_list":{"0":"post-11099","1":"product","2":"type-product","3":"status-publish","4":"has-post-thumbnail","6":"product_brand-3m","7":"product_cat-adesivi-e-nastri-industriali","8":"product_cat-nastri-in-schiuma","9":"product_tag-nastro-biadesivo-in-schiuma","10":"product_tag-nastro-schiuma-acrilica","11":"pa_colore-bianco","13":"first","14":"instock","15":"product-type-simple"},"acf":{"short_description":"","long_description":"","feature_1":"","feature_2":"","feature_3":"","feature_4":"","feature_5":"","feature_6":"","feature_7":"","feature_8":"","feature_9":"","feature_10":""},"_links":{"self":[{"href":"https:\/\/finatsrl.it\/fr\/wp-json\/wp\/v2\/product\/11099","targetHints":{"allow":["GET"]}}],"collection":[{"href":"https:\/\/finatsrl.it\/fr\/wp-json\/wp\/v2\/product"}],"about":[{"href":"https:\/\/finatsrl.it\/fr\/wp-json\/wp\/v2\/types\/product"}],"wp:featuredmedia":[{"embeddable":true,"href":"https:\/\/finatsrl.it\/fr\/wp-json\/wp\/v2\/media\/8553"}],"wp:attachment":[{"href":"https:\/\/finatsrl.it\/fr\/wp-json\/wp\/v2\/media?parent=11099"}],"wp:term":[{"taxonomy":"product_brand","embeddable":true,"href":"https:\/\/finatsrl.it\/fr\/wp-json\/wp\/v2\/product_brand?post=11099"},{"taxonomy":"product_cat","embeddable":true,"href":"https:\/\/finatsrl.it\/fr\/wp-json\/wp\/v2\/product_cat?post=11099"},{"taxonomy":"product_tag","embeddable":true,"href":"https:\/\/finatsrl.it\/fr\/wp-json\/wp\/v2\/product_tag?post=11099"}],"curies":[{"name":"wp","href":"https:\/\/api.w.org\/{rel}","templated":true}]}}