{"id":11085,"date":"2025-01-27T15:46:54","date_gmt":"2025-01-27T14:46:54","guid":{"rendered":"https:\/\/finatnew.newhosting.intellijam.com\/prodotto\/promotore-di-adesione-3m-111\/"},"modified":"2025-05-07T14:49:35","modified_gmt":"2025-05-07T12:49:35","slug":"promotore-di-adesione-3m-111","status":"publish","type":"product","link":"https:\/\/finatsrl.it\/fr\/product\/promotore-di-adesione-3m-111\/","title":{"rendered":"Promotore di adesione 3M 111"},"content":{"rendered":"<div class=\"product-bullet-block\">\n<div class=\"bullet n1\">Promotore di adesione a base di alcol<\/div>\n<div class=\"bullet n2\">Maggiore forza di adesione del nastro sia con temperature normali che basse<\/div>\n<div class=\"bullet n3\">Utilizzabile su numerosi substrati verniciati e in metallo<\/div>\n<div class=\"bullet n4\">Trasparente una volta applicato<\/div>\n<div class=\"bullet n5\">Prima di ogni applicazione verificare le superfici e la formula delle vernici<\/div>\n<div class=\"bullet n6\"><\/div>\n<div class=\"bullet n7\"><\/div>\n<\/div>\n<div class=\"product-description-block\">\n<div class=\"short\">Il prodotto 3M AP111 \u00e8 il nostro promotore di adesione con alcol isopropilico da usare per favorire l&rsquo;adesione dei nastri 3M VHB. \u00c8 una soluzione in un solo passaggio per pulire e garantire un&rsquo;adesione migliore e pi\u00f9 rapida su superfici abbastanza pulite.<\/div>\n<div class=\"extended\">Ottieni un&rsquo;adesione migliore e pi\u00f9 rapida dei nastri 3M VHB con il promotore di adesione 3M AP111. Il nostro promotore di adesione a base di alcol \u00e8 una soluzione in un solo passaggio per la pulizia e il fissaggio su superfici abbastanza pulite e prive di cera, unto, olio e particelle depositate. Garantisce una maggiore promozione di adesione del nastro sia con temperature normali che basse. Consente ai nastri 3M VHB di aderire a vari metalli, all&rsquo;acciaio zincato e alle superfici verniciate. Dato che le superfici e la formula delle vernici varia notevolmente, ogni applicazione deve essere verificata con una serie di prove.<\/div>\n<\/div>\n","protected":false},"excerpt":{"rendered":"<p>Il prodotto 3M AP111 \u00e8 il nostro promotore di adesione con alcol isopropilico da usare per favorire l&rsquo;adesione dei nastri 3M VHB. \u00c8 una soluzione in un solo passaggio per pulire e garantire un&rsquo;adesione migliore e pi\u00f9 rapida su superfici abbastanza pulite.<\/p>\n","protected":false},"featured_media":8547,"template":"","meta":{"_acf_changed":false},"product_brand":[3337],"product_cat":[1053,1066],"product_tag":[1101],"class_list":{"0":"post-11085","1":"product","2":"type-product","3":"status-publish","4":"has-post-thumbnail","6":"product_brand-3m","7":"product_cat-industrial-adhesives-tapes-fr","8":"product_cat-foam-tapes-fr","9":"product_tag-nastro-biadesivo","11":"first","12":"instock","13":"product-type-simple"},"acf":{"short_description":"","long_description":"","feature_1":"","feature_2":"","feature_3":"","feature_4":"","feature_5":"","feature_6":"","feature_7":"","feature_8":"","feature_9":"","feature_10":""},"_links":{"self":[{"href":"https:\/\/finatsrl.it\/fr\/wp-json\/wp\/v2\/product\/11085","targetHints":{"allow":["GET"]}}],"collection":[{"href":"https:\/\/finatsrl.it\/fr\/wp-json\/wp\/v2\/product"}],"about":[{"href":"https:\/\/finatsrl.it\/fr\/wp-json\/wp\/v2\/types\/product"}],"wp:featuredmedia":[{"embeddable":true,"href":"https:\/\/finatsrl.it\/fr\/wp-json\/wp\/v2\/media\/8547"}],"wp:attachment":[{"href":"https:\/\/finatsrl.it\/fr\/wp-json\/wp\/v2\/media?parent=11085"}],"wp:term":[{"taxonomy":"product_brand","embeddable":true,"href":"https:\/\/finatsrl.it\/fr\/wp-json\/wp\/v2\/product_brand?post=11085"},{"taxonomy":"product_cat","embeddable":true,"href":"https:\/\/finatsrl.it\/fr\/wp-json\/wp\/v2\/product_cat?post=11085"},{"taxonomy":"product_tag","embeddable":true,"href":"https:\/\/finatsrl.it\/fr\/wp-json\/wp\/v2\/product_tag?post=11085"}],"curies":[{"name":"wp","href":"https:\/\/api.w.org\/{rel}","templated":true}]}}