{"id":11083,"date":"2025-02-01T10:31:56","date_gmt":"2025-02-01T09:31:56","guid":{"rendered":"https:\/\/finatnew.newhosting.intellijam.com\/prodotto\/nastro-per-rivestimento-strutturale-in-metallo-3m-vhb-w20f\/"},"modified":"2025-02-18T10:49:00","modified_gmt":"2025-02-18T09:49:00","slug":"nastro-per-rivestimento-strutturale-in-metallo-3m-vhb-w20f","status":"publish","type":"product","link":"https:\/\/finatsrl.it\/fr\/product\/nastro-per-rivestimento-strutturale-in-metallo-3m-vhb-w20f\/","title":{"rendered":"Nastro per rivestimento strutturale in metallo 3M VHB W20F"},"content":{"rendered":"<div class=\"product-bullet-block\">\n<div class=\"bullet n1\">Un metodo di incollaggio semplice e veloce che fornisce un&rsquo;elevata resistenza e una lunga durabilit\u00e0<\/div>\n<div class=\"bullet n2\">L&rsquo;adesivo sensibile alla pressione si fissa con il semplice contatto, garantendo un&rsquo;adesione immediata e a forte tenuta<\/div>\n<div class=\"bullet n3\">Il fissaggio praticamente invisibile preserva l&rsquo;uniformit\u00e0 delle superfici<\/div>\n<div class=\"bullet n4\">Nastro bianco, dello spessore di 2,0 mm, a prestazioni elevate, biadesivo, sensibile alla pressione, in schiuma acrilica<\/div>\n<div class=\"bullet n5\">Pu\u00f2 sostituire i sistemi di fissaggio meccanici (rivetti, saldature, viti) e gli adesivi liquidi, eliminando la necessit\u00e0 di trapanare, levigare, rifinire, avvitare, saldare e pulire<\/div>\n<div class=\"bullet n6\">La capacit\u00e0 di assorbimento delle sollecitazioni riduce la vibrazione e la sollecitazione d&rsquo;urto<\/div>\n<div class=\"bullet n7\">Crea un isolamento permanente da acqua, umidit\u00e0 e altri agenti<\/div>\n<\/div>\n<div class=\"product-description-block\">\n<div class=\"short\">Il nostro nastro strutturale di rivestimento dei metalli 3M VHB W20F \u00e8 un nastro bianco, dello spessore di 2 mm, robusto, a prestazioni elevate, biadesivo, sensibile alla pressione, in schiuma acrilica. \u00c8 ideale per il fissaggio di pannelli architettonici in metallo.<\/div>\n<div class=\"extended\">Il nastro strutturale di rivestimento dei metalli 3M VHB W20F \u00e8 il nostro nastro a prestazioni elevate biadesivo, sensibile alla pressione, in schiuma acrilica. Si usa per applicare lamine metalliche su telai in metallo nei sistemi di muri di partizione, per facciate e per sostituire i dispositivi di fissaggio meccanici di uso comune, le guarnizioni o i sigillanti strutturali siliconici. Le prestazioni delle applicazioni e i risultati delle prove dimostrano l&rsquo;eccezionale robustezza e resistenza alle temperature elevate della composizione chimica della schiuma acrilica 3M VHB. Ogni applicazione con nastro strutturale di rivestimento dei metalli 3M VHB verr\u00e0 esaminata su una base specifica per progetto. Le linee guida dell&rsquo;applicazione si baseranno sui risultati delle prove di adesivit\u00e0 effettuate dall&rsquo;application engineer di 3M. Tali linee guida specifiche per progetto saranno fornite al cliente e dovranno essere seguite durante il processo di fissaggio. Nastro in schiuma non tradizionale I nastri VHB, inventati da 3M nel 1980, sono stati i primi del loro genere. Questi esclusivi nastri uniscono la conformabilit\u00e0 a un fissaggio resistente permanente. Il risultato \u00e8 una famiglia di nastri estremamente resistenti, in grado di aderire a una vasta gamma di substrati. Il nastro 3M VHB \u00e8 un&rsquo;alternativa collaudata a viti, rivetti, saldature e altri metodi di fissaggio meccanico. Facciate continue, smartphone, segnaletica stradale, frigoriferi, finestre di design e altro ancora: il nastro VHB \u00e8 ideale per tutte queste applicazioni in una o pi\u00f9 fasi del processo di assemblaggio, montaggio, fissaggio e sigillatura. Questo nastro sicuro e affidabile offre un fissaggio uniforme, un&rsquo;eccezionale robustezza e un&rsquo;ottima resistenza a solventi e umidit\u00e0. 3M garantisce supporto per tutti i propri prodotti ed \u00e8 a disposizione per un aiuto specifico o per consigli sulle applicazioni se necessario. Affidabilit\u00e0 comprovata dei nastri 3M VHB Il nastro 3M VHB offre un fissaggio resistente e altri vantaggi che i fissaggi meccanici non possono garantire. Questo nastro migliora l&rsquo;aspetto dei prodotti finiti eliminando rivetti e viti e offrendo al tempo stesso la possibilit\u00e0 di movimentare immediatamente il prodotto assemblato. Nella maggior parte dei casi, il fissaggio con nastri 3M VHB consente un processo pi\u00f9 rapido del fissare con metodi meccanici o usare un adesivo liquido. Questa linea versatile di nastri pu\u00f2 essere usata in interno o esterno e in varie applicazioni, tra cui l&rsquo;assemblaggio di finestre, porte e insegne e in applicazioni per i settori dell&rsquo;elettronica, delle costruzioni e di molte altre applicazioni industriali. Il nastro 3M VHB \u00e8 resistente alle sostanze chimiche, non \u00e8 soggetto a variazioni dovute ai raggi UV o al variare della temperatura ed \u00e8 in grado di tollerare il caldo di Dubai e il freddo del Canada. L&rsquo;esclusiva composizione chimica dell&rsquo;adesivo acrilico \u00e8 particolarmente robusta, non si altera nel tempo e rende quindi questo prodotto un nastro duraturo e forte su cui fare affidamento. Far emergere idee migliori grazie alla scienza e all&rsquo;innovazione La divisione 3M Industrial Adhesives and Tapes applica la conoscenza scientifica dell&rsquo;adesivit\u00e0 per offrire soluzioni innovative che migliorano i processi aziendali di design e produzione in tutto il mondo. Le tecnologie 3M aiutano i clienti a portare sul mercato prodotti competitivi in modo pi\u00f9 efficiente e rapido.<\/div>\n<\/div>\n","protected":false},"excerpt":{"rendered":"<p>Il nostro nastro strutturale di rivestimento dei metalli 3M VHB W20F \u00e8 un nastro bianco, dello spessore di 2 mm, robusto, a prestazioni elevate, biadesivo, sensibile alla pressione, in schiuma acrilica. \u00c8 ideale per il fissaggio di pannelli architettonici in metallo.<\/p>\n","protected":false},"featured_media":12648,"template":"","meta":{"_acf_changed":false},"product_brand":[3360],"product_cat":[1052,1067],"product_tag":[3824],"class_list":{"0":"post-11083","1":"product","2":"type-product","3":"status-publish","4":"has-post-thumbnail","6":"product_brand-vhb","7":"product_cat-industrial-adhesives-tapes-de","8":"product_cat-foam-tapes-de","9":"product_tag-nastro-biadesivonastro-vhbtenuta-strutturale-vhbadesivo-strutturaleadesivo-strutturale-vhb","10":"pa_colore-bianco","12":"first","13":"instock","14":"product-type-simple"},"acf":{"short_description":"","long_description":"","feature_1":"","feature_2":"","feature_3":"","feature_4":"","feature_5":"","feature_6":"","feature_7":"","feature_8":"","feature_9":"","feature_10":""},"_links":{"self":[{"href":"https:\/\/finatsrl.it\/fr\/wp-json\/wp\/v2\/product\/11083","targetHints":{"allow":["GET"]}}],"collection":[{"href":"https:\/\/finatsrl.it\/fr\/wp-json\/wp\/v2\/product"}],"about":[{"href":"https:\/\/finatsrl.it\/fr\/wp-json\/wp\/v2\/types\/product"}],"wp:featuredmedia":[{"embeddable":true,"href":"https:\/\/finatsrl.it\/fr\/wp-json\/wp\/v2\/media\/12648"}],"wp:attachment":[{"href":"https:\/\/finatsrl.it\/fr\/wp-json\/wp\/v2\/media?parent=11083"}],"wp:term":[{"taxonomy":"product_brand","embeddable":true,"href":"https:\/\/finatsrl.it\/fr\/wp-json\/wp\/v2\/product_brand?post=11083"},{"taxonomy":"product_cat","embeddable":true,"href":"https:\/\/finatsrl.it\/fr\/wp-json\/wp\/v2\/product_cat?post=11083"},{"taxonomy":"product_tag","embeddable":true,"href":"https:\/\/finatsrl.it\/fr\/wp-json\/wp\/v2\/product_tag?post=11083"}],"curies":[{"name":"wp","href":"https:\/\/api.w.org\/{rel}","templated":true}]}}