{"id":11073,"date":"2025-01-27T15:46:54","date_gmt":"2025-01-27T14:46:54","guid":{"rendered":"https:\/\/finatnew.newhosting.intellijam.com\/prodotto\/nastro-sigillante-3m-extreme-sealing-4411b\/"},"modified":"2025-05-07T14:39:32","modified_gmt":"2025-05-07T12:39:32","slug":"nastro-sigillante-3m-extreme-sealing-4411b","status":"publish","type":"product","link":"https:\/\/finatsrl.it\/fr\/product\/nastro-sigillante-3m-extreme-sealing-4411b\/","title":{"rendered":"Nastro sigillante 3M Extreme Sealing 4411B"},"content":{"rendered":"<div class=\"product-bullet-block\">\n<div class=\"bullet n1\">Ottima resistenza a numerosi solventi industriali comuni, oltre che all&rsquo;esposizione a temperature elevate<\/div>\n<div class=\"bullet n2\">Questo adesivo colloso fa presa con il contatto, per un fissaggio immediato senza tempo di asciugatura, senza colare e senza la necessit\u00e0 di pulire<\/div>\n<div class=\"bullet n3\">Questo nastro nero, dello spessore di 2,0 mm, conformabile, forma un isolamento efficace di profili, bordi irregolari, inclusi rivetti e bulloni<\/div>\n<div class=\"bullet n4\">Il robusto supporto ionomerico resiste all&rsquo;esposizione ai raggi UV e agli agenti chimici<\/div>\n<div class=\"bullet n5\">Il supporto pu\u00f2 essere verniciato e garantisce un aspetto pulito<\/div>\n<div class=\"bullet n6\">Sigilla giunzioni o infiltrazioni<\/div>\n<div class=\"bullet n7\">Risultati di sigillatura professionali anche all&rsquo;aperto<\/div>\n<\/div>\n<div class=\"product-description-block\">\n<div class=\"short\">Il nastro Extreme Sealing Tape 3M 4411B \u00e8 un nastro acrilico nero, dello spessore di 1 mm, altamente conformabile, monoadesivo, dotato di un supporto ionomerico a prestazioni elevate. Il nostro nastro \u00e8 appositamente progettato per offrirti una tenuta professionale su giunzioni o infiltrazioni esistenti esposte alla luce solare diretta, ma anche a picchi di temperatura e umidit\u00e0.<\/div>\n<div class=\"extended\">Il nastro Extreme Sealing Tape 3M 4411B \u00e8 la soluzione ideale per fissare in modo ermetico i tettucci alle modanature e per sigillare la zona circostante i dispositivi di fissaggio meccanico sui tettucci dei veicoli commerciali. Il nostro nastro elimina la necessit\u00e0 di grandi quantit\u00e0 di sigillanti liquidi. \u00c8 particolarmente adesivo e soddisfa le esigenze di una vasta gamma di applicazioni di sigillatura difficili. Poich\u00e9 \u00e8 un nastro monoadesivo, la sigillatura avviene \u00ab\u00a0sigillando\u00a0\u00bb una giunzione o infiltrazione esistente, al contrario di ci\u00f2 che avviene nelle applicazioni di interposizione di uno strato sigillante tra due superfici, eseguite con nastri biadesivi, guarnizioni o sigillanti\/adesivi liquidi. L&rsquo;adesivo acrilico utilizzato per questo prodotto \u00e8 realizzato con la stessa tecnologia dei nastri 3M VHB. Questo nastro adesivo sensibile alla pressione offre prestazioni eccezionali. Il supporto in pellicola ionomerica \u00e8 particolarmente robusto, ma flessibile e resistente alle abrasioni nello stesso tempo. \u00c8 conformabile e crea quindi un isolamento efficace di profili, bordi, rivetti e teste di viti. Lo spesso adesivo acrilico \u00e8 molto morbido e vanta ottime propriet\u00e0 isolanti, oltre a una buona resistenza all&rsquo;esterno. \u00c8 progettato per fissarsi saldamente alla pellicola ionomerica. In questo modo, si possono sovrapporre giunzioni di nastro senza rinunciare a una tenuta forte ed efficace. Questo nastro crea un isolamento resistente all&rsquo;acqua e aderisce al contatto con numerosi substrati senza tempo di asciugatura, senza gocciolare, colare e senza la necessit\u00e0 di pulire. Si adatta a profili, bordi, rivetti e teste di viti. Il nastro Extreme Sealing Tape 3M pu\u00f2 essere verniciato nella stessa tonalit\u00e0 delle superfici adiacenti e garantisce una tenuta sicura con il sole, la pioggia, la neve e le temperature estreme. Cosa sono i ionomeri? I ionomeri possono essere costituiti da una qualsiasi categoria di materiali polimerici formati da resine termoplastiche stabilizzate tramite reticolazione ionica. Le applicazioni commerciali dei ionomeri includono, tra l&rsquo;altro, il rivestimento delle palline da golf, le membrane semi-permeabili, i nastri sigillanti e gli elastomeri termoplastici.<\/div>\n<\/div>\n","protected":false},"excerpt":{"rendered":"<p>Il nastro Extreme Sealing Tape 3M 4411B \u00e8 un nastro acrilico nero, dello spessore di 1 mm, altamente conformabile, monoadesivo, dotato di un supporto ionomerico a prestazioni elevate. Il nostro nastro \u00e8 appositamente progettato per offrirti una tenuta professionale su giunzioni o infiltrazioni esistenti esposte alla luce solare diretta, ma anche a picchi di temperatura e umidit\u00e0.<\/p>\n","protected":false},"featured_media":8539,"template":"","meta":{"_acf_changed":false},"product_brand":[3337],"product_cat":[29,269],"product_tag":[3338,3622,3514,3624,3623,3340,1664,1492,1707,2760,1497,2469,2737,2769,1499,1494,1500,1732,2774,2773,1735,1502,2770,2302,2762,1474,1503,1504,2772,2767,6681,2763,2780,2764,2776,2781,1998,2775,2752,2766,2771,2768,2739,2779,1495,1784,2757],"class_list":{"0":"post-11073","1":"product","2":"type-product","3":"status-publish","4":"has-post-thumbnail","6":"product_brand-3m","7":"product_cat-adesivi-e-nastri-industriali","8":"product_cat-nastri-in-schiuma","9":"product_tag-3m","10":"product_tag-4411b","11":"product_tag-adesione-forte","12":"product_tag-adesivo-morbido","13":"product_tag-adesivo-senza-asciugatura","14":"product_tag-aerospaziale","15":"product_tag-applicazioni-esterne","16":"product_tag-automotive","17":"product_tag-design-e-edilizia","18":"product_tag-edilizia-e-costruzioni","19":"product_tag-elettrodomestici","20":"product_tag-esterni","21":"product_tag-extreme-sealing-tape","22":"product_tag-fissaggio-ermetico","23":"product_tag-incollaggio-e-assemblaggio","24":"product_tag-industria","25":"product_tag-industria-pesante","26":"product_tag-interni","27":"product_tag-isolamento-bordi","28":"product_tag-isolamento-profili","29":"product_tag-marine","30":"product_tag-meccanica-e-metallurgia","31":"product_tag-modanature-tettucci","32":"product_tag-nastro-acrilico","33":"product_tag-nastro-nero","34":"product_tag-nastro-sigillante","35":"product_tag-oem-e-tier","36":"product_tag-personalizzazione-autoveicoli","37":"product_tag-pressione-adesiva","38":"product_tag-professionale","39":"product_tag-proprieta-isolanti","40":"product_tag-resistente-a-solventi","41":"product_tag-resistente-allacqua","42":"product_tag-resistenza-a-temperature-elevate","43":"product_tag-resistenza-abrasioni","44":"product_tag-resistenza-agenti-atmosferici","45":"product_tag-resistenza-uv","46":"product_tag-rivetti-e-bulloni","47":"product_tag-robusto-e-flessibile","48":"product_tag-senza-colare","49":"product_tag-sigillatura-difficile","50":"product_tag-sigillatura-efficace","51":"product_tag-supporto-ionomerico","52":"product_tag-tenuta-forte","53":"product_tag-trasporti","54":"product_tag-veicoli-commerciali","55":"product_tag-verniciabile","56":"pa_colore-nero","58":"first","59":"instock","60":"product-type-simple"},"acf":{"short_description":"","long_description":"","feature_1":"","feature_2":"","feature_3":"","feature_4":"","feature_5":"","feature_6":"","feature_7":"","feature_8":"","feature_9":"","feature_10":""},"_links":{"self":[{"href":"https:\/\/finatsrl.it\/fr\/wp-json\/wp\/v2\/product\/11073","targetHints":{"allow":["GET"]}}],"collection":[{"href":"https:\/\/finatsrl.it\/fr\/wp-json\/wp\/v2\/product"}],"about":[{"href":"https:\/\/finatsrl.it\/fr\/wp-json\/wp\/v2\/types\/product"}],"wp:featuredmedia":[{"embeddable":true,"href":"https:\/\/finatsrl.it\/fr\/wp-json\/wp\/v2\/media\/8539"}],"wp:attachment":[{"href":"https:\/\/finatsrl.it\/fr\/wp-json\/wp\/v2\/media?parent=11073"}],"wp:term":[{"taxonomy":"product_brand","embeddable":true,"href":"https:\/\/finatsrl.it\/fr\/wp-json\/wp\/v2\/product_brand?post=11073"},{"taxonomy":"product_cat","embeddable":true,"href":"https:\/\/finatsrl.it\/fr\/wp-json\/wp\/v2\/product_cat?post=11073"},{"taxonomy":"product_tag","embeddable":true,"href":"https:\/\/finatsrl.it\/fr\/wp-json\/wp\/v2\/product_tag?post=11073"}],"curies":[{"name":"wp","href":"https:\/\/api.w.org\/{rel}","templated":true}]}}