{"id":11019,"date":"2025-01-27T15:46:23","date_gmt":"2025-01-27T14:46:23","guid":{"rendered":"https:\/\/finatnew.newhosting.intellijam.com\/prodotto\/adesivo-3m-scotch-weld-pur-te200\/"},"modified":"2025-05-07T17:11:54","modified_gmt":"2025-05-07T15:11:54","slug":"adesivo-3m-scotch-weld-pur-te200","status":"publish","type":"product","link":"https:\/\/finatsrl.it\/fr\/product\/adesivo-3m-scotch-weld-pur-te200\/","title":{"rendered":"Adesivo 3M Scotch-Weld PUR TE200"},"content":{"rendered":"<div class=\"product-bullet-block\">\n<div class=\"bullet n1\">Tempo di assestamento rapido.<\/div>\n<div class=\"bullet n2\">Linee di incollaggio sottili per il legno e specifiche plastiche.<\/div>\n<div class=\"bullet n3\">Incolla vari materiali, inclusi legno e molte plastiche<\/div>\n<div class=\"bullet n4\">Formula 100% di solidi, senza COV<\/div>\n<div class=\"bullet n5\"><\/div>\n<div class=\"bullet n6\"><\/div>\n<div class=\"bullet n7\"><\/div>\n<\/div>\n<div class=\"product-description-block\">\n<div class=\"short\">L&rsquo;adesivo 3M Scotch-Weld PUR Easy TE200 \u00e8 un adesivo strutturale monocomponente, composto al 100% da parti solide, con polimerizzazione a umido, per il fissaggio del legno e di specifiche plastiche.<\/div>\n<div class=\"extended\">L&rsquo;adesivo 3M Scotch-Weld PUR Easy TE200 \u00e8 un adesivo con tempo di assestamento medio, a bassa viscosit\u00e0, ed \u00e8 in grado di creare linee di incollaggio estremamente sottili. Contiene un indicatore di UV per i controlli di qualit\u00e0. Erogato tramite l&rsquo;applicatore PUR Easy 250.<\/div>\n<\/div>\n","protected":false},"excerpt":{"rendered":"<p>L&rsquo;adesivo 3M Scotch-Weld PUR Easy TE200 \u00e8 un adesivo strutturale monocomponente, composto al 100% da parti solide, con polimerizzazione a umido, per il fissaggio del legno e di specifiche plastiche.<\/p>\n","protected":false},"featured_media":8513,"template":"","meta":{"_acf_changed":false},"product_brand":[3346],"product_cat":[29,288],"product_tag":[3338,3613,6682,3601,3604,3615,3557,3608,3609,3617,3607,3600,3448,3612,3610,3611,3605,3490,3606,3602,3614,3347,3616,2731,1112],"class_list":{"0":"post-11019","1":"product","2":"type-product","3":"status-publish","4":"has-post-thumbnail","6":"product_brand-scotch-weld","7":"product_cat-adesivi-e-nastri-industriali","8":"product_cat-adesivi-strutturali","9":"product_tag-3m","10":"product_tag-adesivo-100-solidi","11":"product_tag-adesivo-a-bassa-viscosita","12":"product_tag-adesivo-a-polimerizzazione-umida","13":"product_tag-adesivo-con-indicatore-uv","14":"product_tag-adesivo-con-tempo-di-assestamento-medio","15":"product_tag-adesivo-monocomponente","16":"product_tag-adesivo-per-elettronica","17":"product_tag-adesivo-per-energia","18":"product_tag-adesivo-per-incollare-vari-materiali","19":"product_tag-adesivo-per-lindustria-automobilistica","20":"product_tag-adesivo-per-legno","21":"product_tag-adesivo-per-plastiche","22":"product_tag-adesivo-per-produzione-industriale","23":"product_tag-adesivo-per-settori-industriali","24":"product_tag-adesivo-per-trasporti","25":"product_tag-adesivo-pur","26":"product_tag-adesivo-rapido","27":"product_tag-adesivo-scotch-weld","28":"product_tag-adesivo-senza-cov","29":"product_tag-adesivo-senza-solventi","30":"product_tag-adesivo-strutturale","31":"product_tag-applicatore-pur-easy-250","32":"product_tag-fissaggio-legno-plastica","33":"product_tag-poliuretano-reattivo","34":"pa_colore-bianco","36":"first","37":"instock","38":"product-type-simple"},"acf":{"short_description":"","long_description":"","feature_1":"","feature_2":"","feature_3":"","feature_4":"","feature_5":"","feature_6":"","feature_7":"","feature_8":"","feature_9":"","feature_10":""},"_links":{"self":[{"href":"https:\/\/finatsrl.it\/fr\/wp-json\/wp\/v2\/product\/11019","targetHints":{"allow":["GET"]}}],"collection":[{"href":"https:\/\/finatsrl.it\/fr\/wp-json\/wp\/v2\/product"}],"about":[{"href":"https:\/\/finatsrl.it\/fr\/wp-json\/wp\/v2\/types\/product"}],"wp:featuredmedia":[{"embeddable":true,"href":"https:\/\/finatsrl.it\/fr\/wp-json\/wp\/v2\/media\/8513"}],"wp:attachment":[{"href":"https:\/\/finatsrl.it\/fr\/wp-json\/wp\/v2\/media?parent=11019"}],"wp:term":[{"taxonomy":"product_brand","embeddable":true,"href":"https:\/\/finatsrl.it\/fr\/wp-json\/wp\/v2\/product_brand?post=11019"},{"taxonomy":"product_cat","embeddable":true,"href":"https:\/\/finatsrl.it\/fr\/wp-json\/wp\/v2\/product_cat?post=11019"},{"taxonomy":"product_tag","embeddable":true,"href":"https:\/\/finatsrl.it\/fr\/wp-json\/wp\/v2\/product_tag?post=11019"}],"curies":[{"name":"wp","href":"https:\/\/api.w.org\/{rel}","templated":true}]}}