{"id":10984,"date":"2025-01-27T15:46:23","date_gmt":"2025-01-27T14:46:23","guid":{"rendered":"https:\/\/finatnew.newhosting.intellijam.com\/prodotto\/adesivo-poliuretanico-3m-scotch-weld-epx-dp609\/"},"modified":"2025-05-07T16:52:32","modified_gmt":"2025-05-07T14:52:32","slug":"adesivo-poliuretanico-3m-scotch-weld-epx-dp609","status":"publish","type":"product","link":"https:\/\/finatsrl.it\/fr\/product\/adesivo-poliuretanico-3m-scotch-weld-epx-dp609\/","title":{"rendered":"Adesivo poliuretanico 3M Scotch-Weld EPX DP609"},"content":{"rendered":"<div class=\"product-bullet-block\">\n<div class=\"bullet n1\">Flessibile e resistente anche sotto sforzo<\/div>\n<div class=\"bullet n2\">Si incolla a legno, materie plastiche e superfici metalliche verniciate o primerizzate<\/div>\n<div class=\"bullet n3\">Le propriet\u00e0 non-sag sono ideali per superfici verticali e applicazioni di riempimento<\/div>\n<div class=\"bullet n4\">Facile miscelazione ed erogazione, legami rigidi<\/div>\n<div class=\"bullet n5\">vita utile dai 7 ai 9 minuti, raggiunge la forza di manipolazione in circa 30 &#8211; 45 minuti<\/div>\n<div class=\"bullet n6\"><\/div>\n<div class=\"bullet n7\"><\/div>\n<\/div>\n<div class=\"product-description-block\">\n<div class=\"short\">L&rsquo;adesivo poliuretanico 3M Scotch-Weld EPX DP609 \u00e8 un adesivo strutturale flessibile a indurimento rapido con grande capacit\u00e0 di deformazione, elevata tenacit\u00e0 e resistenza in un ampio intervallo di temperature.<\/div>\n<div class=\"extended\">Adesivo epossidico flessibile bicomponente progettato per avere buona stabilit\u00e0 sotto carichi statici e dinamici (vibrazioni e urti). In particolare per materie plastiche e legno. vita utile breve.<\/div>\n<\/div>\n","protected":false},"excerpt":{"rendered":"<p>L&rsquo;adesivo poliuretanico 3M Scotch-Weld EPX DP609 \u00e8 un adesivo strutturale flessibile a indurimento rapido con grande capacit\u00e0 di deformazione, elevata tenacit\u00e0 e resistenza in un ampio intervallo di temperature.<\/p>\n","protected":false},"featured_media":8496,"template":"","meta":{"_acf_changed":false},"product_brand":[3346],"product_cat":[29,288],"product_tag":[1135,1136],"class_list":{"0":"post-10984","1":"product","2":"type-product","3":"status-publish","4":"has-post-thumbnail","6":"product_brand-scotch-weld","7":"product_cat-adesivi-e-nastri-industriali","8":"product_cat-adesivi-strutturali","9":"product_tag-bicomponente","10":"product_tag-strutturale","12":"first","13":"instock","14":"product-type-simple"},"acf":{"short_description":"","long_description":"","feature_1":"","feature_2":"","feature_3":"","feature_4":"","feature_5":"","feature_6":"","feature_7":"","feature_8":"","feature_9":"","feature_10":""},"_links":{"self":[{"href":"https:\/\/finatsrl.it\/fr\/wp-json\/wp\/v2\/product\/10984","targetHints":{"allow":["GET"]}}],"collection":[{"href":"https:\/\/finatsrl.it\/fr\/wp-json\/wp\/v2\/product"}],"about":[{"href":"https:\/\/finatsrl.it\/fr\/wp-json\/wp\/v2\/types\/product"}],"wp:featuredmedia":[{"embeddable":true,"href":"https:\/\/finatsrl.it\/fr\/wp-json\/wp\/v2\/media\/8496"}],"wp:attachment":[{"href":"https:\/\/finatsrl.it\/fr\/wp-json\/wp\/v2\/media?parent=10984"}],"wp:term":[{"taxonomy":"product_brand","embeddable":true,"href":"https:\/\/finatsrl.it\/fr\/wp-json\/wp\/v2\/product_brand?post=10984"},{"taxonomy":"product_cat","embeddable":true,"href":"https:\/\/finatsrl.it\/fr\/wp-json\/wp\/v2\/product_cat?post=10984"},{"taxonomy":"product_tag","embeddable":true,"href":"https:\/\/finatsrl.it\/fr\/wp-json\/wp\/v2\/product_tag?post=10984"}],"curies":[{"name":"wp","href":"https:\/\/api.w.org\/{rel}","templated":true}]}}